{"id":29477,"date":"2025-09-19T10:50:29","date_gmt":"2025-09-19T03:50:29","guid":{"rendered":"https:\/\/www.ishcmc.com\/?page_id=29477"},"modified":"2025-12-22T14:28:00","modified_gmt":"2025-12-22T07:28:00","slug":"parent-teacher-organization","status":"publish","type":"page","link":"https:\/\/www.ishcmc.com\/vi\/community\/parent-teacher-organization\/","title":{"rendered":"H\u1ed9i Ph\u1ee5 huynh &#8211; Gi\u00e1o vi\u00ean"},"content":{"rendered":"<div class=\"wpb-content-wrapper\"><p>[vc_row full_width=&#8221;stretch_row_content_no_spaces&#8221; css=&#8221;.vc_custom_1696496619855{background-image: url(https:\/\/www.ishcmc.com\/wp-content\/uploads\/sites\/4\/2023\/10\/Our-Parent-Community-e1696496577898.jpg?id=11920) !important;background-position: center !important;background-repeat: no-repeat !important;background-size: cover !important;}&#8221;][vc_column]\t\t<div class=\"ng-spacing \">\n\t\t\t<div class=\"ng-spacing-empty ng-spacing-md\" style=\"height: 450px\"><\/div>\n\t\t\t<div class=\"ng-spacing-empty ng-spacing-sm\" style=\"height: 300px\"><\/div>\n\t\t\t<div class=\"ng-spacing-empty ng-spacing-xs\" style=\"height: 214px\"><\/div>\n\t\t<\/div>\n\t[\/vc_column][\/vc_row][vc_row full_width=&#8221;stretch_row&#8221; content_placement=&#8221;middle&#8221; css=&#8221;.vc_custom_1650475801620{padding-top: 0px !important;padding-bottom: 0px !important;background-color: #005490 !important;}&#8221;][vc_column][vc_custom_heading text=&#8221;H\u1ed9i Ph\u1ee5 huynh &#8211; Gi\u00e1o vi\u00ean&#8221; font_container=&#8221;tag:h1|font_size:56px|text_align:center|color:%23ffffff|line_height:64px&#8221; use_theme_fonts=&#8221;yes&#8221; el_class=&#8221;top-heading&#8221;][\/vc_column][\/vc_row][vc_row][vc_column][vc_row_inner css=&#8221;.vc_custom_1754893324328{padding: 30px !important;background-color: #EFF9FE !important;border-radius: 10px !important;}&#8221;][vc_column_inner][vc_icon icon_fontawesome=&#8221;fas fa-quote-left&#8221; color=&#8221;custom&#8221; size=&#8221;xl&#8221; css=&#8221;.vc_custom_1747289610273{margin-top: 35px !important;}&#8221; custom_color=&#8221;#0094BB&#8221;][vc_custom_heading text=&#8221;Ch\u1ecdn tr\u01b0\u1eddng cho con c\u0169ng l\u00e0 ch\u1ecdn m\u1ed9t c\u1ed9ng \u0111\u1ed3ng \u0111\u1ed3ng h\u00e0nh c\u00f9ng gia \u0111\u00ecnh.&#8221; font_container=&#8221;tag:h2|font_size:50px|text_align:center|color:%23005490|line_height:50px&#8221; use_theme_fonts=&#8221;yes&#8221; css=&#8221;&#8221;][vc_icon icon_fontawesome=&#8221;fas fa-quote-right&#8221; color=&#8221;custom&#8221; size=&#8221;xl&#8221; align=&#8221;right&#8221; css=&#8221;&#8221; custom_color=&#8221;#0094BB&#8221;][\/vc_column_inner][\/vc_row_inner][\/vc_column][\/vc_row][vc_row][vc_column]\t\t<div class=\"ng-spacing \">\n\t\t\t<div class=\"ng-spacing-empty ng-spacing-md\" style=\"height: 96px\"><\/div>\n\t\t\t<div class=\"ng-spacing-empty ng-spacing-sm\" style=\"height: 96px\"><\/div>\n\t\t\t<div class=\"ng-spacing-empty ng-spacing-xs\" style=\"height: 48px\"><\/div>\n\t\t<\/div>\n\t[\/vc_column][\/vc_row][vc_row el_class=&#8221;ishcmc-container&#8221;][vc_column][vc_column_text]T\u1ed5 ch\u1ee9c Ph\u1ee5 huynh \u2013 Gi\u00e1o vi\u00ean (PTO) t\u1ea1i <a href=\"https:\/\/www.ishcmc.com\/vi\/\" target=\"_blank\" rel=\"noopener\">Tr\u01b0\u1eddng Qu\u1ed1c t\u1ebf Th\u00e0nh ph\u1ed1 H\u1ed3 Ch\u00ed Minh (ISHCMC)<\/a> lu\u00f4n \u0111\u1ed3ng h\u00e0nh t\u00edch c\u1ef1c trong \u0111\u1eddi s\u1ed1ng h\u1ecdc \u0111\u01b0\u1eddng, g\u00f3p ph\u1ea7n x\u00e2y d\u1ef1ng m\u1ed1i quan h\u1ec7 g\u1eafn k\u1ebft gi\u1eefa ph\u1ee5 huynh v\u00e0 nh\u00e0 tr\u01b0\u1eddng. PTO cam k\u1ebft h\u1ed7 tr\u1ee3 gi\u00e1o vi\u00ean, ph\u1ee5 huynh v\u00e0 h\u1ecdc sinh th\u00f4ng qua c\u00e1c ho\u1ea1t \u0111\u1ed9ng x\u00e3 h\u1ed9i v\u00e0 gi\u00e1o d\u1ee5c.<\/p>\n<p>PTO mang \u0111\u1ebfn cho t\u1ea5t c\u1ea3 ph\u1ee5 huynh c\u01a1 h\u1ed9i k\u1ebft n\u1ed1i, giao l\u01b0u v\u00e0 x\u00e2y d\u1ef1ng t\u00ecnh b\u1ea1n &#8211; m\u1ed9t y\u1ebfu t\u1ed1 quan tr\u1ecdng trong qu\u00e1 tr\u00ecnh th\u00edch nghi v\u1edbi m\u00f4i tr\u01b0\u1eddng m\u1edbi. T\u1ed5 ch\u1ee9c bao g\u1ed3m c\u1ea3 c\u00e1c ph\u1ee5 huynh \u0111\u01b0\u1ee3c b\u1ea7u ch\u1ecdn v\u00e0 \u0111\u1ea1i di\u1ec7n t\u1eeb \u0111\u1ed9i ng\u0169 gi\u00e1o vi\u00ean, c\u00f9ng chung m\u1ed9t m\u1ee5c ti\u00eau:[\/vc_column_text][\/vc_column][\/vc_row][vc_row][vc_column]\t\t<div class=\"nex-bodytext tpl_quote is-quote  \">\n\t\t\t\t\t\t\t<p class=\"nex-quote-icon\"><i class=\"fas fa-quote-left\" ><\/i><\/p>\n\t\t\t\t\t\t\t\t\t\t\t\t\t\t\t\t\t\t\t\t\t\t\t\t\t\t\t\t\n\t\t<\/div>\n\t[vc_custom_heading text=&#8221;K\u1ebft n\u1ed1i c\u00f9ng c\u1ed9ng \u0111\u1ed3ng ISHCMC th\u00f4ng qua \u0111\u1ed1i tho\u1ea1i v\u00e0 h\u1ee3p t\u00e1c.&#8221; font_container=&#8221;tag:p|font_size:26px|text_align:center|color:%23344054|line_height:32px&#8221; use_theme_fonts=&#8221;yes&#8221; css=&#8221;&#8221; el_class=&#8221;font-weight-bold&#8221;][\/vc_column][\/vc_row][vc_row][vc_column]\t\t<div class=\"ng-spacing \">\n\t\t\t<div class=\"ng-spacing-empty ng-spacing-md\" style=\"height: 48px\"><\/div>\n\t\t\t<div class=\"ng-spacing-empty ng-spacing-sm\" style=\"height: 48px\"><\/div>\n\t\t\t<div class=\"ng-spacing-empty ng-spacing-xs\" style=\"height: 24px\"><\/div>\n\t\t<\/div>\n\t[\/vc_column][\/vc_row][vc_row el_class=&#8221;ishcmc-container&#8221;][vc_column][vc_column_text css=&#8221;&#8221;]H\u1eb1ng n\u0103m, PTO \u0111\u1ed3ng h\u00e0nh t\u1ed5 ch\u1ee9c nhi\u1ec1u s\u1ef1 ki\u1ec7n l\u1edbn to\u00e0n tr\u01b0\u1eddng. C\u00e1c s\u1ef1 ki\u1ec7n ti\u00eau bi\u1ec3u g\u1ed3m \u0110\u00eam H\u1ed9i Gia \u0111\u00ecnh (Family Fun Night), L\u1ec5 h\u1ed9i Qu\u1ed1c t\u1ebf (International Festival) v\u00e0 Ng\u00e0y h\u1ed9i V\u0103n h\u00f3a (Celebration of Cultures). Ngo\u00e0i ra, PTO c\u00f2n mang \u0111\u1ebfn nhi\u1ec1u ho\u1ea1t \u0111\u1ed9ng g\u1eafn k\u1ebft kh\u00e1c, bao g\u1ed3m c\u00e1c bu\u1ed5i giao l\u01b0u d\u00e0nh cho h\u1ecdc sinh v\u00e0 gia \u0111\u00ecnh m\u1edbi.<\/p>\n<p>T\u1ea1i ISHCMC, ch\u00fang t\u00f4i t\u1ef1 h\u00e0o v\u1ec1 c\u1ed9ng \u0111\u1ed3ng g\u1eafn k\u1ebft b\u1ec1n ch\u1eb7t &#8211; n\u1ec1n t\u1ea3ng t\u1ea1o n\u00ean s\u1ef1 k\u1ebft n\u1ed1i v\u1eefng m\u1ea1nh, g\u00f3p ph\u1ea7n quan tr\u1ecdng v\u00e0o th\u00e0nh c\u00f4ng chung c\u1ee7a nh\u00e0 tr\u01b0\u1eddng c\u0169ng nh\u01b0 th\u00e0nh t\u00edch c\u1ee7a h\u1ecdc sinh.[\/vc_column_text][\/vc_column][\/vc_row][vc_row][vc_column]\t\t<div class=\"ng-spacing \">\n\t\t\t<div class=\"ng-spacing-empty ng-spacing-md\" style=\"height: 48px\"><\/div>\n\t\t\t<div class=\"ng-spacing-empty ng-spacing-sm\" style=\"height: 48px\"><\/div>\n\t\t\t<div class=\"ng-spacing-empty ng-spacing-xs\" style=\"height: 24px\"><\/div>\n\t\t<\/div>\n\t[\/vc_column][\/vc_row][vc_row full_width=&#8221;stretch_row_content&#8221;][vc_column]\t<script>\n\t(function ($) {\n\t\"use strict\";\n\t\/*\n\t * Vc Popup Gallery\n\t * function nex_slider_func\n\t *\/\n\tvar popupGallery = function () {\n\t\t$(\".nex-slider-image .nex-item a\").magnificPopup({\n\t\t\ttype: \"image\",\n\t\t\ttLoading: \"Loading image #%curr%...\",\n\t\t\tremovalDelay: 600,\n\t\t\tmainClass: \"my-mfp-slide-bottom\",\n\t\t\tgallery: {\n\t\t\t\tenabled: true,\n\t\t\t\tnavigateByImgClick: true,\n\t\t\t\tpreload: [0, 1],\n\t\t\t},\n\t\t\timage: {\n\t\t\t\ttError: '<a href=\"%url%\">The image #%curr%<\/a> could not be loaded.',\n\t\t\t},\n\t\t});\n\t};\n\t$(function () {\n\n\t\tpopupGallery();\n\t});\n\t})(jQuery);\n\t<\/script>\n\t<div class=\"nex-slider-image \">\n\t\t<div class=\"row\">\n\t\t\t<div class=\"col-xs-12 col-md-12\">\n\t\t\t\t<div class=\"carousel next-slider-items\" data-nex_container_width=\"930\" data-nex_container_height=\"330\" data-nex_image_width=\"400\" data-nex_image_height=\"300\">\n\t\t\t\t\t<div class=\"slides\">\n\t\t\t\t\t\t\t\t\t\t\t\t\t\t<div class=\"slideItem nex-item\">\n\t\t\t\t\t\t\t\t\t<a href=\"https:\/\/www.ishcmc.com\/wp-content\/uploads\/sites\/20\/2023\/10\/PTO-Vietnam-National-Day.jpg\"><img loading=\"lazy\" decoding=\"async\" width=\"640\" height=\"427\" src=\"https:\/\/www.ishcmc.com\/wp-content\/uploads\/sites\/20\/2023\/10\/PTO-Vietnam-National-Day.jpg\" class=\"img-rps\" alt=\"\" srcset=\"https:\/\/www.ishcmc.com\/wp-content\/uploads\/sites\/20\/2023\/10\/PTO-Vietnam-National-Day.jpg 3200w, https:\/\/www.ishcmc.com\/wp-content\/uploads\/sites\/20\/2023\/10\/PTO-Vietnam-National-Day.jpg?resize=300,200 300w, https:\/\/www.ishcmc.com\/wp-content\/uploads\/sites\/20\/2023\/10\/PTO-Vietnam-National-Day.jpg?resize=768,512 768w, https:\/\/www.ishcmc.com\/wp-content\/uploads\/sites\/20\/2023\/10\/PTO-Vietnam-National-Day.jpg?resize=1024,683 1024w, https:\/\/www.ishcmc.com\/wp-content\/uploads\/sites\/20\/2023\/10\/PTO-Vietnam-National-Day.jpg?resize=1536,1024 1536w, https:\/\/www.ishcmc.com\/wp-content\/uploads\/sites\/20\/2023\/10\/PTO-Vietnam-National-Day.jpg?resize=2048,1365 2048w\" sizes=\"auto, (max-width: 640px) 100vw, 640px\" \/><\/a>\n\t\t\t\t\t\t\t\t<\/div>\n\t\t\t\t\t\t\t\t\t\t\t\t\t\t\t<div class=\"slideItem nex-item\">\n\t\t\t\t\t\t\t\t\t<a href=\"https:\/\/www.ishcmc.com\/wp-content\/uploads\/sites\/20\/2023\/10\/PTO-Coffee-Morning-Chatting.jpg\"><img decoding=\"async\" width=\"640\" src=\"https:\/\/www.ishcmc.com\/wp-content\/uploads\/sites\/20\/2023\/10\/PTO-Coffee-Morning-Chatting.jpg\" class=\"img-rps\" alt=\"\" \/><\/a>\n\t\t\t\t\t\t\t\t<\/div>\n\t\t\t\t\t\t\t\t\t\t\t\t\t\t\t<div class=\"slideItem nex-item\">\n\t\t\t\t\t\t\t\t\t<a href=\"https:\/\/www.ishcmc.com\/wp-content\/uploads\/sites\/20\/2023\/10\/PTO-Discussion-Group.jpg\"><img decoding=\"async\" width=\"640\" src=\"https:\/\/www.ishcmc.com\/wp-content\/uploads\/sites\/20\/2023\/10\/PTO-Discussion-Group.jpg\" class=\"img-rps\" alt=\"\" \/><\/a>\n\t\t\t\t\t\t\t\t<\/div>\n\t\t\t\t\t\t\t\t\t\t\t\t\t\t\t<div class=\"slideItem nex-item\">\n\t\t\t\t\t\t\t\t\t<a href=\"https:\/\/www.ishcmc.com\/wp-content\/uploads\/sites\/20\/2023\/10\/PTO-Vietnam-National-Day-Stand.jpg\"><img loading=\"lazy\" decoding=\"async\" width=\"640\" height=\"427\" src=\"https:\/\/www.ishcmc.com\/wp-content\/uploads\/sites\/20\/2023\/10\/PTO-Vietnam-National-Day-Stand.jpg\" class=\"img-rps\" alt=\"\" srcset=\"https:\/\/www.ishcmc.com\/wp-content\/uploads\/sites\/20\/2023\/10\/PTO-Vietnam-National-Day-Stand.jpg 3200w, https:\/\/www.ishcmc.com\/wp-content\/uploads\/sites\/20\/2023\/10\/PTO-Vietnam-National-Day-Stand.jpg?resize=300,200 300w, https:\/\/www.ishcmc.com\/wp-content\/uploads\/sites\/20\/2023\/10\/PTO-Vietnam-National-Day-Stand.jpg?resize=768,512 768w, https:\/\/www.ishcmc.com\/wp-content\/uploads\/sites\/20\/2023\/10\/PTO-Vietnam-National-Day-Stand.jpg?resize=1024,683 1024w, https:\/\/www.ishcmc.com\/wp-content\/uploads\/sites\/20\/2023\/10\/PTO-Vietnam-National-Day-Stand.jpg?resize=1536,1024 1536w, https:\/\/www.ishcmc.com\/wp-content\/uploads\/sites\/20\/2023\/10\/PTO-Vietnam-National-Day-Stand.jpg?resize=2048,1365 2048w\" sizes=\"auto, (max-width: 640px) 100vw, 640px\" \/><\/a>\n\t\t\t\t\t\t\t\t<\/div>\n\t\t\t\t\t\t\t\t\t\t\t\t\t\t\t<div class=\"slideItem nex-item\">\n\t\t\t\t\t\t\t\t\t<a href=\"https:\/\/www.ishcmc.com\/wp-content\/uploads\/sites\/20\/2023\/10\/PTO-Rhino-Hut-Stand.jpeg\"><img loading=\"lazy\" decoding=\"async\" width=\"640\" height=\"480\" src=\"https:\/\/www.ishcmc.com\/wp-content\/uploads\/sites\/20\/2023\/10\/PTO-Rhino-Hut-Stand.jpeg\" class=\"img-rps\" alt=\"\" srcset=\"https:\/\/www.ishcmc.com\/wp-content\/uploads\/sites\/20\/2023\/10\/PTO-Rhino-Hut-Stand.jpeg 2048w, https:\/\/www.ishcmc.com\/wp-content\/uploads\/sites\/20\/2023\/10\/PTO-Rhino-Hut-Stand.jpeg?resize=300,225 300w, https:\/\/www.ishcmc.com\/wp-content\/uploads\/sites\/20\/2023\/10\/PTO-Rhino-Hut-Stand.jpeg?resize=768,576 768w, https:\/\/www.ishcmc.com\/wp-content\/uploads\/sites\/20\/2023\/10\/PTO-Rhino-Hut-Stand.jpeg?resize=1024,768 1024w, https:\/\/www.ishcmc.com\/wp-content\/uploads\/sites\/20\/2023\/10\/PTO-Rhino-Hut-Stand.jpeg?resize=1536,1152 1536w\" sizes=\"auto, (max-width: 640px) 100vw, 640px\" \/><\/a>\n\t\t\t\t\t\t\t\t<\/div>\n\t\t\t\t\t\t\t\t\t\t\t\t\t\t\t<div class=\"slideItem nex-item\">\n\t\t\t\t\t\t\t\t\t<a href=\"https:\/\/www.ishcmc.com\/wp-content\/uploads\/sites\/20\/2023\/10\/PTO-Coffee-Morning.jpeg\"><img loading=\"lazy\" decoding=\"async\" width=\"640\" height=\"480\" src=\"https:\/\/www.ishcmc.com\/wp-content\/uploads\/sites\/20\/2023\/10\/PTO-Coffee-Morning.jpeg\" class=\"img-rps\" alt=\"\" srcset=\"https:\/\/www.ishcmc.com\/wp-content\/uploads\/sites\/20\/2023\/10\/PTO-Coffee-Morning.jpeg 1024w, https:\/\/www.ishcmc.com\/wp-content\/uploads\/sites\/20\/2023\/10\/PTO-Coffee-Morning.jpeg?resize=300,225 300w, https:\/\/www.ishcmc.com\/wp-content\/uploads\/sites\/20\/2023\/10\/PTO-Coffee-Morning.jpeg?resize=768,576 768w\" sizes=\"auto, (max-width: 640px) 100vw, 640px\" \/><\/a>\n\t\t\t\t\t\t\t\t<\/div>\n\t\t\t\t\t\t\t\t\t\t\t\t\t\t\t\t\t\t<\/div>\n\t\t\t\t<\/div>\n\t\t\t<\/div>\n\t\t<\/div>\n\t<\/div>\n\t[\/vc_column][\/vc_row][vc_row el_class=&#8221;ishcmc-container&#8221;][vc_column]\t\t<div class=\"ng-spacing \">\n\t\t\t<div class=\"ng-spacing-empty ng-spacing-md\" style=\"height: 96px\"><\/div>\n\t\t\t<div class=\"ng-spacing-empty ng-spacing-sm\" style=\"height: 96px\"><\/div>\n\t\t\t<div class=\"ng-spacing-empty ng-spacing-xs\" style=\"height: 48px\"><\/div>\n\t\t<\/div>\n\t[\/vc_column][\/vc_row][vc_row full_width=&#8221;stretch_row_content&#8221; css=&#8221;.vc_custom_1649920922127{margin-bottom: 0px !important;}&#8221;][vc_column][\/vc_column][\/vc_row]<\/p>\n<\/div>","protected":false},"excerpt":{"rendered":"<p>[vc_row full_width=&#8221;stretch_row_content_no_spaces&#8221; css=&#8221;.vc_custom_1696496619855{background-image: url(https:\/\/www.ishcmc.com\/wp-content\/uploads\/sites\/4\/2023\/10\/Our-Parent-Community-e1696496577898.jpg?id=11920) !important;background-position: center !important;background-repeat: no-repeat !important;background-size: cover !important;}&#8221;][vc_column][\/vc_column][\/vc_row][vc_row full_width=&#8221;stretch_row&#8221; content_placement=&#8221;middle&#8221; css=&#8221;.vc_custom_1650475801620{padding-top: 0px !important;padding-bottom: 0px !important;background-color: #005490 !important;}&#8221;][vc_column][vc_custom_heading text=&#8221;H\u1ed9i Ph\u1ee5 huynh &#8211; Gi\u00e1o vi\u00ean&#8221; font_container=&#8221;tag:h1|font_size:56px|text_align:center|color:%23ffffff|line_height:64px&#8221; use_theme_fonts=&#8221;yes&#8221; el_class=&#8221;top-heading&#8221;][\/vc_column][\/vc_row][vc_row][vc_column][vc_row_inner css=&#8221;.vc_custom_1754893324328{padding: 30px !important;background-color: #EFF9FE !important;border-radius: 10px !important;}&#8221;][vc_column_inner][vc_icon icon_fontawesome=&#8221;fas fa-quote-left&#8221; color=&#8221;custom&#8221; size=&#8221;xl&#8221; css=&#8221;.vc_custom_1747289610273{margin-top: 35px !important;}&#8221; custom_color=&#8221;#0094BB&#8221;][vc_custom_heading text=&#8221;Ch\u1ecdn tr\u01b0\u1eddng cho con c\u0169ng l\u00e0 ch\u1ecdn m\u1ed9t c\u1ed9ng \u0111\u1ed3ng \u0111\u1ed3ng [&hellip;]<\/p>\n","protected":false},"author":32,"featured_media":0,"parent":30806,"menu_order":5,"comment_status":"closed","ping_status":"closed","template":"redux-templates_full_width","meta":{"_acf_changed":false,"footnotes":""},"class_list":["post-29477","page","type-page","status-publish","hentry"],"acf":[],"yoast_head":"<!-- This site is optimized with the Yoast SEO plugin v27.3 - https:\/\/yoast.com\/product\/yoast-seo-wordpress\/ -->\n<title>H\u1ed9i Ph\u1ee5 huynh - Gi\u00e1o vi\u00ean - ISHCMC<\/title>\n<meta name=\"description\" content=\"T\u00ecm hi\u1ec3u v\u1ec1 H\u1ed9i Ph\u1ee5 huynh - Gi\u00e1o vi\u00ean ISHCMC. X\u00e2y d\u1ef1ng c\u1ed9ng \u0111\u1ed3ng v\u1eefng m\u1ea1nh, c\u00f9ng nh\u00e0 tr\u01b0\u1eddng h\u1ed7 tr\u1ee3 s\u1ef1 ph\u00e1t tri\u1ec3n to\u00e0n di\u1ec7n c\u1ee7a h\u1ecdc sinh\" \/>\n<meta name=\"robots\" content=\"index, follow, max-snippet:-1, max-image-preview:large, max-video-preview:-1\" \/>\n<link rel=\"canonical\" href=\"https:\/\/www.ishcmc.com\/vi\/community\/parent-teacher-organization\/\" \/>\n<meta property=\"og:locale\" content=\"vi_VN\" \/>\n<meta property=\"og:type\" content=\"article\" \/>\n<meta property=\"og:title\" content=\"H\u1ed9i Ph\u1ee5 huynh - Gi\u00e1o vi\u00ean - ISHCMC\" \/>\n<meta property=\"og:description\" content=\"T\u00ecm hi\u1ec3u v\u1ec1 H\u1ed9i Ph\u1ee5 huynh - Gi\u00e1o vi\u00ean ISHCMC. X\u00e2y d\u1ef1ng c\u1ed9ng \u0111\u1ed3ng v\u1eefng m\u1ea1nh, c\u00f9ng nh\u00e0 tr\u01b0\u1eddng h\u1ed7 tr\u1ee3 s\u1ef1 ph\u00e1t tri\u1ec3n to\u00e0n di\u1ec7n c\u1ee7a h\u1ecdc sinh\" \/>\n<meta property=\"og:url\" content=\"https:\/\/www.ishcmc.com\/vi\/community\/parent-teacher-organization\/\" \/>\n<meta property=\"og:site_name\" content=\"ISHCMC\" \/>\n<meta property=\"article:publisher\" content=\"https:\/\/www.facebook.com\/ISHCMC\/\" \/>\n<meta property=\"article:modified_time\" content=\"2025-12-22T07:28:00+00:00\" \/>\n<meta name=\"twitter:card\" content=\"summary_large_image\" \/>\n<meta name=\"twitter:site\" content=\"@ishcmc\" \/>\n<meta name=\"twitter:label1\" content=\"Est. reading time\" \/>\n\t<meta name=\"twitter:data1\" content=\"2 minutes\" \/>\n<!-- \/ Yoast SEO plugin. -->","yoast_head_json":{"title":"H\u1ed9i Ph\u1ee5 huynh - Gi\u00e1o vi\u00ean - ISHCMC","description":"T\u00ecm hi\u1ec3u v\u1ec1 H\u1ed9i Ph\u1ee5 huynh - Gi\u00e1o vi\u00ean ISHCMC. X\u00e2y d\u1ef1ng c\u1ed9ng \u0111\u1ed3ng v\u1eefng m\u1ea1nh, c\u00f9ng nh\u00e0 tr\u01b0\u1eddng h\u1ed7 tr\u1ee3 s\u1ef1 ph\u00e1t tri\u1ec3n to\u00e0n di\u1ec7n c\u1ee7a h\u1ecdc sinh","robots":{"index":"index","follow":"follow","max-snippet":"max-snippet:-1","max-image-preview":"max-image-preview:large","max-video-preview":"max-video-preview:-1"},"canonical":"https:\/\/www.ishcmc.com\/vi\/community\/parent-teacher-organization\/","og_locale":"vi_VN","og_type":"article","og_title":"H\u1ed9i Ph\u1ee5 huynh - Gi\u00e1o vi\u00ean - ISHCMC","og_description":"T\u00ecm hi\u1ec3u v\u1ec1 H\u1ed9i Ph\u1ee5 huynh - Gi\u00e1o vi\u00ean ISHCMC. X\u00e2y d\u1ef1ng c\u1ed9ng \u0111\u1ed3ng v\u1eefng m\u1ea1nh, c\u00f9ng nh\u00e0 tr\u01b0\u1eddng h\u1ed7 tr\u1ee3 s\u1ef1 ph\u00e1t tri\u1ec3n to\u00e0n di\u1ec7n c\u1ee7a h\u1ecdc sinh","og_url":"https:\/\/www.ishcmc.com\/vi\/community\/parent-teacher-organization\/","og_site_name":"ISHCMC","article_publisher":"https:\/\/www.facebook.com\/ISHCMC\/","article_modified_time":"2025-12-22T07:28:00+00:00","twitter_card":"summary_large_image","twitter_site":"@ishcmc","twitter_misc":{"Est. reading time":"2 minutes"},"schema":{"@context":"https:\/\/schema.org","@graph":[{"@type":"WebPage","@id":"https:\/\/www.ishcmc.com\/vi\/community\/parent-teacher-organization\/","url":"https:\/\/www.ishcmc.com\/vi\/community\/parent-teacher-organization\/","name":"H\u1ed9i Ph\u1ee5 huynh - Gi\u00e1o vi\u00ean - ISHCMC","isPartOf":{"@id":"https:\/\/www.ishcmc.com\/vi\/#website"},"datePublished":"2025-09-19T03:50:29+00:00","dateModified":"2025-12-22T07:28:00+00:00","description":"T\u00ecm hi\u1ec3u v\u1ec1 H\u1ed9i Ph\u1ee5 huynh - Gi\u00e1o vi\u00ean ISHCMC. X\u00e2y d\u1ef1ng c\u1ed9ng \u0111\u1ed3ng v\u1eefng m\u1ea1nh, c\u00f9ng nh\u00e0 tr\u01b0\u1eddng h\u1ed7 tr\u1ee3 s\u1ef1 ph\u00e1t tri\u1ec3n to\u00e0n di\u1ec7n c\u1ee7a h\u1ecdc sinh","breadcrumb":{"@id":"https:\/\/www.ishcmc.com\/vi\/community\/parent-teacher-organization\/#breadcrumb"},"inLanguage":"vi-VN","potentialAction":[{"@type":"ReadAction","target":["https:\/\/www.ishcmc.com\/vi\/community\/parent-teacher-organization\/"]}]},{"@type":"BreadcrumbList","@id":"https:\/\/www.ishcmc.com\/vi\/community\/parent-teacher-organization\/#breadcrumb","itemListElement":[{"@type":"ListItem","position":1,"name":"Home","item":"https:\/\/www.ishcmc.com\/vi\/"},{"@type":"ListItem","position":2,"name":"C\u1ed8NG \u0110\u1ed2NG","item":"https:\/\/www.ishcmc.com\/vi\/community\/"},{"@type":"ListItem","position":3,"name":"H\u1ed9i Ph\u1ee5 huynh &#8211; Gi\u00e1o vi\u00ean"}]},{"@type":"WebSite","@id":"https:\/\/www.ishcmc.com\/vi\/#website","url":"https:\/\/www.ishcmc.com\/vi\/","name":"ISHCMC","description":"The first international school in Ho Chi Minh City","publisher":{"@id":"https:\/\/www.ishcmc.com\/vi\/#organization"},"potentialAction":[{"@type":"SearchAction","target":{"@type":"EntryPoint","urlTemplate":"https:\/\/www.ishcmc.com\/vi\/?s={search_term_string}"},"query-input":{"@type":"PropertyValueSpecification","valueRequired":true,"valueName":"search_term_string"}}],"inLanguage":"vi-VN"},{"@type":"Organization","@id":"https:\/\/www.ishcmc.com\/vi\/#organization","name":"ISHCMC","alternateName":"International School Ho Chi Minh City","url":"https:\/\/www.ishcmc.com\/vi\/","logo":{"@type":"ImageObject","inLanguage":"vi-VN","@id":"https:\/\/www.ishcmc.com\/vi\/#\/schema\/logo\/image\/","url":"https:\/\/www.ishcmc.com\/wp-content\/uploads\/sites\/20\/2022\/03\/ISHCMC-Logo-BW-outline-1-200x200-1.webp","contentUrl":"https:\/\/www.ishcmc.com\/wp-content\/uploads\/sites\/20\/2022\/03\/ISHCMC-Logo-BW-outline-1-200x200-1.webp","width":200,"height":200,"caption":"ISHCMC"},"image":{"@id":"https:\/\/www.ishcmc.com\/vi\/#\/schema\/logo\/image\/"},"sameAs":["https:\/\/www.facebook.com\/ISHCMC\/","https:\/\/x.com\/ishcmc","https:\/\/www.instagram.com\/internationalschoolhcmc\/","https:\/\/vn.linkedin.com\/school\/international-school-ho-chi-minh-city\/","https:\/\/g.co\/kgs\/VoH1TWG","https:\/\/g.co\/kgs\/jX8fji8"]}]}},"jetpack_sharing_enabled":true,"jetpack_shortlink":"https:\/\/wp.me\/Pggbcv-7Fr","_links":{"self":[{"href":"https:\/\/www.ishcmc.com\/vi\/wp-json\/wp\/v2\/pages\/29477","targetHints":{"allow":["GET"]}}],"collection":[{"href":"https:\/\/www.ishcmc.com\/vi\/wp-json\/wp\/v2\/pages"}],"about":[{"href":"https:\/\/www.ishcmc.com\/vi\/wp-json\/wp\/v2\/types\/page"}],"author":[{"embeddable":true,"href":"https:\/\/www.ishcmc.com\/vi\/wp-json\/wp\/v2\/users\/32"}],"replies":[{"embeddable":true,"href":"https:\/\/www.ishcmc.com\/vi\/wp-json\/wp\/v2\/comments?post=29477"}],"version-history":[{"count":6,"href":"https:\/\/www.ishcmc.com\/vi\/wp-json\/wp\/v2\/pages\/29477\/revisions"}],"predecessor-version":[{"id":29844,"href":"https:\/\/www.ishcmc.com\/vi\/wp-json\/wp\/v2\/pages\/29477\/revisions\/29844"}],"up":[{"embeddable":true,"href":"https:\/\/www.ishcmc.com\/vi\/wp-json\/wp\/v2\/pages\/30806"}],"wp:attachment":[{"href":"https:\/\/www.ishcmc.com\/vi\/wp-json\/wp\/v2\/media?parent=29477"}],"curies":[{"name":"wp","href":"https:\/\/api.w.org\/{rel}","templated":true}]}}