{"id":29446,"date":"2025-09-18T17:19:16","date_gmt":"2025-09-18T10:19:16","guid":{"rendered":"https:\/\/www.ishcmc.com\/?page_id=29446"},"modified":"2025-12-22T13:58:52","modified_gmt":"2025-12-22T06:58:52","slug":"apply-to-ishcmc","status":"publish","type":"page","link":"https:\/\/www.ishcmc.com\/vi\/admissions\/apply-to-ishcmc\/","title":{"rendered":"\u0110\u0103ng k\u00fd nh\u1eadp h\u1ecdc t\u1ea1i ISHCMC"},"content":{"rendered":"<div class=\"wpb-content-wrapper\"><p>[vc_row full_width=&#8221;stretch_row_content_no_spaces&#8221; css=&#8221;.vc_custom_1696422689418{background-image: url(https:\/\/www.ishcmc.com\/wp-content\/uploads\/sites\/4\/2022\/03\/ISHCMC-Primary-Students-in-Art-Class.jpg?id=11760) !important;background-position: center !important;background-repeat: no-repeat !important;background-size: cover !important;}&#8221;][vc_column]\t\t<div class=\"ng-spacing \">\n\t\t\t<div class=\"ng-spacing-empty ng-spacing-md\" style=\"height: 450px\"><\/div>\n\t\t\t<div class=\"ng-spacing-empty ng-spacing-sm\" style=\"height: 300px\"><\/div>\n\t\t\t<div class=\"ng-spacing-empty ng-spacing-xs\" style=\"height: 214px\"><\/div>\n\t\t<\/div>\n\t[\/vc_column][\/vc_row][vc_row full_width=&#8221;stretch_row&#8221; content_placement=&#8221;middle&#8221; css=&#8221;.vc_custom_1683790674534{padding-top: 0px !important;padding-bottom: 0px !important;background: #005490 url(https:\/\/www.ishcmc.com\/wp-content\/uploads\/sites\/4\/2023\/04\/Asset-4.png?id=10171) !important;background-position: center !important;background-repeat: no-repeat !important;background-size: cover !important;}&#8221;][vc_column][vc_custom_heading text=&#8221;\u0110\u0103ng k\u00fd nh\u1eadp h\u1ecdc t\u1ea1i ISHCMC&#8221; font_container=&#8221;tag:h1|font_size:56px|text_align:center|color:%23ffffff|line_height:64px&#8221; use_theme_fonts=&#8221;yes&#8221; el_class=&#8221;top-heading&#8221;][\/vc_column][\/vc_row][vc_row full_width=&#8221;stretch_row&#8221; content_placement=&#8221;middle&#8221; background_position=&#8221;center top&#8221; css=&#8221;.vc_custom_1755590858943{background-color: #EFF9FE !important;}&#8221;][vc_column width=&#8221;1\/2&#8243;][vc_row_inner content_placement=&#8221;middle&#8221;][vc_column_inner]\t\t<div class=\"ng-spacing \">\n\t\t\t<div class=\"ng-spacing-empty ng-spacing-md\" style=\"height: 32px\"><\/div>\n\t\t\t<div class=\"ng-spacing-empty ng-spacing-sm\" style=\"height: 32px\"><\/div>\n\t\t\t<div class=\"ng-spacing-empty ng-spacing-xs\" style=\"height: 32px\"><\/div>\n\t\t<\/div>\n\t[vc_single_image image=&#8221;28071&#8243; img_size=&#8221;800&#215;800&#8243; css=&#8221;&#8221;]\t\t<div class=\"ng-spacing \">\n\t\t\t<div class=\"ng-spacing-empty ng-spacing-md\" style=\"height: 12px\"><\/div>\n\t\t\t<div class=\"ng-spacing-empty ng-spacing-sm\" style=\"height: 12px\"><\/div>\n\t\t\t<div class=\"ng-spacing-empty ng-spacing-xs\" style=\"height: 6px\"><\/div>\n\t\t<\/div>\n\t[\/vc_column_inner][\/vc_row_inner][\/vc_column][vc_column width=&#8221;1\/2&#8243;][vc_row_inner content_placement=&#8221;middle&#8221; css=&#8221;.vc_custom_1755603614371{margin-top: 50px !important;margin-bottom: 50px !important;}&#8221;][vc_column_inner][vc_custom_heading text=&#8221;Kh\u1edfi \u0111\u1ea7u h\u00e0nh tr\u00ecnh t\u1ea1i ISHCMC ngay h\u00f4m nay&#8221; font_container=&#8221;tag:h2|text_align:left|color:%23005490&#8243; use_theme_fonts=&#8221;yes&#8221; css_animation=&#8221;fadeInUp&#8221; css=&#8221;&#8221;][vc_separator color=&#8221;custom&#8221; align=&#8221;align_left&#8221; border_width=&#8221;4&#8243; el_width=&#8221;10&#8243; css_animation=&#8221;none&#8221; css=&#8221;&#8221; accent_color=&#8221;#0094bb&#8221;][vc_column_text css=&#8221;&#8221;]<span style=\"font-weight: 400\">Th\u1ee7 t\u1ee5c nh\u1eadp h\u1ecdc \u0111\u01a1n gi\u1ea3n, minh b\u1ea1ch v\u00e0 lu\u00f4n \u0111\u01b0\u1ee3c h\u1ed7 tr\u1ee3 t\u1eadn t\u00ecnh. D\u01b0\u1edbi \u0111\u00e2y l\u00e0 nh\u1eefng th\u00f4ng tin b\u1ea1n c\u1ea7n \u0111\u1ec3 gia nh\u1eadp c\u1ed9ng \u0111\u1ed3ng qu\u1ed1c t\u1ebf n\u0103ng \u0111\u1ed9ng c\u1ee7a ch\u00fang t\u00f4i. <\/span>[\/vc_column_text][\/vc_column_inner][\/vc_row_inner][vc_row_inner el_class=&#8221;ishcmc-container&#8221;][vc_column_inner][vc_btn title=&#8221;\u0110\u0102NG K\u00dd NGAY&#8221; color=&#8221;white&#8221; css=&#8221;&#8221; link=&#8221;url:https%3A%2F%2Fapplications.cognita.com%2Fishcmc-ib-portal%2Fregister%2F|target:_blank&#8221; el_class=&#8221;margin-right-20&#8243;][vc_btn title=&#8221;THAM QUAN TR\u01af\u1edcNG&#8221; color=&#8221;white&#8221; css=&#8221;&#8221; link=&#8221;url:https%3A%2F%2Fwww.ishcmc.com%2Fvi%2Fadmissions%2Fvisit-us%2F%23form|target:_blank&#8221; el_class=&#8221;margin-right-20&#8243;][\/vc_column_inner][\/vc_row_inner][\/vc_column][\/vc_row][vc_row][vc_column]\t\t<div class=\"ng-spacing \">\n\t\t\t<div class=\"ng-spacing-empty ng-spacing-md\" style=\"height: 32px\"><\/div>\n\t\t\t<div class=\"ng-spacing-empty ng-spacing-sm\" style=\"height: 32px\"><\/div>\n\t\t\t<div class=\"ng-spacing-empty ng-spacing-xs\" style=\"height: 32px\"><\/div>\n\t\t<\/div>\n\t[vc_custom_heading text=&#8221;Quy tr\u00ecnh Tuy\u1ec3n sinh&#8221; font_container=&#8221;tag:h2|text_align:center|color:%23005490&#8243; use_theme_fonts=&#8221;yes&#8221; css_animation=&#8221;fadeInUp&#8221; css=&#8221;&#8221;]\t\t<div class=\"ng-spacing \">\n\t\t\t<div class=\"ng-spacing-empty ng-spacing-md\" style=\"height: 12px\"><\/div>\n\t\t\t<div class=\"ng-spacing-empty ng-spacing-sm\" style=\"height: 12px\"><\/div>\n\t\t\t<div class=\"ng-spacing-empty ng-spacing-xs\" style=\"height: 6px\"><\/div>\n\t\t<\/div>\n\t[vc_separator color=&#8221;custom&#8221; border_width=&#8221;4&#8243; el_width=&#8221;10&#8243; css=&#8221;.vc_custom_1758875945824{padding-right: 25px !important;}&#8221; accent_color=&#8221;#0094bb&#8221; el_class=&#8221;center_separator&#8221;][\/vc_column][\/vc_row][vc_row el_class=&#8221;ishcmc-container&#8221;][vc_column][vc_custom_heading text=&#8221;B\u01b0\u1edbc 1: N\u1ed9p h\u1ed3 s\u01a1 \u0111\u0103ng k\u00fd&#8221; font_container=&#8221;tag:h3|text_align:left|color:%230094BB&#8221; use_theme_fonts=&#8221;yes&#8221; css=&#8221;&#8221;][vc_column_text css=&#8221;&#8221;]Ho\u00e0n t\u1ea5t m\u1eabu \u0111\u0103ng k\u00fd tr\u1ef1c tuy\u1ebfn v\u1edbi th\u00f4ng tin h\u1ecdc sinh, h\u1ecdc b\u1ea1 v\u00e0 c\u00e1c gi\u1ea5y t\u1edd c\u1ea7n thi\u1ebft.[\/vc_column_text][vc_btn title=&#8221;<b>PHI\u1ebeU \u0110\u0102NG K\u00dd<\/b>&#8221; style=&#8221;outline-custom&#8221; outline_custom_color=&#8221;#0094BB&#8221; outline_custom_hover_background=&#8221;#005490&#8243; css=&#8221;&#8221; link=&#8221;url:https%3A%2F%2Fapplications.cognita.com%2Fishcmc-ib-portal%2Fregister%2F|target:_blank&#8221;][\/vc_column][\/vc_row][vc_row el_class=&#8221;ishcmc-container&#8221;][vc_column]\t\t<div class=\"ng-spacing \">\n\t\t\t<div class=\"ng-spacing-empty ng-spacing-md\" style=\"height: 16px\"><\/div>\n\t\t\t<div class=\"ng-spacing-empty ng-spacing-sm\" style=\"height: 16px\"><\/div>\n\t\t\t<div class=\"ng-spacing-empty ng-spacing-xs\" style=\"height: 8px\"><\/div>\n\t\t<\/div>\n\t[vc_custom_heading text=&#8221;B\u01b0\u1edbc 2: \u0110\u00e1nh gi\u00e1 &amp; Ph\u1ecfng v\u1ea5n&#8221; font_container=&#8221;tag:h3|text_align:left|color:%230094BB&#8221; use_theme_fonts=&#8221;yes&#8221; css=&#8221;&#8221;][vc_column_text css=&#8221;&#8221;]<span style=\"font-weight: 400\">H\u1ecdc sinh tham gia b\u00e0i \u0111\u00e1nh gi\u00e1 v\u00e0 bu\u1ed5i ph\u1ecfng v\u1ea5n ph\u00f9 h\u1ee3p v\u1edbi \u0111\u1ed9 tu\u1ed5i \u0111\u1ec3 nh\u00e0 tr\u01b0\u1eddng hi\u1ec3u r\u00f5 h\u01a1n nhu c\u1ea7u v\u00e0 phong c\u00e1ch h\u1ecdc t\u1eadp c\u1ee7a t\u1eebng em.<\/span>[\/vc_column_text][\/vc_column][\/vc_row][vc_row el_class=&#8221;ishcmc-container&#8221;][vc_column]\t\t<div class=\"ng-spacing \">\n\t\t\t<div class=\"ng-spacing-empty ng-spacing-md\" style=\"height: 16px\"><\/div>\n\t\t\t<div class=\"ng-spacing-empty ng-spacing-sm\" style=\"height: 16px\"><\/div>\n\t\t\t<div class=\"ng-spacing-empty ng-spacing-xs\" style=\"height: 8px\"><\/div>\n\t\t<\/div>\n\t[vc_custom_heading text=&#8221;B\u01b0\u1edbc 3: Nh\u1eadn Th\u01b0 M\u1eddi Nh\u1eadp H\u1ecdc&#8221; font_container=&#8221;tag:h3|text_align:left|color:%230094BB&#8221; use_theme_fonts=&#8221;yes&#8221; css=&#8221;&#8221;][vc_column_text css=&#8221;&#8221;]<span style=\"font-weight: 400\">Ch\u00fang t\u00f4i s\u1ebd th\u00f4ng b\u00e1o k\u1ebft qu\u1ea3 tuy\u1ec3n sinh v\u00e0 h\u01b0\u1edbng d\u1eabn gia \u0111\u00ecnh th\u1ef1c hi\u1ec7n c\u00e1c b\u01b0\u1edbc ti\u1ebfp theo.<\/span>[\/vc_column_text][\/vc_column][\/vc_row][vc_row el_class=&#8221;ishcmc-container&#8221;][vc_column]\t\t<div class=\"ng-spacing \">\n\t\t\t<div class=\"ng-spacing-empty ng-spacing-md\" style=\"height: 16px\"><\/div>\n\t\t\t<div class=\"ng-spacing-empty ng-spacing-sm\" style=\"height: 16px\"><\/div>\n\t\t\t<div class=\"ng-spacing-empty ng-spacing-xs\" style=\"height: 8px\"><\/div>\n\t\t<\/div>\n\t[vc_custom_heading text=&#8221;B\u01b0\u1edbc 4: X\u00e1c nh\u1eadn nh\u1eadp h\u1ecdc&#8221; font_container=&#8221;tag:h3|text_align:left|color:%230094BB&#8221; use_theme_fonts=&#8221;yes&#8221; css=&#8221;&#8221;][vc_column_text css=&#8221;&#8221;]<span style=\"font-weight: 400\">Ho\u00e0n t\u1ea5t th\u1ee7 t\u1ee5c, thanh to\u00e1n h\u1ecdc ph\u00ed v\u00e0 chu\u1ea9n b\u1ecb cho ng\u00e0y \u0111\u1ea7u ti\u00ean c\u1ee7a con t\u1ea1i ISHCMC.<\/span>[\/vc_column_text][\/vc_column][\/vc_row][vc_row el_class=&#8221;ishcmc-container&#8221;][vc_column]\t\t<div class=\"ng-spacing \">\n\t\t\t<div class=\"ng-spacing-empty ng-spacing-md\" style=\"height: 16px\"><\/div>\n\t\t\t<div class=\"ng-spacing-empty ng-spacing-sm\" style=\"height: 16px\"><\/div>\n\t\t\t<div class=\"ng-spacing-empty ng-spacing-xs\" style=\"height: 8px\"><\/div>\n\t\t<\/div>\n\t\t\t<div class=\"ng-spacing \">\n\t\t\t<div class=\"ng-spacing-empty ng-spacing-md\" style=\"height: 16px\"><\/div>\n\t\t\t<div class=\"ng-spacing-empty ng-spacing-sm\" style=\"height: 16px\"><\/div>\n\t\t\t<div class=\"ng-spacing-empty ng-spacing-xs\" style=\"height: 8px\"><\/div>\n\t\t<\/div>\n\t[\/vc_column][\/vc_row][vc_row][vc_column css=&#8221;.vc_custom_1649997624588{margin-bottom: 0px !important;}&#8221;][\/vc_column][\/vc_row][vc_row full_width=&#8221;stretch_row&#8221; content_placement=&#8221;middle&#8221; background_position=&#8221;center top&#8221; css=&#8221;.vc_custom_1755590858943{background-color: #EFF9FE !important;}&#8221;][vc_column width=&#8221;1\/2&#8243;][vc_row_inner content_placement=&#8221;middle&#8221;][vc_column_inner]\t\t<div class=\"ng-spacing \">\n\t\t\t<div class=\"ng-spacing-empty ng-spacing-md\" style=\"height: 32px\"><\/div>\n\t\t\t<div class=\"ng-spacing-empty ng-spacing-sm\" style=\"height: 32px\"><\/div>\n\t\t\t<div class=\"ng-spacing-empty ng-spacing-xs\" style=\"height: 32px\"><\/div>\n\t\t<\/div>\n\t[vc_single_image image=&#8221;28070&#8243; img_size=&#8221;800&#215;800&#8243; css=&#8221;&#8221;]\t\t<div class=\"ng-spacing \">\n\t\t\t<div class=\"ng-spacing-empty ng-spacing-md\" style=\"height: 12px\"><\/div>\n\t\t\t<div class=\"ng-spacing-empty ng-spacing-sm\" style=\"height: 12px\"><\/div>\n\t\t\t<div class=\"ng-spacing-empty ng-spacing-xs\" style=\"height: 6px\"><\/div>\n\t\t<\/div>\n\t[\/vc_column_inner][\/vc_row_inner][\/vc_column][vc_column width=&#8221;1\/2&#8243;][vc_row_inner content_placement=&#8221;middle&#8221; css=&#8221;.vc_custom_1755603614371{margin-top: 50px !important;margin-bottom: 50px !important;}&#8221;][vc_column_inner][vc_custom_heading text=&#8221;H\u01b0\u1edbng d\u1eabn n\u1ed9p h\u1ed3 s\u01a1&#8221; font_container=&#8221;tag:h2|text_align:left|color:%23005490&#8243; use_theme_fonts=&#8221;yes&#8221; css_animation=&#8221;fadeInUp&#8221; css=&#8221;&#8221;]\t\t<div class=\"ng-spacing \">\n\t\t\t<div class=\"ng-spacing-empty ng-spacing-md\" style=\"height: 12px\"><\/div>\n\t\t\t<div class=\"ng-spacing-empty ng-spacing-sm\" style=\"height: 12px\"><\/div>\n\t\t\t<div class=\"ng-spacing-empty ng-spacing-xs\" style=\"height: 6px\"><\/div>\n\t\t<\/div>\n\t[vc_separator color=&#8221;custom&#8221; align=&#8221;align_left&#8221; border_width=&#8221;4&#8243; el_width=&#8221;10&#8243; css_animation=&#8221;none&#8221; css=&#8221;&#8221; accent_color=&#8221;#0094bb&#8221;][vc_column_text css=&#8221;&#8221;]<\/p>\n<ul>\n<li><b>H\u1ed3 s\u01a1 b\u1eaft bu\u1ed9c:<\/b> H\u1ecdc b\u1ea1 c\u00e1c n\u0103m g\u1ea7n nh\u1ea5t, th\u01b0 gi\u1edbi thi\u1ec7u, h\u1ed3 s\u01a1 s\u1ee9c kh\u1ecfe, v\u00e0 b\u1ea3n sao h\u1ed9 chi\u1ebfu c\u1ee7a h\u1ecdc sinh.<\/li>\n<li><b>Chi ti\u1ebft \u0111\u00e1nh gi\u00e1:<\/b> \u1ede b\u1eadc M\u1ea7m non v\u00e0 Ti\u1ec3u h\u1ecdc, h\u1ecdc sinh s\u1ebd tham gia c\u00e1c ho\u1ea1t \u0111\u1ed9ng vui ch\u01a1i ho\u1eb7c ki\u1ec3m tra kh\u1ea3 n\u0103ng s\u1eb5n s\u00e0ng h\u1ecdc t\u1eadp; \u1ede b\u1eadc Trung h\u1ecdc s\u1ebd c\u00f3 \u0111\u00e1nh gi\u00e1 theo t\u1eebng m\u00f4n v\u00e0 ph\u1ecfng v\u1ea5n.<\/li>\n<li><b>X\u1ebfp l\u1edbp theo \u0111\u1ed9 tu\u1ed5i:<\/b> ISHCMC \u00e1p d\u1ee5ng chu\u1ea9n qu\u1ed1c t\u1ebf v\u1ec1 ph\u00e2n b\u1ed5 \u0111\u1ed9 tu\u1ed5i cho t\u1eebng kh\u1ed1i l\u1edbp.<\/li>\n<li><b>H\u1ed7 tr\u1ee3 ng\u00f4n ng\u1eef: <\/b>H\u1ecdc sinh c\u1ea7n h\u1ed7 tr\u1ee3 ti\u1ebfng Anh c\u00f3 th\u1ec3 tham gia <b>Ch\u01b0\u01a1ng tr\u00ecnh B\u1ed3i d\u01b0\u1ee1ng Ti\u1ebfng Anh Chuy\u00ean s\u00e2u (IELP).<\/b><\/li>\n<\/ul>\n<p>[\/vc_column_text][\/vc_column_inner][\/vc_row_inner][\/vc_column][\/vc_row][vc_row full_width=&#8221;stretch_row&#8221; css=&#8221;.vc_custom_1650439137371{padding-top: 58px !important;padding-bottom: 73px !important;background-color: #f9fafb !important;}&#8221; el_class=&#8221;also-checkout&#8221;][vc_column][vc_raw_html css=&#8221;&#8221;]JTVCdmNfY29udGVudCUyMGlkJTNEJTIyMjgyMzIlMjIlNUQ=[\/vc_raw_html][\/vc_column][\/vc_row][vc_row full_width=&#8221;stretch_row&#8221; content_placement=&#8221;middle&#8221; css_animation=&#8221;none&#8221; css=&#8221;.vc_custom_1758795959630{background-position: center !important;background-repeat: no-repeat !important;background-size: cover !important;}&#8221;][vc_column]\t\t<div class=\"ng-spacing \">\n\t\t\t<div class=\"ng-spacing-empty ng-spacing-md\" style=\"height: 60px\"><\/div>\n\t\t\t<div class=\"ng-spacing-empty ng-spacing-sm\" style=\"height: 60px\"><\/div>\n\t\t\t<div class=\"ng-spacing-empty ng-spacing-xs\" style=\"height: 40px\"><\/div>\n\t\t<\/div>\n\t[vc_row_inner el_class=&#8221;ishcmc-container&#8221;][vc_column_inner][vc_custom_heading text=&#8221;S\u1eb5n s\u00e0ng \u0111\u0103ng k\u00fd?&#8221; font_container=&#8221;tag:h3|font_size:40px|text_align:center|color:%23005490|line_height:48px&#8221; use_theme_fonts=&#8221;yes&#8221; css=&#8221;&#8221;][vc_separator color=&#8221;custom&#8221; border_width=&#8221;4&#8243; el_width=&#8221;10&#8243; css=&#8221;&#8221; accent_color=&#8221;#0094bb&#8221; el_class=&#8221;center_separator&#8221;][vc_column_text css=&#8221;&#8221;]<\/p>\n<p style=\"text-align: center\">B\u1eaft \u0111\u1ea7u h\u00e0nh tr\u00ecnh c\u1ee7a b\u1ea1n ho\u1eb7c \u0111\u1eb7t l\u1ecbch tham quan ngay h\u00f4m nay:<\/p>\n<p>[\/vc_column_text][\/vc_column_inner][\/vc_row_inner][vc_row_inner el_class=&#8221;ishcmc-container bt-align-center&#8221;][vc_column_inner][vc_btn title=&#8221;<b>\u0110\u0102NG K\u00dd NGAY<\/b>&#8221; color=&#8221;white&#8221; css=&#8221;&#8221; link=&#8221;url:https%3A%2F%2Fapplications.cognita.com%2Fishcmc-ib-portal%2Fregister%2F|target:_blank&#8221;][vc_btn title=&#8221;<b>\u0110\u1eb6T L\u1ecaCH THAM QUAN<\/b>&#8221; color=&#8221;white&#8221; css=&#8221;&#8221; link=&#8221;url:https%3A%2F%2Fwww.ishcmc.com%2Fvi%2Fadmissions%2Fvisit-us%2F%23form|target:_blank&#8221;][vc_btn title=&#8221;<b>LI\u00caN H\u1ec6 \u0110\u1ed8I NG\u0168 TUY\u1ec2N SINH<\/b>&#8221; color=&#8221;white&#8221; css=&#8221;&#8221; link=&#8221;url:https%3A%2F%2Fwww.ishcmc.com%2Fvi%2Fadmissions%2Finquire-now%2F|target:_blank&#8221;]\t\t<div class=\"ng-spacing \">\n\t\t\t<div class=\"ng-spacing-empty ng-spacing-md\" style=\"height: 60px\"><\/div>\n\t\t\t<div class=\"ng-spacing-empty ng-spacing-sm\" style=\"height: 60px\"><\/div>\n\t\t\t<div class=\"ng-spacing-empty ng-spacing-xs\" style=\"height: 40px\"><\/div>\n\t\t<\/div>\n\t[\/vc_column_inner][\/vc_row_inner][\/vc_column][\/vc_row][vc_row full_width=&#8221;stretch_row_content&#8221; css_animation=&#8221;fadeInDown&#8221; css=&#8221;.vc_custom_1747289522747{background-color: #EFF9FE !important;background-position: center !important;background-repeat: no-repeat !important;background-size: cover !important;}&#8221;][vc_column][vc_icon icon_fontawesome=&#8221;fas fa-quote-left&#8221; color=&#8221;custom&#8221; size=&#8221;xl&#8221; css=&#8221;.vc_custom_1747289610273{margin-top: 35px !important;}&#8221; custom_color=&#8221;#0094BB&#8221;][vc_custom_heading text=&#8221;C\u00e1c gia \u0111\u00ecnh l\u1ef1a ch\u1ecdn ISHCMC v\u00ec m\u1ed9t c\u1ed9ng \u0111\u1ed3ng g\u1eafn k\u1ebft, th\u00e2n thi\u1ec7n v\u00e0 s\u1ef1 cam k\u1ebft trong vi\u1ec7c h\u1ed7 tr\u1ee3 m\u1ed7i h\u1ecdc sinh ph\u00e1t tri\u1ec3n to\u00e0n di\u1ec7n \u2013 v\u1ec1 h\u1ecdc thu\u1eadt, x\u00e3 h\u1ed9i v\u00e0 c\u1ea3m x\u00fac.&#8221; font_container=&#8221;tag:h2|text_align:left|color:%23005490&#8243; use_theme_fonts=&#8221;yes&#8221; css=&#8221;&#8221;][vc_icon icon_fontawesome=&#8221;fas fa-quote-right&#8221; color=&#8221;custom&#8221; size=&#8221;xl&#8221; align=&#8221;right&#8221; css=&#8221;&#8221; custom_color=&#8221;#0094BB&#8221;][\/vc_column][\/vc_row]<\/p>\n<\/div>","protected":false},"excerpt":{"rendered":"<p>[vc_row full_width=&#8221;stretch_row_content_no_spaces&#8221; css=&#8221;.vc_custom_1696422689418{background-image: url(https:\/\/www.ishcmc.com\/wp-content\/uploads\/sites\/4\/2022\/03\/ISHCMC-Primary-Students-in-Art-Class.jpg?id=11760) !important;background-position: center !important;background-repeat: no-repeat !important;background-size: cover !important;}&#8221;][vc_column][\/vc_column][\/vc_row][vc_row full_width=&#8221;stretch_row&#8221; content_placement=&#8221;middle&#8221; css=&#8221;.vc_custom_1683790674534{padding-top: 0px !important;padding-bottom: 0px !important;background: #005490 url(https:\/\/www.ishcmc.com\/wp-content\/uploads\/sites\/4\/2023\/04\/Asset-4.png?id=10171) !important;background-position: center !important;background-repeat: no-repeat !important;background-size: cover !important;}&#8221;][vc_column][vc_custom_heading text=&#8221;\u0110\u0103ng k\u00fd nh\u1eadp h\u1ecdc t\u1ea1i ISHCMC&#8221; font_container=&#8221;tag:h1|font_size:56px|text_align:center|color:%23ffffff|line_height:64px&#8221; use_theme_fonts=&#8221;yes&#8221; el_class=&#8221;top-heading&#8221;][\/vc_column][\/vc_row][vc_row full_width=&#8221;stretch_row&#8221; content_placement=&#8221;middle&#8221; background_position=&#8221;center top&#8221; css=&#8221;.vc_custom_1755590858943{background-color: #EFF9FE !important;}&#8221;][vc_column width=&#8221;1\/2&#8243;][vc_row_inner content_placement=&#8221;middle&#8221;][vc_column_inner][vc_single_image image=&#8221;28071&#8243; img_size=&#8221;800&#215;800&#8243; css=&#8221;&#8221;][\/vc_column_inner][\/vc_row_inner][\/vc_column][vc_column width=&#8221;1\/2&#8243;][vc_row_inner content_placement=&#8221;middle&#8221; css=&#8221;.vc_custom_1755603614371{margin-top: 50px !important;margin-bottom: 50px !important;}&#8221;][vc_column_inner][vc_custom_heading [&hellip;]<\/p>\n","protected":false},"author":32,"featured_media":0,"parent":30800,"menu_order":4,"comment_status":"closed","ping_status":"closed","template":"redux-templates_contained","meta":{"_acf_changed":false,"footnotes":""},"class_list":["post-29446","page","type-page","status-publish","hentry"],"acf":[],"yoast_head":"<!-- This site is optimized with the Yoast SEO plugin v27.3 - https:\/\/yoast.com\/product\/yoast-seo-wordpress\/ -->\n<title>\u0110\u0103ng K\u00fd Nh\u1eadp H\u1ecdc ISHCMC | H\u01b0\u1edbng D\u1eabn &amp; Quy Tr\u00ecnh Tuy\u1ec3n Sinh<\/title>\n<meta name=\"description\" content=\"T\u00ecm hi\u1ec3u th\u1ee7 t\u1ee5c \u0111\u0103ng k\u00fd nh\u1eadp h\u1ecdc t\u1ea1i ISHCMC, bao g\u1ed3m quy tr\u00ecnh v\u00e0 h\u1ed3 s\u01a1 c\u1ea7n chu\u1ea9n b\u1ecb \u0111\u1ec3 ph\u1ee5 huynh ho\u00e0n t\u1ea5t th\u1ee7 t\u1ee5c cho con.\" \/>\n<meta name=\"robots\" content=\"index, follow, max-snippet:-1, max-image-preview:large, max-video-preview:-1\" \/>\n<link rel=\"canonical\" href=\"https:\/\/www.ishcmc.com\/vi\/admissions\/apply-to-ishcmc\/\" \/>\n<meta property=\"og:locale\" content=\"vi_VN\" \/>\n<meta property=\"og:type\" content=\"article\" \/>\n<meta property=\"og:title\" content=\"\u0110\u0103ng K\u00fd Nh\u1eadp H\u1ecdc ISHCMC | H\u01b0\u1edbng D\u1eabn &amp; Quy Tr\u00ecnh Tuy\u1ec3n Sinh\" \/>\n<meta property=\"og:description\" content=\"T\u00ecm hi\u1ec3u th\u1ee7 t\u1ee5c \u0111\u0103ng k\u00fd nh\u1eadp h\u1ecdc t\u1ea1i ISHCMC, bao g\u1ed3m quy tr\u00ecnh v\u00e0 h\u1ed3 s\u01a1 c\u1ea7n chu\u1ea9n b\u1ecb \u0111\u1ec3 ph\u1ee5 huynh ho\u00e0n t\u1ea5t th\u1ee7 t\u1ee5c cho con.\" \/>\n<meta property=\"og:url\" content=\"https:\/\/www.ishcmc.com\/vi\/admissions\/apply-to-ishcmc\/\" \/>\n<meta property=\"og:site_name\" content=\"ISHCMC\" \/>\n<meta property=\"article:publisher\" content=\"https:\/\/www.facebook.com\/ISHCMC\/\" \/>\n<meta property=\"article:modified_time\" content=\"2025-12-22T06:58:52+00:00\" \/>\n<meta name=\"twitter:card\" content=\"summary_large_image\" \/>\n<meta name=\"twitter:site\" content=\"@ishcmc\" \/>\n<meta name=\"twitter:label1\" content=\"Est. reading time\" \/>\n\t<meta name=\"twitter:data1\" content=\"4 minutes\" \/>\n<!-- \/ Yoast SEO plugin. -->","yoast_head_json":{"title":"\u0110\u0103ng K\u00fd Nh\u1eadp H\u1ecdc ISHCMC | H\u01b0\u1edbng D\u1eabn & Quy Tr\u00ecnh Tuy\u1ec3n Sinh","description":"T\u00ecm hi\u1ec3u th\u1ee7 t\u1ee5c \u0111\u0103ng k\u00fd nh\u1eadp h\u1ecdc t\u1ea1i ISHCMC, bao g\u1ed3m quy tr\u00ecnh v\u00e0 h\u1ed3 s\u01a1 c\u1ea7n chu\u1ea9n b\u1ecb \u0111\u1ec3 ph\u1ee5 huynh ho\u00e0n t\u1ea5t th\u1ee7 t\u1ee5c cho con.","robots":{"index":"index","follow":"follow","max-snippet":"max-snippet:-1","max-image-preview":"max-image-preview:large","max-video-preview":"max-video-preview:-1"},"canonical":"https:\/\/www.ishcmc.com\/vi\/admissions\/apply-to-ishcmc\/","og_locale":"vi_VN","og_type":"article","og_title":"\u0110\u0103ng K\u00fd Nh\u1eadp H\u1ecdc ISHCMC | H\u01b0\u1edbng D\u1eabn & Quy Tr\u00ecnh Tuy\u1ec3n Sinh","og_description":"T\u00ecm hi\u1ec3u th\u1ee7 t\u1ee5c \u0111\u0103ng k\u00fd nh\u1eadp h\u1ecdc t\u1ea1i ISHCMC, bao g\u1ed3m quy tr\u00ecnh v\u00e0 h\u1ed3 s\u01a1 c\u1ea7n chu\u1ea9n b\u1ecb \u0111\u1ec3 ph\u1ee5 huynh ho\u00e0n t\u1ea5t th\u1ee7 t\u1ee5c cho con.","og_url":"https:\/\/www.ishcmc.com\/vi\/admissions\/apply-to-ishcmc\/","og_site_name":"ISHCMC","article_publisher":"https:\/\/www.facebook.com\/ISHCMC\/","article_modified_time":"2025-12-22T06:58:52+00:00","twitter_card":"summary_large_image","twitter_site":"@ishcmc","twitter_misc":{"Est. reading time":"4 minutes"},"schema":{"@context":"https:\/\/schema.org","@graph":[{"@type":"WebPage","@id":"https:\/\/www.ishcmc.com\/vi\/admissions\/apply-to-ishcmc\/","url":"https:\/\/www.ishcmc.com\/vi\/admissions\/apply-to-ishcmc\/","name":"\u0110\u0103ng K\u00fd Nh\u1eadp H\u1ecdc ISHCMC | H\u01b0\u1edbng D\u1eabn & Quy Tr\u00ecnh Tuy\u1ec3n Sinh","isPartOf":{"@id":"https:\/\/www.ishcmc.com\/vi\/#website"},"datePublished":"2025-09-18T10:19:16+00:00","dateModified":"2025-12-22T06:58:52+00:00","description":"T\u00ecm hi\u1ec3u th\u1ee7 t\u1ee5c \u0111\u0103ng k\u00fd nh\u1eadp h\u1ecdc t\u1ea1i ISHCMC, bao g\u1ed3m quy tr\u00ecnh v\u00e0 h\u1ed3 s\u01a1 c\u1ea7n chu\u1ea9n b\u1ecb \u0111\u1ec3 ph\u1ee5 huynh ho\u00e0n t\u1ea5t th\u1ee7 t\u1ee5c cho con.","breadcrumb":{"@id":"https:\/\/www.ishcmc.com\/vi\/admissions\/apply-to-ishcmc\/#breadcrumb"},"inLanguage":"vi-VN","potentialAction":[{"@type":"ReadAction","target":["https:\/\/www.ishcmc.com\/vi\/admissions\/apply-to-ishcmc\/"]}]},{"@type":"BreadcrumbList","@id":"https:\/\/www.ishcmc.com\/vi\/admissions\/apply-to-ishcmc\/#breadcrumb","itemListElement":[{"@type":"ListItem","position":1,"name":"Home","item":"https:\/\/www.ishcmc.com\/vi\/"},{"@type":"ListItem","position":2,"name":"TUY\u1ec2N SINH","item":"https:\/\/www.ishcmc.com\/vi\/admissions\/"},{"@type":"ListItem","position":3,"name":"\u0110\u0103ng k\u00fd nh\u1eadp h\u1ecdc t\u1ea1i ISHCMC"}]},{"@type":"WebSite","@id":"https:\/\/www.ishcmc.com\/vi\/#website","url":"https:\/\/www.ishcmc.com\/vi\/","name":"ISHCMC","description":"The first international school in Ho Chi Minh City","publisher":{"@id":"https:\/\/www.ishcmc.com\/vi\/#organization"},"potentialAction":[{"@type":"SearchAction","target":{"@type":"EntryPoint","urlTemplate":"https:\/\/www.ishcmc.com\/vi\/?s={search_term_string}"},"query-input":{"@type":"PropertyValueSpecification","valueRequired":true,"valueName":"search_term_string"}}],"inLanguage":"vi-VN"},{"@type":"Organization","@id":"https:\/\/www.ishcmc.com\/vi\/#organization","name":"ISHCMC","alternateName":"International School Ho Chi Minh City","url":"https:\/\/www.ishcmc.com\/vi\/","logo":{"@type":"ImageObject","inLanguage":"vi-VN","@id":"https:\/\/www.ishcmc.com\/vi\/#\/schema\/logo\/image\/","url":"https:\/\/www.ishcmc.com\/wp-content\/uploads\/sites\/20\/2022\/03\/ISHCMC-Logo-BW-outline-1-200x200-1.webp","contentUrl":"https:\/\/www.ishcmc.com\/wp-content\/uploads\/sites\/20\/2022\/03\/ISHCMC-Logo-BW-outline-1-200x200-1.webp","width":200,"height":200,"caption":"ISHCMC"},"image":{"@id":"https:\/\/www.ishcmc.com\/vi\/#\/schema\/logo\/image\/"},"sameAs":["https:\/\/www.facebook.com\/ISHCMC\/","https:\/\/x.com\/ishcmc","https:\/\/www.instagram.com\/internationalschoolhcmc\/","https:\/\/vn.linkedin.com\/school\/international-school-ho-chi-minh-city\/","https:\/\/g.co\/kgs\/VoH1TWG","https:\/\/g.co\/kgs\/jX8fji8"]}]}},"jetpack_sharing_enabled":true,"jetpack_shortlink":"https:\/\/wp.me\/Pggbcv-7EW","_links":{"self":[{"href":"https:\/\/www.ishcmc.com\/vi\/wp-json\/wp\/v2\/pages\/29446","targetHints":{"allow":["GET"]}}],"collection":[{"href":"https:\/\/www.ishcmc.com\/vi\/wp-json\/wp\/v2\/pages"}],"about":[{"href":"https:\/\/www.ishcmc.com\/vi\/wp-json\/wp\/v2\/types\/page"}],"author":[{"embeddable":true,"href":"https:\/\/www.ishcmc.com\/vi\/wp-json\/wp\/v2\/users\/32"}],"replies":[{"embeddable":true,"href":"https:\/\/www.ishcmc.com\/vi\/wp-json\/wp\/v2\/comments?post=29446"}],"version-history":[{"count":17,"href":"https:\/\/www.ishcmc.com\/vi\/wp-json\/wp\/v2\/pages\/29446\/revisions"}],"predecessor-version":[{"id":33472,"href":"https:\/\/www.ishcmc.com\/vi\/wp-json\/wp\/v2\/pages\/29446\/revisions\/33472"}],"up":[{"embeddable":true,"href":"https:\/\/www.ishcmc.com\/vi\/wp-json\/wp\/v2\/pages\/30800"}],"wp:attachment":[{"href":"https:\/\/www.ishcmc.com\/vi\/wp-json\/wp\/v2\/media?parent=29446"}],"curies":[{"name":"wp","href":"https:\/\/api.w.org\/{rel}","templated":true}]}}