{"id":28290,"date":"2025-09-18T14:01:22","date_gmt":"2025-09-18T07:01:22","guid":{"rendered":"https:\/\/www.ishcmc.com\/?page_id=28290"},"modified":"2025-12-19T14:16:48","modified_gmt":"2025-12-19T07:16:48","slug":"legacy-of-ib-dp-results","status":"publish","type":"page","link":"https:\/\/www.ishcmc.com\/vi\/success-at-ishcmc\/legacy-of-ib-dp-results\/","title":{"rendered":"Th\u00e0nh t\u1ef1u T\u00fa t\u00e0i Qu\u1ed1c t\u1ebf"},"content":{"rendered":"<div class=\"wpb-content-wrapper\"><p>[vc_row][vc_column][\/vc_column][\/vc_row][vc_row full_width=&#8221;stretch_row_content_no_spaces&#8221; background_position=&#8221;center center&#8221; css=&#8221;.vc_custom_1723089555150{background-position: center !important;background-repeat: no-repeat !important;background-size: cover !important;}&#8221; row_bg_image=&#8221;7914&#8243;][vc_column]\t\t<div class=\"ng-spacing \">\n\t\t\t<div class=\"ng-spacing-empty ng-spacing-md\" style=\"height: 450px\"><\/div>\n\t\t\t<div class=\"ng-spacing-empty ng-spacing-sm\" style=\"height: 300px\"><\/div>\n\t\t\t<div class=\"ng-spacing-empty ng-spacing-xs\" style=\"height: 214px\"><\/div>\n\t\t<\/div>\n\t[\/vc_column][\/vc_row][vc_row full_width=&#8221;stretch_row&#8221; content_placement=&#8221;middle&#8221; css=&#8221;.vc_custom_1723017465623{padding-top: 0px !important;padding-bottom: 0px !important;background: #005490 url(https:\/\/www.ishcmc.com\/wp-content\/uploads\/sites\/4\/2023\/04\/Asset-6.png?id=10173) !important;background-position: center !important;background-repeat: no-repeat !important;background-size: cover !important;}&#8221;][vc_column][vc_custom_heading text=&#8221;Di s\u1ea3n th\u00e0nh t\u00edch IB DP&#8221; font_container=&#8221;tag:h1|font_size:56px|text_align:center|color:%23ffffff|line_height:64px&#8221; use_theme_fonts=&#8221;yes&#8221; el_class=&#8221;top-heading&#8221;][\/vc_column][\/vc_row][vc_row el_class=&#8221;ishcmc-container&#8221;][vc_column]\t\t<div class=\"ng-spacing \">\n\t\t\t<div class=\"ng-spacing-empty ng-spacing-md\" style=\"height: 96px\"><\/div>\n\t\t\t<div class=\"ng-spacing-empty ng-spacing-sm\" style=\"height: 96px\"><\/div>\n\t\t\t<div class=\"ng-spacing-empty ng-spacing-xs\" style=\"height: 48px\"><\/div>\n\t\t<\/div>\n\t[vc_custom_heading text=&#8221;Di s\u1ea3n th\u00e0nh t\u00edch IB DP c\u1ee7a ISHCMC&#8221; font_container=&#8221;tag:h2|text_align:center|color:%23005490&#8243; use_theme_fonts=&#8221;yes&#8221;]\t\t<div class=\"ng-spacing \">\n\t\t\t<div class=\"ng-spacing-empty ng-spacing-md\" style=\"height: 12px\"><\/div>\n\t\t\t<div class=\"ng-spacing-empty ng-spacing-sm\" style=\"height: 12px\"><\/div>\n\t\t\t<div class=\"ng-spacing-empty ng-spacing-xs\" style=\"height: 6px\"><\/div>\n\t\t<\/div>\n\t[vc_separator color=&#8221;custom&#8221; border_width=&#8221;4&#8243; el_width=&#8221;10&#8243; css=&#8221;.vc_custom_1722917822949{padding-right: 25px !important;}&#8221; accent_color=&#8221;#0094bb&#8221; el_class=&#8221;line-ishcmc&#8221;][\/vc_column][\/vc_row][vc_row disable_element=&#8221;yes&#8221; el_class=&#8221;ishcmc-container&#8221; css=&#8221;.vc_custom_1723430283705{background-color: #ffffff !important;}&#8221;][vc_column width=&#8221;1\/2&#8243;][vc_cta h2=&#8221;100%&#8221; h2_font_container=&#8221;tag:h2|font_size:120px|text_align:center|color:%23772d78|line_height:120px&#8221; h2_use_theme_fonts=&#8221;yes&#8221; h4=&#8221;IB DP Pass Rate&#8221; txt_align=&#8221;center&#8221; style=&#8221;custom&#8221; css=&#8221;.vc_custom_1722917001667{border-top-width: 1px !important;border-right-width: 1px !important;border-bottom-width: 1px !important;border-left-width: 1px !important;border-color: #ffffff !important;}&#8221; use_custom_fonts_h2=&#8221;true&#8221; custom_background=&#8221;#ffffff&#8221; el_class=&#8221;w100&#8243;][\/vc_cta][\/vc_column][vc_column width=&#8221;1\/2&#8243;][vc_cta h2=&#8221;45pt&#8221; h2_font_container=&#8221;tag:h2|font_size:120px|text_align:center|color:%23008a43|line_height:120px&#8221; h2_use_theme_fonts=&#8221;yes&#8221; h4=&#8221;Highest Score&#8221; txt_align=&#8221;center&#8221; style=&#8221;custom&#8221; css=&#8221;.vc_custom_1722916911998{border-top-width: 1px !important;border-right-width: 1px !important;border-bottom-width: 1px !important;border-left-width: 1px !important;border-color: #ffffff !important;}&#8221; use_custom_fonts_h2=&#8221;true&#8221; custom_background=&#8221;#ffffff&#8221; el_class=&#8221;w100&#8243;][\/vc_cta][\/vc_column][\/vc_row][vc_row el_class=&#8221;ishcmc-container&#8221;][vc_column]\t\t<div class=\"ng-spacing \">\n\t\t\t<div class=\"ng-spacing-empty ng-spacing-md\" style=\"height: 48px\"><\/div>\n\t\t\t<div class=\"ng-spacing-empty ng-spacing-sm\" style=\"height: 48px\"><\/div>\n\t\t\t<div class=\"ng-spacing-empty ng-spacing-xs\" style=\"height: 24px\"><\/div>\n\t\t<\/div>\n\t[vc_custom_heading text=&#8221;\u0110i\u1ec3m trung b\u00ecnh \u0111\u1ea1t \u0111\u01b0\u1ee3c&#8221; font_container=&#8221;tag:h3|text_align:center&#8221; use_theme_fonts=&#8221;yes&#8221;][vc_column_text css=&#8221;.vc_custom_1723174068675{margin-bottom: 25px !important;}&#8221;]<\/p>\n<p style=\"text-align: center\">ISHCMC lu\u00f4n \u0111\u1ea1t \u0111i\u1ec3m s\u1ed1 cao h\u01a1n m\u1ee9c trung b\u00ecnh to\u00e0n c\u1ea7u c\u1ee7a IB, \u0111\u1ed3ng th\u1eddi tri\u1ec3n khai Ch\u01b0\u01a1ng tr\u00ecnh T\u00fa t\u00e0i Qu\u1ed1c t\u1ebf (IB DP) cho t\u1ea5t c\u1ea3 h\u1ecdc sinh.<\/p>\n<p>[\/vc_column_text][vc_line_chart type=&#8221;line&#8221; style=&#8221;custom&#8221; x_values=&#8221;2005; 2006; 2007; 2008; 2009; 2010; 2011; 2012; 2013; 2014; 2015; 2016; 2017; 2018; 2019; 2020; 2021; 2022; 2023; 2024; 2025&#8243; values=&#8221;%5B%7B%22title%22%3A%22ISHCMC%22%2C%22y_values%22%3A%2233%3B%2033%3B%2032%3B%2031%3B%2030%3B%2030%3B%2033%3B%2031%3B%2033%3B%2032%3B%2032%3B%2034%3B%2032%3B%2034%3B%2033%3B%2034%3B%2036%3B%2036%3B%2034%3B%2034%3B%2034%22%2C%22color%22%3A%22blue%22%2C%22custom_color%22%3A%22%23005490%22%7D%2C%7B%22title%22%3A%22Worldwide%22%2C%22y_values%22%3A%2230.3%3B%2029.9%3B%2029.6%3B%2029.6%3B%2029.5%3B%2029.6%3B%2029.6%3B%2029.8%3B%2029.9%3B%2030.0%3B%2030.2%3B%2030.0%3B%2029.9%3B%2029.8%3B%2029.7%3B%2031.3%3B%2033%3B%2032%3B%2030.2%3B%2030.3%3B%2030.58%22%2C%22color%22%3A%22blue%22%2C%22custom_color%22%3A%22%23db6c2e%22%7D%5D&#8221; animation=&#8221;easeOutElastic&#8221; css_animation=&#8221;fadeInUp&#8221; css=&#8221;&#8221; el_id=&#8221;result-chart&#8221;]\t\t<div class=\"ng-spacing \">\n\t\t\t<div class=\"ng-spacing-empty ng-spacing-md\" style=\"height: 48px\"><\/div>\n\t\t\t<div class=\"ng-spacing-empty ng-spacing-sm\" style=\"height: 48px\"><\/div>\n\t\t\t<div class=\"ng-spacing-empty ng-spacing-xs\" style=\"height: 24px\"><\/div>\n\t\t<\/div>\n\t[\/vc_column][\/vc_row][vc_row el_class=&#8221;ishcmc-container&#8221;][vc_column][vc_custom_heading text=&#8221;Th\u00e0nh t\u00edch Kh\u00f3a 2025 c\u1ee7a ISHCMC so v\u1edbi m\u1ee9c trung b\u00ecnh to\u00e0n c\u1ea7u&#8221; font_container=&#8221;tag:h3|text_align:center&#8221; use_theme_fonts=&#8221;yes&#8221; css=&#8221;&#8221;]\t\t<div class=\"ng-spacing \">\n\t\t\t<div class=\"ng-spacing-empty ng-spacing-md\" style=\"height: 48px\"><\/div>\n\t\t\t<div class=\"ng-spacing-empty ng-spacing-sm\" style=\"height: 48px\"><\/div>\n\t\t\t<div class=\"ng-spacing-empty ng-spacing-xs\" style=\"height: 24px\"><\/div>\n\t\t<\/div>\n\t[vc_progress_bar values=&#8221;%5B%7B%22label%22%3A%22%C4%90i%E1%BB%83m%20trung%20b%C3%ACnh%20ISHCMC%3A%22%2C%22value%22%3A%2234%22%2C%22color%22%3A%22custom%22%2C%22customcolor%22%3A%22%23005490%22%2C%22customtxtcolor%22%3A%22%23ffffff%22%7D%2C%7B%22label%22%3A%22%C4%90i%E1%BB%83m%20trung%20b%C3%ACnh%20to%C3%A0n%20c%E1%BA%A7u%3A%20%22%2C%22value%22%3A%2230.58%22%2C%22color%22%3A%22custom%22%2C%22customcolor%22%3A%22%23db6c2e%22%2C%22customtxtcolor%22%3A%22%23ffffff%22%7D%5D&#8221; bgcolor=&#8221;white&#8221; options=&#8221;striped,animated&#8221; css_animation=&#8221;fadeIn&#8221; css=&#8221;&#8221; units=&#8221; \u0111i\u1ec3m&#8221; el_id=&#8221;average-pt&#8221;]\t\t<div class=\"ng-spacing \">\n\t\t\t<div class=\"ng-spacing-empty ng-spacing-md\" style=\"height: 48px\"><\/div>\n\t\t\t<div class=\"ng-spacing-empty ng-spacing-sm\" style=\"height: 48px\"><\/div>\n\t\t\t<div class=\"ng-spacing-empty ng-spacing-xs\" style=\"height: 24px\"><\/div>\n\t\t<\/div>\n\t[\/vc_column][\/vc_row][vc_row disable_element=&#8221;yes&#8221; el_class=&#8221;ishcmc-container&#8221;][vc_column][vc_custom_heading text=&#8221;Tr\u01b0\u1eddng h\u00f2a nh\u1eadp v\u00e0 Tr\u01b0\u1eddng ch\u1ecdn l\u1ecdc&#8221; font_container=&#8221;tag:h3|text_align:center&#8221; use_theme_fonts=&#8221;yes&#8221;]\t\t<div class=\"ng-spacing \">\n\t\t\t<div class=\"ng-spacing-empty ng-spacing-md\" style=\"height: 12px\"><\/div>\n\t\t\t<div class=\"ng-spacing-empty ng-spacing-sm\" style=\"height: 12px\"><\/div>\n\t\t\t<div class=\"ng-spacing-empty ng-spacing-xs\" style=\"height: 6px\"><\/div>\n\t\t<\/div>\n\t[vc_column_text css=&#8221;.vc_custom_1723017335066{margin-bottom: 15px !important;}&#8221;]<\/p>\n<div class=\"page\" title=\"Page 12\">\n<div class=\"layoutArea\">\n<div class=\"column\">\n<div class=\"page\" title=\"Page 12\">\n<div class=\"layoutArea\">\n<div class=\"column\">\n<p>L\u00e0 m\u1ed9t tr\u01b0\u1eddng h\u00f2a nh\u1eadp, ISHCMC mang \u0111\u1ebfn cho t\u1ea5t c\u1ea3 h\u1ecdc sinh c\u01a1 h\u1ed9i ngang nhau \u0111\u1ec3 tham gia to\u00e0n b\u1ed9 ch\u01b0\u01a1ng tr\u00ecnh h\u1ecdc IBDP.<\/p>\n<\/div>\n<\/div>\n<\/div>\n<\/div>\n<\/div>\n<\/div>\n<p>[\/vc_column_text][vc_progress_bar values=&#8221;%5B%7B%22label%22%3A%22Inclusive%20School%20Avg.%22%2C%22value%22%3A%2234%22%2C%22color%22%3A%22custom%22%2C%22customcolor%22%3A%22%23007ba1%22%2C%22customtxtcolor%22%3A%22%23ffffff%22%7D%5D&#8221; bgcolor=&#8221;white&#8221; options=&#8221;striped,animated&#8221; css_animation=&#8221;fadeIn&#8221; units=&#8221;pt&#8221;][vc_column_text css=&#8221;.vc_custom_1723017327422{margin-bottom: 15px !important;}&#8221;]<\/p>\n<div class=\"page\" title=\"Page 12\">\n<div class=\"layoutArea\">\n<div class=\"column\">\n<div class=\"page\" title=\"Page 12\">\n<div class=\"layoutArea\">\n<div class=\"column\">\n<div class=\"page\" title=\"Page 12\">\n<div class=\"layoutArea\">\n<div class=\"column\">\n<p>N\u1ebfu ch\u00fang t\u00f4i \u00e1p d\u1ee5ng ti\u00eau chu\u1ea9n ch\u1ecdn l\u1ecdc ch\u1ec9 d\u00e0nh cho kho\u1ea3ng m\u1ed9t ph\u1ea7n ba h\u1ecdc sinh theo h\u1ecdc ch\u01b0\u01a1ng tr\u00ecnh DP.<\/p>\n<\/div>\n<\/div>\n<\/div>\n<\/div>\n<\/div>\n<\/div>\n<\/div>\n<\/div>\n<\/div>\n<p>[\/vc_column_text][vc_progress_bar values=&#8221;%5B%7B%22label%22%3A%22Selective%20School%20Avg.%20%22%2C%22value%22%3A%2239%22%2C%22color%22%3A%22custom%22%2C%22customcolor%22%3A%22%23008a43%22%2C%22customtxtcolor%22%3A%22%23ffffff%22%7D%5D&#8221; bgcolor=&#8221;white&#8221; options=&#8221;striped,animated&#8221; css_animation=&#8221;fadeIn&#8221; units=&#8221;pt&#8221;]\t\t<div class=\"ng-spacing \">\n\t\t\t<div class=\"ng-spacing-empty ng-spacing-md\" style=\"height: 48px\"><\/div>\n\t\t\t<div class=\"ng-spacing-empty ng-spacing-sm\" style=\"height: 48px\"><\/div>\n\t\t\t<div class=\"ng-spacing-empty ng-spacing-xs\" style=\"height: 24px\"><\/div>\n\t\t<\/div>\n\t[\/vc_column][\/vc_row][vc_row el_class=&#8221;ishcmc-container&#8221;][vc_column][vc_custom_heading text=&#8221;Th\u00e0nh t\u00edch tr\u00fang tuy\u1ec3n \u0111\u1ea1i h\u1ecdc&#8221; font_container=&#8221;tag:h2|text_align:center|color:%23005490&#8243; use_theme_fonts=&#8221;yes&#8221;]\t\t<div class=\"ng-spacing \">\n\t\t\t<div class=\"ng-spacing-empty ng-spacing-md\" style=\"height: 12px\"><\/div>\n\t\t\t<div class=\"ng-spacing-empty ng-spacing-sm\" style=\"height: 12px\"><\/div>\n\t\t\t<div class=\"ng-spacing-empty ng-spacing-xs\" style=\"height: 6px\"><\/div>\n\t\t<\/div>\n\t[vc_separator color=&#8221;custom&#8221; border_width=&#8221;4&#8243; el_width=&#8221;10&#8243; css=&#8221;.vc_custom_1722917822949{padding-right: 25px !important;}&#8221; accent_color=&#8221;#0094bb&#8221; el_class=&#8221;line-ishcmc&#8221;][vc_single_image image=&#8221;25782&#8243; img_size=&#8221;full&#8221; alignment=&#8221;center&#8221;]\t\t<div class=\"ng-spacing \">\n\t\t\t<div class=\"ng-spacing-empty ng-spacing-md\" style=\"height: 96px\"><\/div>\n\t\t\t<div class=\"ng-spacing-empty ng-spacing-sm\" style=\"height: 96px\"><\/div>\n\t\t\t<div class=\"ng-spacing-empty ng-spacing-xs\" style=\"height: 48px\"><\/div>\n\t\t<\/div>\n\t[\/vc_column][\/vc_row]<\/p>\n<\/div>","protected":false},"excerpt":{"rendered":"<p>[vc_row][vc_column][\/vc_column][\/vc_row][vc_row full_width=&#8221;stretch_row_content_no_spaces&#8221; background_position=&#8221;center center&#8221; css=&#8221;.vc_custom_1723089555150{background-position: center !important;background-repeat: no-repeat !important;background-size: cover !important;}&#8221; row_bg_image=&#8221;7914&#8243;][vc_column][\/vc_column][\/vc_row][vc_row full_width=&#8221;stretch_row&#8221; content_placement=&#8221;middle&#8221; css=&#8221;.vc_custom_1723017465623{padding-top: 0px !important;padding-bottom: 0px !important;background: #005490 url(https:\/\/www.ishcmc.com\/wp-content\/uploads\/sites\/4\/2023\/04\/Asset-6.png?id=10173) !important;background-position: center !important;background-repeat: no-repeat !important;background-size: cover !important;}&#8221;][vc_column][vc_custom_heading text=&#8221;Di s\u1ea3n th\u00e0nh t\u00edch IB DP&#8221; font_container=&#8221;tag:h1|font_size:56px|text_align:center|color:%23ffffff|line_height:64px&#8221; use_theme_fonts=&#8221;yes&#8221; el_class=&#8221;top-heading&#8221;][\/vc_column][\/vc_row][vc_row el_class=&#8221;ishcmc-container&#8221;][vc_column][vc_custom_heading text=&#8221;Di s\u1ea3n th\u00e0nh t\u00edch IB DP c\u1ee7a ISHCMC&#8221; font_container=&#8221;tag:h2|text_align:center|color:%23005490&#8243; use_theme_fonts=&#8221;yes&#8221;][vc_separator color=&#8221;custom&#8221; border_width=&#8221;4&#8243; el_width=&#8221;10&#8243; css=&#8221;.vc_custom_1722917822949{padding-right: 25px !important;}&#8221; accent_color=&#8221;#0094bb&#8221; [&hellip;]<\/p>\n","protected":false},"author":32,"featured_media":0,"parent":30808,"menu_order":3,"comment_status":"closed","ping_status":"closed","template":"redux-templates_full_width","meta":{"_acf_changed":false,"footnotes":""},"class_list":["post-28290","page","type-page","status-publish","hentry"],"acf":[],"yoast_head":"<!-- This site is optimized with the Yoast SEO plugin v27.3 - https:\/\/yoast.com\/product\/yoast-seo-wordpress\/ -->\n<title>Th\u00e0nh t\u1ef1u T\u00fa t\u00e0i Qu\u1ed1c t\u1ebf - ISHCMC<\/title>\n<meta name=\"description\" content=\"T\u00ecm hi\u1ec3u th\u00e0nh t\u00edch IB Diploma v\u00e0 k\u1ebft qu\u1ea3 c\u1ee7a kh\u00f3a t\u1ed1t nghi\u1ec7p t\u1ea1i ISHCMC, gi\u00fap ph\u1ee5 huynh hi\u1ec3u h\u01a1n v\u1ec1 ch\u1ea5t l\u01b0\u1ee3ng h\u1ecdc t\u1eadp v\u00e0 l\u1ed9 tr\u00ecnh t\u01b0\u01a1ng lai c\u1ee7a con.\" \/>\n<meta name=\"robots\" content=\"index, follow, max-snippet:-1, max-image-preview:large, max-video-preview:-1\" \/>\n<link rel=\"canonical\" href=\"https:\/\/www.ishcmc.com\/vi\/success-at-ishcmc\/legacy-of-ib-dp-results\/\" \/>\n<meta property=\"og:locale\" content=\"vi_VN\" \/>\n<meta property=\"og:type\" content=\"article\" \/>\n<meta property=\"og:title\" content=\"Th\u00e0nh t\u1ef1u T\u00fa t\u00e0i Qu\u1ed1c t\u1ebf - ISHCMC\" \/>\n<meta property=\"og:description\" content=\"T\u00ecm hi\u1ec3u th\u00e0nh t\u00edch IB Diploma v\u00e0 k\u1ebft qu\u1ea3 c\u1ee7a kh\u00f3a t\u1ed1t nghi\u1ec7p t\u1ea1i ISHCMC, gi\u00fap ph\u1ee5 huynh hi\u1ec3u h\u01a1n v\u1ec1 ch\u1ea5t l\u01b0\u1ee3ng h\u1ecdc t\u1eadp v\u00e0 l\u1ed9 tr\u00ecnh t\u01b0\u01a1ng lai c\u1ee7a con.\" \/>\n<meta property=\"og:url\" content=\"https:\/\/www.ishcmc.com\/vi\/success-at-ishcmc\/legacy-of-ib-dp-results\/\" \/>\n<meta property=\"og:site_name\" content=\"ISHCMC\" \/>\n<meta property=\"article:publisher\" content=\"https:\/\/www.facebook.com\/ISHCMC\/\" \/>\n<meta property=\"article:modified_time\" content=\"2025-12-19T07:16:48+00:00\" \/>\n<meta name=\"twitter:card\" content=\"summary_large_image\" \/>\n<meta name=\"twitter:site\" content=\"@ishcmc\" \/>\n<meta name=\"twitter:label1\" content=\"Est. reading time\" \/>\n\t<meta name=\"twitter:data1\" content=\"2 minutes\" \/>\n<!-- \/ Yoast SEO plugin. -->","yoast_head_json":{"title":"Th\u00e0nh t\u1ef1u T\u00fa t\u00e0i Qu\u1ed1c t\u1ebf - ISHCMC","description":"T\u00ecm hi\u1ec3u th\u00e0nh t\u00edch IB Diploma v\u00e0 k\u1ebft qu\u1ea3 c\u1ee7a kh\u00f3a t\u1ed1t nghi\u1ec7p t\u1ea1i ISHCMC, gi\u00fap ph\u1ee5 huynh hi\u1ec3u h\u01a1n v\u1ec1 ch\u1ea5t l\u01b0\u1ee3ng h\u1ecdc t\u1eadp v\u00e0 l\u1ed9 tr\u00ecnh t\u01b0\u01a1ng lai c\u1ee7a con.","robots":{"index":"index","follow":"follow","max-snippet":"max-snippet:-1","max-image-preview":"max-image-preview:large","max-video-preview":"max-video-preview:-1"},"canonical":"https:\/\/www.ishcmc.com\/vi\/success-at-ishcmc\/legacy-of-ib-dp-results\/","og_locale":"vi_VN","og_type":"article","og_title":"Th\u00e0nh t\u1ef1u T\u00fa t\u00e0i Qu\u1ed1c t\u1ebf - ISHCMC","og_description":"T\u00ecm hi\u1ec3u th\u00e0nh t\u00edch IB Diploma v\u00e0 k\u1ebft qu\u1ea3 c\u1ee7a kh\u00f3a t\u1ed1t nghi\u1ec7p t\u1ea1i ISHCMC, gi\u00fap ph\u1ee5 huynh hi\u1ec3u h\u01a1n v\u1ec1 ch\u1ea5t l\u01b0\u1ee3ng h\u1ecdc t\u1eadp v\u00e0 l\u1ed9 tr\u00ecnh t\u01b0\u01a1ng lai c\u1ee7a con.","og_url":"https:\/\/www.ishcmc.com\/vi\/success-at-ishcmc\/legacy-of-ib-dp-results\/","og_site_name":"ISHCMC","article_publisher":"https:\/\/www.facebook.com\/ISHCMC\/","article_modified_time":"2025-12-19T07:16:48+00:00","twitter_card":"summary_large_image","twitter_site":"@ishcmc","twitter_misc":{"Est. reading time":"2 minutes"},"schema":{"@context":"https:\/\/schema.org","@graph":[{"@type":"WebPage","@id":"https:\/\/www.ishcmc.com\/vi\/success-at-ishcmc\/legacy-of-ib-dp-results\/","url":"https:\/\/www.ishcmc.com\/vi\/success-at-ishcmc\/legacy-of-ib-dp-results\/","name":"Th\u00e0nh t\u1ef1u T\u00fa t\u00e0i Qu\u1ed1c t\u1ebf - ISHCMC","isPartOf":{"@id":"https:\/\/www.ishcmc.com\/vi\/#website"},"datePublished":"2025-09-18T07:01:22+00:00","dateModified":"2025-12-19T07:16:48+00:00","description":"T\u00ecm hi\u1ec3u th\u00e0nh t\u00edch IB Diploma v\u00e0 k\u1ebft qu\u1ea3 c\u1ee7a kh\u00f3a t\u1ed1t nghi\u1ec7p t\u1ea1i ISHCMC, gi\u00fap ph\u1ee5 huynh hi\u1ec3u h\u01a1n v\u1ec1 ch\u1ea5t l\u01b0\u1ee3ng h\u1ecdc t\u1eadp v\u00e0 l\u1ed9 tr\u00ecnh t\u01b0\u01a1ng lai c\u1ee7a con.","breadcrumb":{"@id":"https:\/\/www.ishcmc.com\/vi\/success-at-ishcmc\/legacy-of-ib-dp-results\/#breadcrumb"},"inLanguage":"vi-VN","potentialAction":[{"@type":"ReadAction","target":["https:\/\/www.ishcmc.com\/vi\/success-at-ishcmc\/legacy-of-ib-dp-results\/"]}]},{"@type":"BreadcrumbList","@id":"https:\/\/www.ishcmc.com\/vi\/success-at-ishcmc\/legacy-of-ib-dp-results\/#breadcrumb","itemListElement":[{"@type":"ListItem","position":1,"name":"Home","item":"https:\/\/www.ishcmc.com\/vi\/"},{"@type":"ListItem","position":2,"name":"TH\u00c0NH T\u1ef0U","item":"https:\/\/www.ishcmc.com\/vi\/success-at-ishcmc\/"},{"@type":"ListItem","position":3,"name":"Th\u00e0nh t\u1ef1u T\u00fa t\u00e0i Qu\u1ed1c t\u1ebf"}]},{"@type":"WebSite","@id":"https:\/\/www.ishcmc.com\/vi\/#website","url":"https:\/\/www.ishcmc.com\/vi\/","name":"ISHCMC","description":"The first international school in Ho Chi Minh City","publisher":{"@id":"https:\/\/www.ishcmc.com\/vi\/#organization"},"potentialAction":[{"@type":"SearchAction","target":{"@type":"EntryPoint","urlTemplate":"https:\/\/www.ishcmc.com\/vi\/?s={search_term_string}"},"query-input":{"@type":"PropertyValueSpecification","valueRequired":true,"valueName":"search_term_string"}}],"inLanguage":"vi-VN"},{"@type":"Organization","@id":"https:\/\/www.ishcmc.com\/vi\/#organization","name":"ISHCMC","alternateName":"International School Ho Chi Minh City","url":"https:\/\/www.ishcmc.com\/vi\/","logo":{"@type":"ImageObject","inLanguage":"vi-VN","@id":"https:\/\/www.ishcmc.com\/vi\/#\/schema\/logo\/image\/","url":"https:\/\/www.ishcmc.com\/wp-content\/uploads\/sites\/20\/2022\/03\/ISHCMC-Logo-BW-outline-1-200x200-1.webp","contentUrl":"https:\/\/www.ishcmc.com\/wp-content\/uploads\/sites\/20\/2022\/03\/ISHCMC-Logo-BW-outline-1-200x200-1.webp","width":200,"height":200,"caption":"ISHCMC"},"image":{"@id":"https:\/\/www.ishcmc.com\/vi\/#\/schema\/logo\/image\/"},"sameAs":["https:\/\/www.facebook.com\/ISHCMC\/","https:\/\/x.com\/ishcmc","https:\/\/www.instagram.com\/internationalschoolhcmc\/","https:\/\/vn.linkedin.com\/school\/international-school-ho-chi-minh-city\/","https:\/\/g.co\/kgs\/VoH1TWG","https:\/\/g.co\/kgs\/jX8fji8"]}]}},"jetpack_sharing_enabled":true,"jetpack_shortlink":"https:\/\/wp.me\/Pggbcv-7mi","_links":{"self":[{"href":"https:\/\/www.ishcmc.com\/vi\/wp-json\/wp\/v2\/pages\/28290","targetHints":{"allow":["GET"]}}],"collection":[{"href":"https:\/\/www.ishcmc.com\/vi\/wp-json\/wp\/v2\/pages"}],"about":[{"href":"https:\/\/www.ishcmc.com\/vi\/wp-json\/wp\/v2\/types\/page"}],"author":[{"embeddable":true,"href":"https:\/\/www.ishcmc.com\/vi\/wp-json\/wp\/v2\/users\/32"}],"replies":[{"embeddable":true,"href":"https:\/\/www.ishcmc.com\/vi\/wp-json\/wp\/v2\/comments?post=28290"}],"version-history":[{"count":9,"href":"https:\/\/www.ishcmc.com\/vi\/wp-json\/wp\/v2\/pages\/28290\/revisions"}],"predecessor-version":[{"id":33918,"href":"https:\/\/www.ishcmc.com\/vi\/wp-json\/wp\/v2\/pages\/28290\/revisions\/33918"}],"up":[{"embeddable":true,"href":"https:\/\/www.ishcmc.com\/vi\/wp-json\/wp\/v2\/pages\/30808"}],"wp:attachment":[{"href":"https:\/\/www.ishcmc.com\/vi\/wp-json\/wp\/v2\/media?parent=28290"}],"curies":[{"name":"wp","href":"https:\/\/api.w.org\/{rel}","templated":true}]}}