{"id":28289,"date":"2025-09-18T13:49:19","date_gmt":"2025-09-18T06:49:19","guid":{"rendered":"https:\/\/www.ishcmc.com\/?page_id=28289"},"modified":"2025-12-19T13:47:41","modified_gmt":"2025-12-19T06:47:41","slug":"leadership-and-service","status":"publish","type":"page","link":"https:\/\/www.ishcmc.com\/vi\/academics\/leadership-and-service\/","title":{"rendered":"L\u00e3nh \u0111\u1ea1o v\u00e0 Ph\u1ee5c v\u1ee5"},"content":{"rendered":"<div class=\"wpb-content-wrapper\"><p>[vc_row full_width=&#8221;stretch_row_content_no_spaces&#8221; css=&#8221;.vc_custom_1696490300645{background-image: url(https:\/\/www.ishcmc.com\/wp-content\/uploads\/sites\/4\/2022\/03\/ISHCMC-Students.jpg?id=11731) !important;background-position: center !important;background-repeat: no-repeat !important;background-size: cover !important;}&#8221;][vc_column]\t\t<div class=\"ng-spacing \">\n\t\t\t<div class=\"ng-spacing-empty ng-spacing-md\" style=\"height: 450px\"><\/div>\n\t\t\t<div class=\"ng-spacing-empty ng-spacing-sm\" style=\"height: 300px\"><\/div>\n\t\t\t<div class=\"ng-spacing-empty ng-spacing-xs\" style=\"height: 214px\"><\/div>\n\t\t<\/div>\n\t[\/vc_column][\/vc_row][vc_row full_width=&#8221;stretch_row&#8221; content_placement=&#8221;middle&#8221; css=&#8221;.vc_custom_1650466275195{padding-top: 0px !important;padding-bottom: 0px !important;background-color: #005490 !important;}&#8221;][vc_column][vc_custom_heading text=&#8221;L\u00e3nh \u0111\u1ea1o v\u00e0 Ph\u1ee5c v\u1ee5&#8221; font_container=&#8221;tag:h1|font_size:56px|text_align:center|color:%23ffffff|line_height:64px&#8221; use_theme_fonts=&#8221;yes&#8221; css=&#8221;&#8221; el_class=&#8221;top-heading&#8221;][\/vc_column][\/vc_row][vc_row full_width=&#8221;stretch_row&#8221; css=&#8221;.vc_custom_1650466278883{background-color: #f9fafb !important;}&#8221;][vc_column][vc_column_text css=&#8221;.vc_custom_1649756508543{padding-top: 48px !important;padding-bottom: 20px !important;}&#8221; el_class=&#8221;bcs-container&#8221;]<strong>L\u00e0 nh\u1eefng c\u00f4ng d\u00e2n c\u00f3 t\u01b0 duy to\u00e0n c\u1ea7u trong m\u1ed9t c\u1ed9ng \u0111\u1ed3ng lu\u00f4n bi\u1ebfn \u0111\u1ed5i, h\u1ecdc sinh c\u1ee7a ch\u00fang t\u00f4i \u1edf m\u1ecdi c\u1ea5p l\u1edbp \u0111\u1ec1u c\u00f3 c\u01a1 h\u1ed9i \u0111\u00f3ng g\u00f3p cho Vi\u1ec7t Nam v\u00e0 c\u1ed9ng \u0111\u1ed3ng c\u1ee7a m\u00ecnh. C\u00e1c ch\u01b0\u01a1ng tr\u00ecnh ph\u00e1t tri\u1ec3n b\u1ec1n v\u1eefng v\u00e0 ph\u1ee5c v\u1ee5 c\u1ed9ng \u0111\u1ed3ng t\u1ea1i ISHCMC do ch\u00ednh h\u1ecdc sinh d\u1eabn d\u1eaft, gi\u00fap c\u00e1c em tr\u1ef1c ti\u1ebfp \u0111\u01b0a nh\u1eefng t\u00e1c \u0111\u1ed9ng t\u00edch c\u1ef1c c\u1ee7a m\u00ecnh cho cu\u1ed9c s\u1ed1ng c\u1ee7a ng\u01b0\u1eddi kh\u00e1c. T\u1eeb Ch\u01b0\u01a1ng tr\u00ecnh Ti\u1ec3u h\u1ecdc (PYP), Trung h\u1ecdc c\u01a1 s\u1edf (MYP) \u0111\u1ebfn Trung h\u1ecdc ph\u1ed5 th\u00f4ng (DP), h\u1ecdc sinh tham gia nhi\u1ec1u ho\u1ea1t \u0111\u1ed9ng phong ph\u00fa song song v\u1edbi vi\u1ec7c h\u1ecdc l\u00fd thuy\u1ebft. <\/strong>[\/vc_column_text][\/vc_column][\/vc_row][vc_row][vc_column]\t\t<div class=\"ng-spacing \">\n\t\t\t<div class=\"ng-spacing-empty ng-spacing-md\" style=\"height: 96px\"><\/div>\n\t\t\t<div class=\"ng-spacing-empty ng-spacing-sm\" style=\"height: 96px\"><\/div>\n\t\t\t<div class=\"ng-spacing-empty ng-spacing-xs\" style=\"height: 48px\"><\/div>\n\t\t<\/div>\n\t[\/vc_column][\/vc_row][vc_row el_class=&#8221;ishcmc-container&#8221;][vc_column][vc_custom_heading text=&#8221;Ch\u01b0\u01a1ng tr\u00ecnh Ti\u1ec3u h\u1ecdc \u2013 H\u00e0nh \u0111\u1ed9ng ph\u1ee5c v\u1ee5 c\u1ed9ng \u0111\u1ed3ng (SA)&#8221; font_container=&#8221;tag:h3|font_size:40px|text_align:left|color:%23005490|line_height:48px&#8221; use_theme_fonts=&#8221;yes&#8221;]\t\t<div class=\"ng-spacing \">\n\t\t\t<div class=\"ng-spacing-empty ng-spacing-md\" style=\"height: 12px\"><\/div>\n\t\t\t<div class=\"ng-spacing-empty ng-spacing-sm\" style=\"height: 12px\"><\/div>\n\t\t\t<div class=\"ng-spacing-empty ng-spacing-xs\" style=\"height: 6px\"><\/div>\n\t\t<\/div>\n\t[vc_separator color=&#8221;custom&#8221; align=&#8221;align_left&#8221; border_width=&#8221;4&#8243; el_width=&#8221;10&#8243; css=&#8221;.vc_custom_1649752711652{padding-right: 25px !important;}&#8221; accent_color=&#8221;#0094bb&#8221; el_class=&#8221;line-ishcmc&#8221;][vc_column_text]H\u1ecdc sinh Ti\u1ec3u h\u1ecdc h\u1ecdc c\u00e1ch nh\u00ecn nh\u1eadn ki\u1ebfn th\u1ee9c, k\u1ef9 n\u0103ng, ph\u1ea9m ch\u1ea5t c\u00e1 nh\u00e2n v\u00e0 s\u1ef1 hi\u1ec3u bi\u1ebft kh\u00e1i ni\u1ec7m nh\u01b0 m\u1ed9t ch\u1ec9nh th\u1ec3 th\u1ed1ng nh\u1ea5t. T\u1eeb \u0111\u00f3, c\u00e1c em bi\u1ebft suy ng\u1eabm v\u1ec1 \u00fd ngh\u0129a c\u1ee7a vi\u1ec7c h\u1ecdc v\u00e0 \u0111\u1ec3 m\u1ed7i b\u00e0i h\u1ecdc tr\u1edf th\u00e0nh h\u00e0nh \u0111\u1ed9ng \u00fd ngh\u0129a t\u1ea1o n\u00ean s\u1ef1 kh\u00e1c bi\u1ec7t trong c\u1ed9ng \u0111\u1ed3ng v\u00e0 xa h\u01a1n n\u1eefa.<\/p>\n<p>T\u1ea1i ISHCMC, h\u1ecdc sinh \u0111\u01b0\u1ee3c khuy\u1ebfn kh\u00edch h\u00e0nh \u0111\u1ed9ng t\u1eeb ch\u00ednh vi\u1ec7c h\u1ecdc c\u1ee7a m\u00ecnh, th\u1ec3 hi\u1ec7n tinh th\u1ea7n tr\u00e1ch nhi\u1ec7m v\u00e0 s\u1ef1 t\u00f4n tr\u1ecdng v\u1edbi b\u1ea3n th\u00e2n, c\u1ed9ng \u0111\u1ed3ng v\u00e0 m\u00f4i tr\u01b0\u1eddng.<\/p>\n<p>H\u00e0nh \u0111\u1ed9ng \u2013 m\u1ed9t y\u1ebfu t\u1ed1 c\u1ed1t l\u00f5i c\u1ee7a ch\u01b0\u01a1ng tr\u00ecnh PYP \u2013 th\u01b0\u1eddng kh\u1edfi \u0111\u1ea7u t\u1eeb nh\u1eefng vi\u1ec7c nh\u1ecf nh\u01b0ng \u0111\u1ea7y quan t\u00e2m v\u00e0 cam k\u1ebft ch\u00e2n th\u00e0nh. Nh\u1eefng tr\u1ea3i nghi\u1ec7m n\u00e0y th\u01b0\u1eddng di\u1ec5n ra ngo\u00e0i l\u1edbp h\u1ecdc, v\u00e0 gi\u00e1o vi\u00ean ISHCMC lu\u00f4n tr\u00e2n tr\u1ecdng, khuy\u1ebfn kh\u00edch c\u00e1c ho\u1ea1t \u0111\u1ed9ng c\u1ed9ng \u0111\u1ed3ng m\u00e0 h\u1ecdc sinh th\u1ef1c hi\u1ec7n b\u00ean ngo\u00e0i tr\u01b0\u1eddng.[\/vc_column_text][vc_single_image image=&#8221;25016&#8243; img_size=&#8221;full&#8221; alignment=&#8221;center&#8221;]\t\t<div class=\"ng-spacing \">\n\t\t\t<div class=\"ng-spacing-empty ng-spacing-md\" style=\"height: 48px\"><\/div>\n\t\t\t<div class=\"ng-spacing-empty ng-spacing-sm\" style=\"height: 48px\"><\/div>\n\t\t\t<div class=\"ng-spacing-empty ng-spacing-xs\" style=\"height: 24px\"><\/div>\n\t\t<\/div>\n\t[\/vc_column][\/vc_row][vc_row el_class=&#8221;ishcmc-container&#8221;][vc_column][vc_custom_heading text=&#8221;Ch\u01b0\u01a1ng tr\u00ecnh THCS \u2013 H\u00e0nh \u0111\u1ed9ng ph\u1ee5c v\u1ee5 c\u1ed9ng \u0111\u1ed3ng (SA)&#8221; font_container=&#8221;tag:h3|font_size:40px|text_align:left|color:%23005490|line_height:48px&#8221; use_theme_fonts=&#8221;yes&#8221;]\t\t<div class=\"ng-spacing \">\n\t\t\t<div class=\"ng-spacing-empty ng-spacing-md\" style=\"height: 12px\"><\/div>\n\t\t\t<div class=\"ng-spacing-empty ng-spacing-sm\" style=\"height: 12px\"><\/div>\n\t\t\t<div class=\"ng-spacing-empty ng-spacing-xs\" style=\"height: 6px\"><\/div>\n\t\t<\/div>\n\t[vc_separator color=&#8221;custom&#8221; align=&#8221;align_left&#8221; border_width=&#8221;4&#8243; el_width=&#8221;10&#8243; css=&#8221;.vc_custom_1649752711652{padding-right: 25px !important;}&#8221; accent_color=&#8221;#0094bb&#8221; el_class=&#8221;line-ishcmc&#8221;][vc_column_text]H\u1ecdc sinh MYP h\u00e0nh \u0111\u1ed9ng b\u1eb1ng c\u00e1ch \u00e1p d\u1ee5ng ki\u1ebfn th\u1ee9c trong v\u00e0 ngo\u00e0i l\u1edbp h\u1ecdc. C\u00e1c em n\u1ed7 l\u1ef1c tr\u1edf th\u00e0nh nh\u1eefng th\u00e0nh vi\u00ean bi\u1ebft quan t\u00e2m, c\u1ed1ng hi\u1ebfn \u0111\u1ec3 t\u1ea1o ra s\u1ef1 kh\u00e1c bi\u1ec7t t\u00edch c\u1ef1c cho c\u1ed9ng \u0111\u1ed3ng v\u00e0 m\u00f4i tr\u01b0\u1eddng.<\/p>\n<p>Th\u00f4ng qua c\u00e1c b\u1ed1i c\u1ea3nh to\u00e0n c\u1ea7u, h\u1ecdc sinh MYP m\u1edf r\u1ed9ng \u00fd t\u01b0\u1edfng v\u00e0 k\u1ef9 n\u0103ng \u0111\u00e3 h\u1ecdc \u0111\u1ec3 kh\u1edfi x\u01b0\u1edbng nh\u1eefng ho\u1ea1t \u0111\u1ed9ng ph\u1ee5c v\u1ee5 c\u1ed9ng \u0111\u1ed3ng, \u0111\u1ed3ng th\u1eddi ch\u1ee7 \u0111\u1ed9ng ch\u1ecbu tr\u00e1ch nhi\u1ec7m cho s\u1ef1 tham gia c\u1ee7a m\u00ecnh, d\u00f9 l\u00e0 c\u00e1 nh\u00e2n hay theo nh\u00f3m.[\/vc_column_text][vc_single_image image=&#8221;25018&#8243; img_size=&#8221;full&#8221; alignment=&#8221;center&#8221;]\t\t<div class=\"ng-spacing \">\n\t\t\t<div class=\"ng-spacing-empty ng-spacing-md\" style=\"height: 48px\"><\/div>\n\t\t\t<div class=\"ng-spacing-empty ng-spacing-sm\" style=\"height: 48px\"><\/div>\n\t\t\t<div class=\"ng-spacing-empty ng-spacing-xs\" style=\"height: 24px\"><\/div>\n\t\t<\/div>\n\t[\/vc_column][\/vc_row][vc_row el_class=&#8221;ishcmc-container&#8221;][vc_column][vc_custom_heading text=&#8221;Ch\u01b0\u01a1ng tr\u00ecnh THPT &#8211; S\u00e1ng t\u1ea1o, Ho\u1ea1t \u0111\u1ed9ng, Ph\u1ee5c v\u1ee5 (CAS)&#8221; font_container=&#8221;tag:h3|font_size:40px|text_align:left|color:%23005490|line_height:48px&#8221; use_theme_fonts=&#8221;yes&#8221;]\t\t<div class=\"ng-spacing \">\n\t\t\t<div class=\"ng-spacing-empty ng-spacing-md\" style=\"height: 12px\"><\/div>\n\t\t\t<div class=\"ng-spacing-empty ng-spacing-sm\" style=\"height: 12px\"><\/div>\n\t\t\t<div class=\"ng-spacing-empty ng-spacing-xs\" style=\"height: 6px\"><\/div>\n\t\t<\/div>\n\t[vc_separator color=&#8221;custom&#8221; align=&#8221;align_left&#8221; border_width=&#8221;4&#8243; el_width=&#8221;10&#8243; css=&#8221;.vc_custom_1649752711652{padding-right: 25px !important;}&#8221; accent_color=&#8221;#0094bb&#8221; el_class=&#8221;line-ishcmc&#8221;][vc_column_text]S\u00e1ng t\u1ea1o &#8211; Ho\u1ea1t \u0111\u1ed9ng &#8211; Ph\u1ee5c v\u1ee5 (CAS) l\u00e0 m\u1ed9t trong ba y\u1ebfu t\u1ed1 c\u1ed1t l\u00f5i m\u00e0 m\u1ed7i h\u1ecdc sinh b\u1eaft bu\u1ed9c ph\u1ea3i ho\u00e0n th\u00e0nh trong Ch\u01b0\u01a1ng tr\u00ecnh Trung h\u1ecdc ph\u1ed5 th\u00f4ng (DP). CAS gi\u00fap h\u1ecdc sinh ph\u00e1t tri\u1ec3n b\u1ea3n th\u00e2n v\u00e0 k\u1ef9 n\u0103ng x\u00e3 h\u1ed9i th\u00f4ng qua vi\u1ec7c h\u1ecdc t\u1eadp b\u1eb1ng tr\u1ea3i nghi\u1ec7m.<\/p>\n<p>Ch\u01b0\u01a1ng tr\u00ecnh t\u1ea1o c\u01a1 h\u1ed9i cho h\u1ecdc sinh r\u00e8n luy\u1ec7n s\u1ef1 t\u1ef1 ch\u1ee7, k\u1ef9 n\u0103ng h\u1ee3p t\u00e1c, nu\u00f4i d\u01b0\u1ee1ng ni\u1ec1m vui v\u00e0 c\u1ea3m gi\u00e1c chinh ph\u1ee5c trong qu\u00e1 tr\u00ecnh tr\u1ea3i nghi\u1ec7m.<\/p>\n<p>H\u00e3y c\u00f9ng kh\u00e1m ph\u00e1 m\u1ed9t s\u1ed1 tr\u1ea3i nghi\u1ec7m tuy\u1ec7t v\u1eddi m\u00e0 h\u1ecdc sinh ISHCMC \u0111\u00e3 t\u1eebng tham gia.[\/vc_column_text][vc_row_inner][vc_column_inner][vc_column_text el_class=&#8221;sustainableHeader&#8221;]<strong>S\u00e1ng t\u1ea1o: ngh\u1ec7 thu\u1eadt v\u00e0 c\u00e1c tr\u1ea3i nghi\u1ec7m kh\u00e1c khuy\u1ebfn kh\u00edch t\u01b0 duy s\u00e1ng t\u1ea1o.<\/strong>[\/vc_column_text][\/vc_column_inner][\/vc_row_inner][vc_row_inner el_class=&#8221;service-list&#8221;][vc_column_inner width=&#8221;1\/2&#8243; offset=&#8221;vc_col-xs-6&#8243;][vc_column_text css=&#8221;&#8221;]<\/p>\n<ul>\n<li>Li\u00ean hoan phim thanh thi\u1ebfu ni\u00ean Ch\u00e2u \u00c1 \u2013 Anime<\/li>\n<li>Th\u1eed th\u00e1ch v\u1ebd ngh\u1ec7 thu\u1eadt<\/li>\n<li>C\u00e2u l\u1ea1c b\u1ed9 \u0111\u1ecdc s\u00e1ch<\/li>\n<li>Ch\u01b0\u01a1ng tr\u00ecnh R\u00e8n luy\u1ec7n k\u1ef9 n\u0103ng l\u00e3nh \u0111\u1ea1o cho thanh thi\u1ebfu ni\u00ean<\/li>\n<li>C\u00e2u l\u1ea1c b\u1ed9 c\u1edd vua<\/li>\n<li>Th\u01b0 ph\u00e1p Trung Hoa<\/li>\n<li>H\u1ee3p x\u01b0\u1edbng<\/li>\n<li>To\u00e1n thi \u0111\u1ea5u<\/li>\n<li>N\u1ea5u \u0103n s\u00e1ng t\u1ea1o<\/li>\n<li>S\u00e1ng t\u00e1c v\u0103n h\u1ecdc<\/li>\n<li>C\u00e2u l\u1ea1c b\u1ed9 tranh bi\u1ec7n<\/li>\n<li>Diamond \u2013 Thi\u1ebft k\u1ebf b\u1eb1ng t\u01b0 duy s\u00e1ng t\u1ea1o<\/li>\n<li>Ti\u1ec3u ph\u1ea9m k\u1ecbch<\/li>\n<li>Tr\u00f2 ch\u01a1i Nh\u1eadp vai \u201cDungeons and Dragons\u201d<\/li>\n<li>\u0110i\u1ec1n v\u00e0o ch\u1ed7 tr\u1ed1ng<\/li>\n<li>Tr\u00f2 ch\u01a1i gi\u1ea3 \u0111\u1ecbnh \u201cNg\u00e0y t\u1eadn th\u1ebf\u201d<\/li>\n<li>C\u00e2u l\u1ea1c b\u1ed9 c\u00f4ng ngh\u1ec7 Genii<\/li>\n<li>V\u1edf di\u1ec5n c\u1ea5p THPT<\/li>\n<li>L\u1edbp c\u1ea3i thi\u1ec7n ti\u1ebfng Vi\u1ec7t<\/li>\n<li>T\u1ea1p ch\u00ed h\u1ecdc sinh ISHCMC Inquirer<\/li>\n<li>Podcast ISHCMC<\/li>\n<li>C\u00e2u l\u1ea1c b\u1ed9 Th\u01a1 ISHCMC<\/li>\n<li>Ti\u1ebfng Nh\u1eadt cho ng\u01b0\u1eddi m\u1edbi b\u1eaft \u0111\u1ea7u<\/li>\n<\/ul>\n<p>[\/vc_column_text][\/vc_column_inner][vc_column_inner width=&#8221;1\/2&#8243; offset=&#8221;vc_col-xs-6&#8243;][vc_column_text css=&#8221;&#8221;]<\/p>\n<ul>\n<li>Ban nh\u1ea1c Jazz<\/li>\n<li>Lun (Little Mun)<\/li>\n<li>V\u1edf k\u1ecbch c\u1ea5p Trung h\u1ecdc c\u01a1 s\u1edf<\/li>\n<li>M\u00f4 ph\u1ecfng Li\u00ean H\u1ee3p Qu\u1ed1c (MUN)<\/li>\n<li>D\u1ef1 \u00e1n \u00e2m nh\u1ea1c Music Jam<\/li>\n<li>C\u00f4ng ngh\u1ec7 \u00e2m nh\u1ea1c<\/li>\n<li>Ph\u00f2ng ngh\u1ec7 thu\u1eadt m\u1edf<\/li>\n<li>Jam nh\u1ea1c m\u1edf<\/li>\n<li>D\u00e0n nh\u1ea1c giao h\u01b0\u1edfng<\/li>\n<li>Nhi\u1ebfp \u1ea3nh<\/li>\n<li>Di\u1ec5n thuy\u1ebft tr\u01b0\u1edbc c\u00f4ng ch\u00fang<\/li>\n<li>\u0110\u00e0i ph\u00e1t thanh Rhino<\/li>\n<li>Qu\u1ef9 \u00e2m nh\u1ea1c Rhino<\/li>\n<li>Ban nh\u1ea1c Rock<\/li>\n<li>Gi\u1ea3i quy\u1ebft nh\u1eefng v\u1ea5n \u0111\u1ec1 h\u00f3c b\u00faa b\u1eb1ng STEM!<\/li>\n<li>D\u00e0n nh\u1ea1c d\u00e2y<\/li>\n<li>Nh\u00f3m h\u1ed7 tr\u1ee3 c\u00f4ng ngh\u1ec7<\/li>\n<li>Kh\u00e1m ph\u00e1 th\u1ebf gi\u1edbi quanh ta<\/li>\n<li>C\u00e2u l\u1ea1c b\u1ed9 l\u1eadp tr\u00ecnh<\/li>\n<li>C\u00e2u l\u1ea1c b\u1ed9 Robotics Vex<\/li>\n<li>N\u1ea5u \u0103n m\u00f3n Vi\u1ec7t Nam<\/li>\n<li>To\u00e1n h\u1ecdc qua gi\u1ecdng n\u00f3i<\/li>\n<li>B\u1ed9 m\u00f4n Warhammer Tab<\/li>\n<\/ul>\n<p>[\/vc_column_text][\/vc_column_inner][\/vc_row_inner][vc_row_inner][vc_column_inner][vc_column_text el_class=&#8221;sustainableHeader&#8221;]<strong>Ho\u1ea1t \u0111\u1ed9ng \u2013 r\u00e8n luy\u1ec7n th\u1ec3 ch\u1ea5t \u0111\u1ec3 duy tr\u00ec l\u1ed1i s\u1ed1ng l\u00e0nh m\u1ea1nh, b\u1ed5 tr\u1ee3 cho vi\u1ec7c h\u1ecdc t\u1eadp trong Ch\u01b0\u01a1ng tr\u00ecnh DP.<\/strong>[\/vc_column_text][\/vc_column_inner][\/vc_row_inner][vc_row_inner el_class=&#8221;service-list&#8221;][vc_column_inner width=&#8221;1\/2&#8243; offset=&#8221;vc_col-xs-6&#8243;][vc_column_text css=&#8221;&#8221;]<\/p>\n<ul>\n<li>C\u1ea7u l\u00f4ng<\/li>\n<li>B\u00f3ng r\u1ed5<\/li>\n<li>Luy\u1ec7n t\u1eadp theo v\u00f2ng<\/li>\n<li>Th\u1ec3 l\u1ef1c cho th\u1ec3 thao<\/li>\n<li>L\u00e0m v\u01b0\u1eddn<\/li>\n<li>T\u1eadp gym \u2013 r\u00e8n luy\u1ec7n th\u1ec3 h\u00ecnh<\/li>\n<\/ul>\n<p>[\/vc_column_text][\/vc_column_inner][vc_column_inner width=&#8221;1\/2&#8243; offset=&#8221;vc_col-xs-6&#8243;][vc_column_text css=&#8221;&#8221;]<\/p>\n<ul>\n<li>B\u01a1i l\u1ed9i gi\u1ea3i tr\u00ed<\/li>\n<li>\u0110\u1ed9i b\u01a1i Stingrays<\/li>\n<li>T\u1eadp luy\u1ec7n t\u0103ng c\u01b0\u1eddng s\u1ee9c m\u1ea1nh<\/li>\n<li>B\u00f3ng b\u00e0n<\/li>\n<li>\u0110\u0129a bay<\/li>\n<li>B\u00f3ng chuy\u1ec1n<\/li>\n<li>Yoga<\/li>\n<\/ul>\n<p>[\/vc_column_text][\/vc_column_inner][\/vc_row_inner][vc_row_inner][vc_column_inner][vc_column_text el_class=&#8221;sustainableHeader&#8221;]<strong>Ph\u1ee5c v\u1ee5 c\u1ed9ng \u0111\u1ed3ng \u2013 ho\u1ea1t \u0111\u1ed9ng t\u00ecnh nguy\u1ec7n, mang l\u1ea1i l\u1ee3i \u00edch h\u1ecdc t\u1eadp cho h\u1ecdc sinh. Quy\u1ec1n l\u1ee3i, nh\u00e2n ph\u1ea9m v\u00e0 s\u1ef1 t\u1ef1 ch\u1ee7 c\u1ee7a t\u1ea5t c\u1ea3 nh\u1eefng ng\u01b0\u1eddi tham gia \u0111\u1ec1u \u0111\u01b0\u1ee3c t\u00f4n tr\u1ecdng. <\/strong>[\/vc_column_text][\/vc_column_inner][\/vc_row_inner][vc_row_inner el_class=&#8221;service-list&#8221;][vc_column_inner width=&#8221;1\/2&#8243; offset=&#8221;vc_col-xs-6&#8243;][vc_column_text css=&#8221;&#8221;]<\/p>\n<ul>\n<li>Trung t\u00e2m C\u1ee9u h\u1ed9 \u0110\u1ed9ng v\u1eadt<\/li>\n<li>D\u1ef1 \u00e1n th\u1ee7 c\u00f4ng<\/li>\n<li>T\u1ed5 ch\u1ee9c Tr\u1ebb em R\u1ed3ng Xanh<\/li>\n<li>Nu\u00f4i d\u01b0\u1ee1ng t\u00e0i n\u0103ng tr\u1ebb<\/li>\n<li>C\u00e1c \u0110\u1ed9i Nh\u00e0 (Nh\u00e0 Tr\u00e2u, Nh\u00e0 R\u1eafn H\u1ed5 Mang, Nh\u00e0 R\u1ed3ng, Nh\u00e0 H\u1ed5)<\/li>\n<li>X\u00f3a b\u1ecf im l\u1eb7ng<\/li>\n<li>S\u1ef1 \u0110a d\u1ea1ng<\/li>\n<li>M\u1ea1ng l\u01b0\u1edbi C\u00e1c v\u1ea5n \u0111\u1ec1 To\u00e0n c\u1ea7u<\/li>\n<li>S\u1ed1ng xanh \u2013 Gi\u1eef s\u1ea1ch<\/li>\n<li>D\u1ef1 \u00e1n b\u00e1n b\u00e1nh g\u00e2y qu\u1ef9 t\u1eeb thi\u1ec7n<\/li>\n<li>\u00c2m nh\u1ea1c ch\u1eefa l\u00e0nh<\/li>\n<li>Nh\u1ecbp tim Vi\u1ec7t Nam<\/li>\n<li>Nh\u00f3m h\u00e0nh \u0111\u1ed9ng v\u00ec Nh\u00e2n quy\u1ec1n<\/li>\n<li>H\u00f4n (D\u1ecbch v\u1ee5 c\u1ed9ng \u0111\u1ed3ng c\u1ee7a h\u1ecdc sinh qu\u1ed1c t\u1ebf H\u00e0n Qu\u1ed1c)<\/li>\n<li>\u0110\u1ed9i nh\u1ea3y ISHCMC<\/li>\n<li>Th\u01b0 vi\u1ec7n Y\u00eau th\u01b0\u01a1ng<\/li>\n<\/ul>\n<p>[\/vc_column_text][\/vc_column_inner][vc_column_inner width=&#8221;1\/2&#8243; offset=&#8221;vc_col-xs-6&#8243;][vc_column_text]<\/p>\n<ul>\n<li>B\u1eadc th\u1ea7y Ch\u00e1nh ni\u1ec7m<\/li>\n<li>T\u00e0i ch\u00ednh vi m\u00f4<\/li>\n<li>Tr\u01b0\u1eddng Nguy\u1ec5n \u0110\u00ecnh Chi\u1ec3u d\u00e0nh cho ng\u01b0\u1eddi khi\u1ebfm th\u1ecb<\/li>\n<li>Ch\u01a1i th\u1ec3 thao nh\u01b0 m\u1ed9t c\u00f4 g\u00e1i<\/li>\n<li>D\u1ef1 \u00e1n n\u00e2ng cao nh\u1eadn th\u1ee9c v\u1ec1 b\u1ec7nh s\u00e1n m\u00e1ng<\/li>\n<li>Khoa h\u1ecdc K\u1ef3 di\u1ec7u<\/li>\n<li>Ng\u00e2n h\u00e0ng N\u1ee5 c\u01b0\u1eddi<\/li>\n<li>H\u1ecdc sinh d\u1ea1y gi\u00e1o vi\u00ean<\/li>\n<li>H\u1ecdc sinh d\u1ea1y h\u1ecdc sinh<\/li>\n<li>Tr\u1ea1i tr\u1ebb m\u1ed3 c\u00f4i Thi\u00ean Ph\u00fac<\/li>\n<li>Nh\u00f3m thi\u1ec7n nguy\u1ec7n Thi\u1ec7n T\u00e2m<\/li>\n<li>K\u00eau g\u1ecdi kh\u1ea9n c\u1ea5p<\/li>\n<li>Nh\u00f3m Ph\u00e1t tri\u1ec3n B\u1ec1n v\u1eefng Li\u00ean H\u1ee3p Qu\u1ed1c<\/li>\n<li>\u0110\u1ed9ng v\u1eadt Hoang d\u00e3 Nguy c\u1ea5p<\/li>\n<li>\u0110\u1ed9ng v\u1eadt Hoang d\u00e3 Nguy c\u1ea5p<\/li>\n<li>Thanh ni\u00ean ph\u1ee5c v\u1ee5 ng\u01b0\u1eddi cao tu\u1ed5i<\/li>\n<\/ul>\n<p>[\/vc_column_text][\/vc_column_inner][\/vc_row_inner][vc_row_inner][vc_column_inner][vc_single_image image=&#8221;25017&#8243; img_size=&#8221;full&#8221; alignment=&#8221;center&#8221;][\/vc_column_inner][\/vc_row_inner][\/vc_column][\/vc_row][vc_row][vc_column][vc_raw_html css=&#8221;.vc_custom_1758611218648{margin-bottom: 0px !important;}&#8221;]JTVCdmNfY29udGVudCUyMGlkJTNEJTIyMjgzMDMlMjIlNUQ=[\/vc_raw_html][\/vc_column][\/vc_row][vc_row full_width=&#8221;stretch_row_content&#8221; css=&#8221;.vc_custom_1649920922127{margin-bottom: 0px !important;}&#8221;][vc_column][vc_raw_html css=&#8221;.vc_custom_1758611201827{margin-bottom: 0px !important;}&#8221;]JTVCdmNfY29udGVudCUyMGlkJTNEJTIyMjgyMjAlMjIlNUQ=[\/vc_raw_html][\/vc_column][\/vc_row]<\/p>\n<\/div>","protected":false},"excerpt":{"rendered":"<p>[vc_row full_width=&#8221;stretch_row_content_no_spaces&#8221; css=&#8221;.vc_custom_1696490300645{background-image: url(https:\/\/www.ishcmc.com\/wp-content\/uploads\/sites\/4\/2022\/03\/ISHCMC-Students.jpg?id=11731) !important;background-position: center !important;background-repeat: no-repeat !important;background-size: cover !important;}&#8221;][vc_column][\/vc_column][\/vc_row][vc_row full_width=&#8221;stretch_row&#8221; content_placement=&#8221;middle&#8221; css=&#8221;.vc_custom_1650466275195{padding-top: 0px !important;padding-bottom: 0px !important;background-color: #005490 !important;}&#8221;][vc_column][vc_custom_heading text=&#8221;L\u00e3nh \u0111\u1ea1o v\u00e0 Ph\u1ee5c v\u1ee5&#8221; font_container=&#8221;tag:h1|font_size:56px|text_align:center|color:%23ffffff|line_height:64px&#8221; use_theme_fonts=&#8221;yes&#8221; css=&#8221;&#8221; el_class=&#8221;top-heading&#8221;][\/vc_column][\/vc_row][vc_row full_width=&#8221;stretch_row&#8221; css=&#8221;.vc_custom_1650466278883{background-color: #f9fafb !important;}&#8221;][vc_column][vc_column_text css=&#8221;.vc_custom_1649756508543{padding-top: 48px !important;padding-bottom: 20px !important;}&#8221; el_class=&#8221;bcs-container&#8221;]L\u00e0 nh\u1eefng c\u00f4ng d\u00e2n c\u00f3 t\u01b0 duy to\u00e0n c\u1ea7u trong m\u1ed9t c\u1ed9ng \u0111\u1ed3ng lu\u00f4n bi\u1ebfn \u0111\u1ed5i, h\u1ecdc [&hellip;]<\/p>\n","protected":false},"author":32,"featured_media":0,"parent":30804,"menu_order":7,"comment_status":"closed","ping_status":"closed","template":"redux-templates_full_width","meta":{"_acf_changed":false,"footnotes":""},"class_list":["post-28289","page","type-page","status-publish","hentry"],"acf":[],"yoast_head":"<!-- This site is optimized with the Yoast SEO plugin v27.3 - https:\/\/yoast.com\/product\/yoast-seo-wordpress\/ -->\n<title>L\u00e3nh \u0111\u1ea1o v\u00e0 Ph\u1ee5c v\u1ee5 - ISHCMC<\/title>\n<meta name=\"description\" content=\"Kh\u00e1m ph\u00e1 c\u00e1ch h\u1ecdc sinh ISHCMC l\u00e3nh \u0111\u1ea1o v\u00e0 ph\u1ee5c v\u1ee5 c\u1ed9ng \u0111\u1ed3ng. T\u1eeb PYP \u0111\u1ebfn DP, c\u00e1c em t\u1ea1o ra t\u00e1c \u0111\u1ed9ng t\u00edch c\u1ef1c song song v\u1edbi h\u1ecdc t\u1eadp.\" \/>\n<meta name=\"robots\" content=\"index, follow, max-snippet:-1, max-image-preview:large, max-video-preview:-1\" \/>\n<link rel=\"canonical\" href=\"https:\/\/www.ishcmc.com\/vi\/academics\/leadership-and-service\/\" \/>\n<meta property=\"og:locale\" content=\"vi_VN\" \/>\n<meta property=\"og:type\" content=\"article\" \/>\n<meta property=\"og:title\" content=\"L\u00e3nh \u0111\u1ea1o v\u00e0 Ph\u1ee5c v\u1ee5 - ISHCMC\" \/>\n<meta property=\"og:description\" content=\"Kh\u00e1m ph\u00e1 c\u00e1ch h\u1ecdc sinh ISHCMC l\u00e3nh \u0111\u1ea1o v\u00e0 ph\u1ee5c v\u1ee5 c\u1ed9ng \u0111\u1ed3ng. T\u1eeb PYP \u0111\u1ebfn DP, c\u00e1c em t\u1ea1o ra t\u00e1c \u0111\u1ed9ng t\u00edch c\u1ef1c song song v\u1edbi h\u1ecdc t\u1eadp.\" \/>\n<meta property=\"og:url\" content=\"https:\/\/www.ishcmc.com\/vi\/academics\/leadership-and-service\/\" \/>\n<meta property=\"og:site_name\" content=\"ISHCMC\" \/>\n<meta property=\"article:publisher\" content=\"https:\/\/www.facebook.com\/ISHCMC\/\" \/>\n<meta property=\"article:modified_time\" content=\"2025-12-19T06:47:41+00:00\" \/>\n<meta name=\"twitter:card\" content=\"summary_large_image\" \/>\n<meta name=\"twitter:site\" content=\"@ishcmc\" \/>\n<meta name=\"twitter:label1\" content=\"Est. reading time\" \/>\n\t<meta name=\"twitter:data1\" content=\"6 minutes\" \/>\n<!-- \/ Yoast SEO plugin. -->","yoast_head_json":{"title":"L\u00e3nh \u0111\u1ea1o v\u00e0 Ph\u1ee5c v\u1ee5 - ISHCMC","description":"Kh\u00e1m ph\u00e1 c\u00e1ch h\u1ecdc sinh ISHCMC l\u00e3nh \u0111\u1ea1o v\u00e0 ph\u1ee5c v\u1ee5 c\u1ed9ng \u0111\u1ed3ng. T\u1eeb PYP \u0111\u1ebfn DP, c\u00e1c em t\u1ea1o ra t\u00e1c \u0111\u1ed9ng t\u00edch c\u1ef1c song song v\u1edbi h\u1ecdc t\u1eadp.","robots":{"index":"index","follow":"follow","max-snippet":"max-snippet:-1","max-image-preview":"max-image-preview:large","max-video-preview":"max-video-preview:-1"},"canonical":"https:\/\/www.ishcmc.com\/vi\/academics\/leadership-and-service\/","og_locale":"vi_VN","og_type":"article","og_title":"L\u00e3nh \u0111\u1ea1o v\u00e0 Ph\u1ee5c v\u1ee5 - ISHCMC","og_description":"Kh\u00e1m ph\u00e1 c\u00e1ch h\u1ecdc sinh ISHCMC l\u00e3nh \u0111\u1ea1o v\u00e0 ph\u1ee5c v\u1ee5 c\u1ed9ng \u0111\u1ed3ng. T\u1eeb PYP \u0111\u1ebfn DP, c\u00e1c em t\u1ea1o ra t\u00e1c \u0111\u1ed9ng t\u00edch c\u1ef1c song song v\u1edbi h\u1ecdc t\u1eadp.","og_url":"https:\/\/www.ishcmc.com\/vi\/academics\/leadership-and-service\/","og_site_name":"ISHCMC","article_publisher":"https:\/\/www.facebook.com\/ISHCMC\/","article_modified_time":"2025-12-19T06:47:41+00:00","twitter_card":"summary_large_image","twitter_site":"@ishcmc","twitter_misc":{"Est. reading time":"6 minutes"},"schema":{"@context":"https:\/\/schema.org","@graph":[{"@type":"WebPage","@id":"https:\/\/www.ishcmc.com\/vi\/academics\/leadership-and-service\/","url":"https:\/\/www.ishcmc.com\/vi\/academics\/leadership-and-service\/","name":"L\u00e3nh \u0111\u1ea1o v\u00e0 Ph\u1ee5c v\u1ee5 - ISHCMC","isPartOf":{"@id":"https:\/\/www.ishcmc.com\/vi\/#website"},"datePublished":"2025-09-18T06:49:19+00:00","dateModified":"2025-12-19T06:47:41+00:00","description":"Kh\u00e1m ph\u00e1 c\u00e1ch h\u1ecdc sinh ISHCMC l\u00e3nh \u0111\u1ea1o v\u00e0 ph\u1ee5c v\u1ee5 c\u1ed9ng \u0111\u1ed3ng. T\u1eeb PYP \u0111\u1ebfn DP, c\u00e1c em t\u1ea1o ra t\u00e1c \u0111\u1ed9ng t\u00edch c\u1ef1c song song v\u1edbi h\u1ecdc t\u1eadp.","breadcrumb":{"@id":"https:\/\/www.ishcmc.com\/vi\/academics\/leadership-and-service\/#breadcrumb"},"inLanguage":"vi-VN","potentialAction":[{"@type":"ReadAction","target":["https:\/\/www.ishcmc.com\/vi\/academics\/leadership-and-service\/"]}]},{"@type":"BreadcrumbList","@id":"https:\/\/www.ishcmc.com\/vi\/academics\/leadership-and-service\/#breadcrumb","itemListElement":[{"@type":"ListItem","position":1,"name":"Home","item":"https:\/\/www.ishcmc.com\/vi\/"},{"@type":"ListItem","position":2,"name":"H\u1eccC THU\u1eacT","item":"https:\/\/www.ishcmc.com\/vi\/academics\/"},{"@type":"ListItem","position":3,"name":"L\u00e3nh \u0111\u1ea1o v\u00e0 Ph\u1ee5c v\u1ee5"}]},{"@type":"WebSite","@id":"https:\/\/www.ishcmc.com\/vi\/#website","url":"https:\/\/www.ishcmc.com\/vi\/","name":"ISHCMC","description":"The first international school in Ho Chi Minh City","publisher":{"@id":"https:\/\/www.ishcmc.com\/vi\/#organization"},"potentialAction":[{"@type":"SearchAction","target":{"@type":"EntryPoint","urlTemplate":"https:\/\/www.ishcmc.com\/vi\/?s={search_term_string}"},"query-input":{"@type":"PropertyValueSpecification","valueRequired":true,"valueName":"search_term_string"}}],"inLanguage":"vi-VN"},{"@type":"Organization","@id":"https:\/\/www.ishcmc.com\/vi\/#organization","name":"ISHCMC","alternateName":"International School Ho Chi Minh City","url":"https:\/\/www.ishcmc.com\/vi\/","logo":{"@type":"ImageObject","inLanguage":"vi-VN","@id":"https:\/\/www.ishcmc.com\/vi\/#\/schema\/logo\/image\/","url":"https:\/\/www.ishcmc.com\/wp-content\/uploads\/sites\/20\/2022\/03\/ISHCMC-Logo-BW-outline-1-200x200-1.webp","contentUrl":"https:\/\/www.ishcmc.com\/wp-content\/uploads\/sites\/20\/2022\/03\/ISHCMC-Logo-BW-outline-1-200x200-1.webp","width":200,"height":200,"caption":"ISHCMC"},"image":{"@id":"https:\/\/www.ishcmc.com\/vi\/#\/schema\/logo\/image\/"},"sameAs":["https:\/\/www.facebook.com\/ISHCMC\/","https:\/\/x.com\/ishcmc","https:\/\/www.instagram.com\/internationalschoolhcmc\/","https:\/\/vn.linkedin.com\/school\/international-school-ho-chi-minh-city\/","https:\/\/g.co\/kgs\/VoH1TWG","https:\/\/g.co\/kgs\/jX8fji8"]}]}},"jetpack_sharing_enabled":true,"jetpack_shortlink":"https:\/\/wp.me\/Pggbcv-7mh","_links":{"self":[{"href":"https:\/\/www.ishcmc.com\/vi\/wp-json\/wp\/v2\/pages\/28289","targetHints":{"allow":["GET"]}}],"collection":[{"href":"https:\/\/www.ishcmc.com\/vi\/wp-json\/wp\/v2\/pages"}],"about":[{"href":"https:\/\/www.ishcmc.com\/vi\/wp-json\/wp\/v2\/types\/page"}],"author":[{"embeddable":true,"href":"https:\/\/www.ishcmc.com\/vi\/wp-json\/wp\/v2\/users\/32"}],"replies":[{"embeddable":true,"href":"https:\/\/www.ishcmc.com\/vi\/wp-json\/wp\/v2\/comments?post=28289"}],"version-history":[{"count":7,"href":"https:\/\/www.ishcmc.com\/vi\/wp-json\/wp\/v2\/pages\/28289\/revisions"}],"predecessor-version":[{"id":33916,"href":"https:\/\/www.ishcmc.com\/vi\/wp-json\/wp\/v2\/pages\/28289\/revisions\/33916"}],"up":[{"embeddable":true,"href":"https:\/\/www.ishcmc.com\/vi\/wp-json\/wp\/v2\/pages\/30804"}],"wp:attachment":[{"href":"https:\/\/www.ishcmc.com\/vi\/wp-json\/wp\/v2\/media?parent=28289"}],"curies":[{"name":"wp","href":"https:\/\/api.w.org\/{rel}","templated":true}]}}