{"id":28284,"date":"2025-09-18T14:00:01","date_gmt":"2025-09-18T07:00:01","guid":{"rendered":"https:\/\/www.ishcmc.com\/?page_id=28284"},"modified":"2025-12-22T13:27:14","modified_gmt":"2025-12-22T06:27:14","slug":"student-spotlight","status":"publish","type":"page","link":"https:\/\/www.ishcmc.com\/vi\/success-at-ishcmc\/student-spotlight\/","title":{"rendered":"H\u1ecdc sinh n\u1ed5i b\u1eadt"},"content":{"rendered":"<div class=\"wpb-content-wrapper\"><p>[vc_row][vc_column][\/vc_column][\/vc_row][vc_row full_width=&#8221;stretch_row_content_no_spaces&#8221; background_position=&#8221;center center&#8221; css=&#8221;.vc_custom_1724309811621{background-position: center !important;background-repeat: no-repeat !important;background-size: cover !important;}&#8221; row_bg_image=&#8221;15568&#8243;][vc_column]\t\t<div class=\"ng-spacing \">\n\t\t\t<div class=\"ng-spacing-empty ng-spacing-md\" style=\"height: 450px\"><\/div>\n\t\t\t<div class=\"ng-spacing-empty ng-spacing-sm\" style=\"height: 300px\"><\/div>\n\t\t\t<div class=\"ng-spacing-empty ng-spacing-xs\" style=\"height: 214px\"><\/div>\n\t\t<\/div>\n\t[\/vc_column][\/vc_row][vc_row full_width=&#8221;stretch_row&#8221; content_placement=&#8221;middle&#8221; css=&#8221;.vc_custom_1723016789610{padding-top: 0px !important;padding-bottom: 0px !important;background: #005490 url(https:\/\/www.ishcmc.com\/wp-content\/uploads\/sites\/4\/2023\/04\/Asset-6.png?id=10173) !important;background-position: center !important;background-repeat: no-repeat !important;background-size: cover !important;}&#8221;][vc_column][vc_custom_heading text=&#8221;G\u01b0\u01a1ng m\u1eb7t H\u1ecdc sinh ISHCMC n\u1ed5i b\u1eadt&#8221; font_container=&#8221;tag:h1|font_size:56px|text_align:center|color:%23ffffff|line_height:64px&#8221; use_theme_fonts=&#8221;yes&#8221; el_class=&#8221;top-heading&#8221;][\/vc_column][\/vc_row][vc_row el_class=&#8221;ishcmc-container&#8221;][vc_column]\t\t<div class=\"ng-spacing \">\n\t\t\t<div class=\"ng-spacing-empty ng-spacing-md\" style=\"height: 96px\"><\/div>\n\t\t\t<div class=\"ng-spacing-empty ng-spacing-sm\" style=\"height: 96px\"><\/div>\n\t\t\t<div class=\"ng-spacing-empty ng-spacing-xs\" style=\"height: 48px\"><\/div>\n\t\t<\/div>\n\t[vc_custom_heading text=&#8221;Nh\u1eefng g\u01b0\u01a1ng m\u1eb7t d\u00e1m tin t\u01b0\u1edfng v\u00e0 ch\u1ea1m t\u1edbi th\u00e0nh c\u00f4ng&#8221; font_container=&#8221;tag:h2|text_align:center|color:%23005490&#8243; use_theme_fonts=&#8221;yes&#8221;]\t\t<div class=\"ng-spacing \">\n\t\t\t<div class=\"ng-spacing-empty ng-spacing-md\" style=\"height: 12px\"><\/div>\n\t\t\t<div class=\"ng-spacing-empty ng-spacing-sm\" style=\"height: 12px\"><\/div>\n\t\t\t<div class=\"ng-spacing-empty ng-spacing-xs\" style=\"height: 6px\"><\/div>\n\t\t<\/div>\n\t[vc_separator color=&#8221;custom&#8221; border_width=&#8221;4&#8243; el_width=&#8221;10&#8243; css=&#8221;.vc_custom_1723002581814{padding-right: 25px !important;}&#8221; accent_color=&#8221;#0094bb&#8221; el_class=&#8221;line-ishcmc&#8221;][\/vc_column][\/vc_row][vc_row full_width=&#8221;stretch_row&#8221; equal_height=&#8221;yes&#8221; el_class=&#8221;width800&#8243;][vc_column][vc_row_inner][vc_column_inner width=&#8221;1\/3&#8243;]\t\n\t\t\t\t\t\t<div class=\"nex-card lazy type5 \" onClick=\"document.location.href = &#039;\/news-and-blog\/primary-students-bring-disneys-story-to-life-on-stage\/&#039;\">\n\t\t\t\t\t\t\t<div class=\"nex-card-image\">\n                    <img decoding=\"async\" width=\"640\" src=\"https:\/\/www.ishcmc.com\/wp-content\/uploads\/sites\/20\/2024\/08\/William-n-Kate-e1722935486356.jpg\" class=\"card-image rounder-4 attachment-full\" alt=\"\" title=\"William-n-Kate-e1722935486356\" \/>                <\/div>\n\t\t\t\t\t\t\t\t\t\t\t\t\t<h3 class=\"mb-0 text-white nex-card-title\"><a href=\"\/news-and-blog\/primary-students-bring-disneys-story-to-life-on-stage\/\" target=\"_self\" >H\u1ecdc sinh Ti\u1ec3u h\u1ecdc t\u00e1i hi\u1ec7n c\u00e2u chuy\u1ec7n Disney s\u1ed1ng \u0111\u1ed9ng tr\u00ean s\u00e2n kh\u1ea5u!<\/a><\/h3>\n\t\t\t\t\t\t\t\t\t\t<a class=\"nex-card-button nex-button-primary\" href=\"\/news-and-blog\/primary-students-bring-disneys-story-to-life-on-stage\/\" target=\"_self\" >Xem chi ti\u1ebft<\/a>\n\t\t\t\t\t\t\t\t<\/div>\n\t\t\t[\/vc_column_inner][vc_column_inner width=&#8221;1\/3&#8243;]\t\n\t\t\t\t\t\t<div class=\"nex-card lazy type5 \" onClick=\"document.location.href = &#039;https:\/\/www.ishcmc.com\/news-and-blog\/making-big-waves-anh-and-his-swim-to-success\/&#039;\">\n\t\t\t\t\t\t\t<div class=\"nex-card-image\">\n                    <img loading=\"lazy\" decoding=\"async\" width=\"640\" height=\"640\" src=\"https:\/\/www.ishcmc.com\/wp-content\/uploads\/sites\/20\/2024\/08\/Anh-ISHCMC-student-1-e1722937953368.jpg\" class=\"card-image rounder-4 attachment-full\" alt=\"\" title=\"Anh-ISHCMC-student-1-e1722937953368\" \/>                <\/div>\n\t\t\t\t\t\t\t\t\t\t\t\t\t<h3 class=\"mb-0 text-white nex-card-title\"><a href=\"https:\/\/www.ishcmc.com\/news-and-blog\/making-big-waves-anh-and-his-swim-to-success\/\" target=\"_self\" >T\u1ea1o l\u00e0n s\u00f3ng l\u1edbn: Anh v\u00e0 h\u00e0nh tr\u00ecnh chinh ph\u1ee5c th\u00e0nh c\u00f4ng v\u1edbi b\u01a1i l\u1ed9i<\/a><\/h3>\n\t\t\t\t\t\t\t\t\t\t<a class=\"nex-card-button nex-button-primary\" href=\"https:\/\/www.ishcmc.com\/news-and-blog\/making-big-waves-anh-and-his-swim-to-success\/\" target=\"_self\" >Xem chi ti\u1ebft<\/a>\n\t\t\t\t\t\t\t\t<\/div>\n\t\t\t[\/vc_column_inner][vc_column_inner width=&#8221;1\/3&#8243;]\t\n\t\t\t\t\t\t<div class=\"nex-card lazy type5 \" onClick=\"document.location.href = &#039;https:\/\/www.ishcmc.com\/news-and-blog\/meet-vt-a-melodic-journey-to-excellence\/&#039;\">\n\t\t\t\t\t\t\t<div class=\"nex-card-image\">\n                    <img loading=\"lazy\" decoding=\"async\" width=\"640\" height=\"640\" src=\"https:\/\/www.ishcmc.com\/wp-content\/uploads\/sites\/20\/2024\/08\/VT-ISHCMC-Student-1-e1722999107831.jpg\" class=\"card-image rounder-4 attachment-full\" alt=\"\" title=\"VT-ISHCMC-Student-1-e1722999107831\" \/>                <\/div>\n\t\t\t\t\t\t\t\t\t\t\t\t\t<h3 class=\"mb-0 text-white nex-card-title\"><a href=\"https:\/\/www.ishcmc.com\/news-and-blog\/meet-vt-a-melodic-journey-to-excellence\/\" target=\"_self\" >G\u1eb7p g\u1ee1 VT: H\u00e0nh tr\u00ecnh \u00e2m nh\u1ea1c d\u1eabn \u0111\u1ebfn th\u00e0nh c\u00f4ng<\/a><\/h3>\n\t\t\t\t\t\t\t\t\t\t<a class=\"nex-card-button nex-button-primary\" href=\"https:\/\/www.ishcmc.com\/news-and-blog\/meet-vt-a-melodic-journey-to-excellence\/\" target=\"_self\" >Xem chi ti\u1ebft<\/a>\n\t\t\t\t\t\t\t\t<\/div>\n\t\t\t[\/vc_column_inner][\/vc_row_inner][\/vc_column][\/vc_row][vc_row el_class=&#8221;ishcmc-container&#8221;][vc_column]\t\t<div class=\"ng-spacing \">\n\t\t\t<div class=\"ng-spacing-empty ng-spacing-md\" style=\"height: 96px\"><\/div>\n\t\t\t<div class=\"ng-spacing-empty ng-spacing-sm\" style=\"height: 96px\"><\/div>\n\t\t\t<div class=\"ng-spacing-empty ng-spacing-xs\" style=\"height: 48px\"><\/div>\n\t\t<\/div>\n\t[vc_custom_heading text=&#8221;G\u01b0\u01a1ng m\u1eb7t C\u1ef1u h\u1ecdc sinh ISHCMC ti\u00eau bi\u1ec3u&#8221; font_container=&#8221;tag:h2|text_align:center|color:%23005490&#8243; use_theme_fonts=&#8221;yes&#8221;]\t\t<div class=\"ng-spacing \">\n\t\t\t<div class=\"ng-spacing-empty ng-spacing-md\" style=\"height: 12px\"><\/div>\n\t\t\t<div class=\"ng-spacing-empty ng-spacing-sm\" style=\"height: 12px\"><\/div>\n\t\t\t<div class=\"ng-spacing-empty ng-spacing-xs\" style=\"height: 6px\"><\/div>\n\t\t<\/div>\n\t[vc_separator color=&#8221;custom&#8221; border_width=&#8221;4&#8243; el_width=&#8221;10&#8243; css=&#8221;.vc_custom_1723002581814{padding-right: 25px !important;}&#8221; accent_color=&#8221;#0094bb&#8221; el_class=&#8221;line-ishcmc&#8221;][\/vc_column][\/vc_row][vc_row full_width=&#8221;stretch_row&#8221; equal_height=&#8221;yes&#8221; el_class=&#8221;width800&#8243;][vc_column][vc_row_inner][vc_column_inner width=&#8221;1\/3&#8243;]\t\n\t\t\t\t\t\t<div class=\"nex-card lazy type5 \" onClick=\"document.location.href = &#039;\/news-and-blog\/maxime-class-of-2019\/&#039;\">\n\t\t\t\t\t\t\t<div class=\"nex-card-image\">\n                    <img decoding=\"async\" class=\"card-image rounder-4 \" src=\"https:\/\/www.ishcmc.com\/wp-content\/uploads\/sites\/20\/2024\/08\/Maxime-2019-500x500-1.jpg\" width=\"500\" height=\"500\" alt=\"Maxime-2019-500x500\" title=\"Maxime-2019-500x500\" loading=\"lazy\" \/>                <\/div>\n\t\t\t\t\t\t\t\t\t\t\t\t\t<h3 class=\"mb-0 text-white nex-card-title\"><a href=\"\/news-and-blog\/maxime-class-of-2019\/\" target=\"_self\" >Maxime, Kh\u00f3a 2019<\/a><\/h3>\n\t\t\t\t\t\t\t\t\t\t<a class=\"nex-card-button nex-button-primary\" href=\"\/news-and-blog\/maxime-class-of-2019\/\" target=\"_self\" >Xem chi ti\u1ebft<\/a>\n\t\t\t\t\t\t\t\t<\/div>\n\t\t\t[\/vc_column_inner][vc_column_inner width=&#8221;1\/3&#8243;]\t\n\t\t\t\t\t\t<div class=\"nex-card lazy type5 \" onClick=\"document.location.href = &#039;\/news-and-blog\/tseng-pin-chaos-art-journey\/&#039;\">\n\t\t\t\t\t\t\t<div class=\"nex-card-image\">\n                    <img decoding=\"async\" class=\"card-image rounder-4 \" src=\"https:\/\/www.ishcmc.com\/wp-content\/uploads\/sites\/20\/2024\/08\/Where-are-they-now-Benson-1-e1723013262458-500x500-1.jpg\" width=\"500\" height=\"500\" alt=\"Where-are-they-now-Benson-1-e1723013262458-500x500\" title=\"Where-are-they-now-Benson-1-e1723013262458-500x500\" loading=\"lazy\" \/>                <\/div>\n\t\t\t\t\t\t\t\t\t\t\t\t\t<h3 class=\"mb-0 text-white nex-card-title\"><a href=\"\/news-and-blog\/tseng-pin-chaos-art-journey\/\" target=\"_self\" >H\u00e0nh tr\u00ecnh ngh\u1ec7 thu\u1eadt c\u1ee7a Tseng Pin-Chao<\/a><\/h3>\n\t\t\t\t\t\t\t\t\t\t<a class=\"nex-card-button nex-button-primary\" href=\"\/news-and-blog\/tseng-pin-chaos-art-journey\/\" target=\"_self\" >Xem chi ti\u1ebft<\/a>\n\t\t\t\t\t\t\t\t<\/div>\n\t\t\t[\/vc_column_inner][vc_column_inner width=&#8221;1\/3&#8243;]\t\n\t\t\t\t\t\t<div class=\"nex-card lazy type5 \" onClick=\"document.location.href = &#039;https:\/\/www.ishcmc.com\/news-and-blog\/reflects-on-global-journey-and-the-impact-of-ib-education\/&#039;\">\n\t\t\t\t\t\t\t<div class=\"nex-card-image\">\n                    <img loading=\"lazy\" decoding=\"async\" width=\"640\" height=\"640\" src=\"https:\/\/www.ishcmc.com\/wp-content\/uploads\/sites\/20\/2024\/08\/Hippo.jpg\" class=\"card-image rounder-4 attachment-full\" alt=\"\" title=\"Hippo\" \/>                <\/div>\n\t\t\t\t\t\t\t\t\t\t\t\t\t<h3 class=\"mb-0 text-white nex-card-title\"><a href=\"https:\/\/www.ishcmc.com\/news-and-blog\/reflects-on-global-journey-and-the-impact-of-ib-education\/\" target=\"_self\" >H\u00e0nh tr\u00ecnh to\u00e0n c\u1ea7u v\u00e0 d\u1ea5u \u1ea5n t\u1eeb gi\u00e1o d\u1ee5c IB<\/a><\/h3>\n\t\t\t\t\t\t\t\t\t\t<a class=\"nex-card-button nex-button-primary\" href=\"https:\/\/www.ishcmc.com\/news-and-blog\/reflects-on-global-journey-and-the-impact-of-ib-education\/\" target=\"_self\" >Xem chi ti\u1ebft<\/a>\n\t\t\t\t\t\t\t\t<\/div>\n\t\t\t[\/vc_column_inner][\/vc_row_inner][\/vc_column][\/vc_row][vc_row][vc_column]\t\t<div class=\"ng-spacing \">\n\t\t\t<div class=\"ng-spacing-empty ng-spacing-md\" style=\"height: 96px\"><\/div>\n\t\t\t<div class=\"ng-spacing-empty ng-spacing-sm\" style=\"height: 96px\"><\/div>\n\t\t\t<div class=\"ng-spacing-empty ng-spacing-xs\" style=\"height: 48px\"><\/div>\n\t\t<\/div>\n\t[\/vc_column][\/vc_row]<\/p>\n<\/div>","protected":false},"excerpt":{"rendered":"<p>[vc_row][vc_column][\/vc_column][\/vc_row][vc_row full_width=&#8221;stretch_row_content_no_spaces&#8221; background_position=&#8221;center center&#8221; css=&#8221;.vc_custom_1724309811621{background-position: center !important;background-repeat: no-repeat !important;background-size: cover !important;}&#8221; row_bg_image=&#8221;15568&#8243;][vc_column][\/vc_column][\/vc_row][vc_row full_width=&#8221;stretch_row&#8221; content_placement=&#8221;middle&#8221; css=&#8221;.vc_custom_1723016789610{padding-top: 0px !important;padding-bottom: 0px !important;background: #005490 url(https:\/\/www.ishcmc.com\/wp-content\/uploads\/sites\/4\/2023\/04\/Asset-6.png?id=10173) !important;background-position: center !important;background-repeat: no-repeat !important;background-size: cover !important;}&#8221;][vc_column][vc_custom_heading text=&#8221;G\u01b0\u01a1ng m\u1eb7t H\u1ecdc sinh ISHCMC n\u1ed5i b\u1eadt&#8221; font_container=&#8221;tag:h1|font_size:56px|text_align:center|color:%23ffffff|line_height:64px&#8221; use_theme_fonts=&#8221;yes&#8221; el_class=&#8221;top-heading&#8221;][\/vc_column][\/vc_row][vc_row el_class=&#8221;ishcmc-container&#8221;][vc_column][vc_custom_heading text=&#8221;Nh\u1eefng g\u01b0\u01a1ng m\u1eb7t d\u00e1m tin t\u01b0\u1edfng v\u00e0 ch\u1ea1m t\u1edbi th\u00e0nh c\u00f4ng&#8221; font_container=&#8221;tag:h2|text_align:center|color:%23005490&#8243; use_theme_fonts=&#8221;yes&#8221;][vc_separator color=&#8221;custom&#8221; border_width=&#8221;4&#8243; el_width=&#8221;10&#8243; [&hellip;]<\/p>\n","protected":false},"author":32,"featured_media":0,"parent":30808,"menu_order":1,"comment_status":"closed","ping_status":"closed","template":"redux-templates_full_width","meta":{"_acf_changed":false,"footnotes":""},"class_list":["post-28284","page","type-page","status-publish","hentry"],"acf":[],"yoast_head":"<!-- This site is optimized with the Yoast SEO plugin v27.3 - https:\/\/yoast.com\/product\/yoast-seo-wordpress\/ -->\n<title>H\u1ecdc sinh n\u1ed5i b\u1eadt - ISHCMC<\/title>\n<meta name=\"description\" content=\"Kh\u00e1m ph\u00e1 nh\u1eefng c\u00e2u chuy\u1ec7n n\u1ed5i b\u1eadt c\u1ee7a h\u1ecdc sinh ISHCMC, ghi d\u1ea5u th\u00e0nh t\u00edch h\u1ecdc t\u1eadp, s\u00e1ng t\u1ea1o v\u00e0 h\u00e0nh tr\u00ecnh ph\u00e1t tri\u1ec3n c\u00e1 nh\u00e2n t\u1ea1i TP.HCM.\" \/>\n<meta name=\"robots\" content=\"index, follow, max-snippet:-1, max-image-preview:large, max-video-preview:-1\" \/>\n<link rel=\"canonical\" href=\"https:\/\/www.ishcmc.com\/vi\/success-at-ishcmc\/student-spotlight\/\" \/>\n<meta property=\"og:locale\" content=\"vi_VN\" \/>\n<meta property=\"og:type\" content=\"article\" \/>\n<meta property=\"og:title\" content=\"H\u1ecdc sinh n\u1ed5i b\u1eadt - ISHCMC\" \/>\n<meta property=\"og:description\" content=\"Kh\u00e1m ph\u00e1 nh\u1eefng c\u00e2u chuy\u1ec7n n\u1ed5i b\u1eadt c\u1ee7a h\u1ecdc sinh ISHCMC, ghi d\u1ea5u th\u00e0nh t\u00edch h\u1ecdc t\u1eadp, s\u00e1ng t\u1ea1o v\u00e0 h\u00e0nh tr\u00ecnh ph\u00e1t tri\u1ec3n c\u00e1 nh\u00e2n t\u1ea1i TP.HCM.\" \/>\n<meta property=\"og:url\" content=\"https:\/\/www.ishcmc.com\/vi\/success-at-ishcmc\/student-spotlight\/\" \/>\n<meta property=\"og:site_name\" content=\"ISHCMC\" \/>\n<meta property=\"article:publisher\" content=\"https:\/\/www.facebook.com\/ISHCMC\/\" \/>\n<meta property=\"article:modified_time\" content=\"2025-12-22T06:27:14+00:00\" \/>\n<meta name=\"twitter:card\" content=\"summary_large_image\" \/>\n<meta name=\"twitter:site\" content=\"@ishcmc\" \/>\n<meta name=\"twitter:label1\" content=\"Est. reading time\" \/>\n\t<meta name=\"twitter:data1\" content=\"3 minutes\" \/>\n<!-- \/ Yoast SEO plugin. -->","yoast_head_json":{"title":"H\u1ecdc sinh n\u1ed5i b\u1eadt - ISHCMC","description":"Kh\u00e1m ph\u00e1 nh\u1eefng c\u00e2u chuy\u1ec7n n\u1ed5i b\u1eadt c\u1ee7a h\u1ecdc sinh ISHCMC, ghi d\u1ea5u th\u00e0nh t\u00edch h\u1ecdc t\u1eadp, s\u00e1ng t\u1ea1o v\u00e0 h\u00e0nh tr\u00ecnh ph\u00e1t tri\u1ec3n c\u00e1 nh\u00e2n t\u1ea1i TP.HCM.","robots":{"index":"index","follow":"follow","max-snippet":"max-snippet:-1","max-image-preview":"max-image-preview:large","max-video-preview":"max-video-preview:-1"},"canonical":"https:\/\/www.ishcmc.com\/vi\/success-at-ishcmc\/student-spotlight\/","og_locale":"vi_VN","og_type":"article","og_title":"H\u1ecdc sinh n\u1ed5i b\u1eadt - ISHCMC","og_description":"Kh\u00e1m ph\u00e1 nh\u1eefng c\u00e2u chuy\u1ec7n n\u1ed5i b\u1eadt c\u1ee7a h\u1ecdc sinh ISHCMC, ghi d\u1ea5u th\u00e0nh t\u00edch h\u1ecdc t\u1eadp, s\u00e1ng t\u1ea1o v\u00e0 h\u00e0nh tr\u00ecnh ph\u00e1t tri\u1ec3n c\u00e1 nh\u00e2n t\u1ea1i TP.HCM.","og_url":"https:\/\/www.ishcmc.com\/vi\/success-at-ishcmc\/student-spotlight\/","og_site_name":"ISHCMC","article_publisher":"https:\/\/www.facebook.com\/ISHCMC\/","article_modified_time":"2025-12-22T06:27:14+00:00","twitter_card":"summary_large_image","twitter_site":"@ishcmc","twitter_misc":{"Est. reading time":"3 minutes"},"schema":{"@context":"https:\/\/schema.org","@graph":[{"@type":"WebPage","@id":"https:\/\/www.ishcmc.com\/vi\/success-at-ishcmc\/student-spotlight\/","url":"https:\/\/www.ishcmc.com\/vi\/success-at-ishcmc\/student-spotlight\/","name":"H\u1ecdc sinh n\u1ed5i b\u1eadt - ISHCMC","isPartOf":{"@id":"https:\/\/www.ishcmc.com\/vi\/#website"},"datePublished":"2025-09-18T07:00:01+00:00","dateModified":"2025-12-22T06:27:14+00:00","description":"Kh\u00e1m ph\u00e1 nh\u1eefng c\u00e2u chuy\u1ec7n n\u1ed5i b\u1eadt c\u1ee7a h\u1ecdc sinh ISHCMC, ghi d\u1ea5u th\u00e0nh t\u00edch h\u1ecdc t\u1eadp, s\u00e1ng t\u1ea1o v\u00e0 h\u00e0nh tr\u00ecnh ph\u00e1t tri\u1ec3n c\u00e1 nh\u00e2n t\u1ea1i TP.HCM.","breadcrumb":{"@id":"https:\/\/www.ishcmc.com\/vi\/success-at-ishcmc\/student-spotlight\/#breadcrumb"},"inLanguage":"vi-VN","potentialAction":[{"@type":"ReadAction","target":["https:\/\/www.ishcmc.com\/vi\/success-at-ishcmc\/student-spotlight\/"]}]},{"@type":"BreadcrumbList","@id":"https:\/\/www.ishcmc.com\/vi\/success-at-ishcmc\/student-spotlight\/#breadcrumb","itemListElement":[{"@type":"ListItem","position":1,"name":"Home","item":"https:\/\/www.ishcmc.com\/vi\/"},{"@type":"ListItem","position":2,"name":"TH\u00c0NH T\u1ef0U","item":"https:\/\/www.ishcmc.com\/vi\/success-at-ishcmc\/"},{"@type":"ListItem","position":3,"name":"H\u1ecdc sinh n\u1ed5i b\u1eadt"}]},{"@type":"WebSite","@id":"https:\/\/www.ishcmc.com\/vi\/#website","url":"https:\/\/www.ishcmc.com\/vi\/","name":"ISHCMC","description":"The first international school in Ho Chi Minh City","publisher":{"@id":"https:\/\/www.ishcmc.com\/vi\/#organization"},"potentialAction":[{"@type":"SearchAction","target":{"@type":"EntryPoint","urlTemplate":"https:\/\/www.ishcmc.com\/vi\/?s={search_term_string}"},"query-input":{"@type":"PropertyValueSpecification","valueRequired":true,"valueName":"search_term_string"}}],"inLanguage":"vi-VN"},{"@type":"Organization","@id":"https:\/\/www.ishcmc.com\/vi\/#organization","name":"ISHCMC","alternateName":"International School Ho Chi Minh City","url":"https:\/\/www.ishcmc.com\/vi\/","logo":{"@type":"ImageObject","inLanguage":"vi-VN","@id":"https:\/\/www.ishcmc.com\/vi\/#\/schema\/logo\/image\/","url":"https:\/\/www.ishcmc.com\/wp-content\/uploads\/sites\/20\/2022\/03\/ISHCMC-Logo-BW-outline-1-200x200-1.webp","contentUrl":"https:\/\/www.ishcmc.com\/wp-content\/uploads\/sites\/20\/2022\/03\/ISHCMC-Logo-BW-outline-1-200x200-1.webp","width":200,"height":200,"caption":"ISHCMC"},"image":{"@id":"https:\/\/www.ishcmc.com\/vi\/#\/schema\/logo\/image\/"},"sameAs":["https:\/\/www.facebook.com\/ISHCMC\/","https:\/\/x.com\/ishcmc","https:\/\/www.instagram.com\/internationalschoolhcmc\/","https:\/\/vn.linkedin.com\/school\/international-school-ho-chi-minh-city\/","https:\/\/g.co\/kgs\/VoH1TWG","https:\/\/g.co\/kgs\/jX8fji8"]}]}},"jetpack_sharing_enabled":true,"jetpack_shortlink":"https:\/\/wp.me\/Pggbcv-7mc","_links":{"self":[{"href":"https:\/\/www.ishcmc.com\/vi\/wp-json\/wp\/v2\/pages\/28284","targetHints":{"allow":["GET"]}}],"collection":[{"href":"https:\/\/www.ishcmc.com\/vi\/wp-json\/wp\/v2\/pages"}],"about":[{"href":"https:\/\/www.ishcmc.com\/vi\/wp-json\/wp\/v2\/types\/page"}],"author":[{"embeddable":true,"href":"https:\/\/www.ishcmc.com\/vi\/wp-json\/wp\/v2\/users\/32"}],"replies":[{"embeddable":true,"href":"https:\/\/www.ishcmc.com\/vi\/wp-json\/wp\/v2\/comments?post=28284"}],"version-history":[{"count":6,"href":"https:\/\/www.ishcmc.com\/vi\/wp-json\/wp\/v2\/pages\/28284\/revisions"}],"predecessor-version":[{"id":29762,"href":"https:\/\/www.ishcmc.com\/vi\/wp-json\/wp\/v2\/pages\/28284\/revisions\/29762"}],"up":[{"embeddable":true,"href":"https:\/\/www.ishcmc.com\/vi\/wp-json\/wp\/v2\/pages\/30808"}],"wp:attachment":[{"href":"https:\/\/www.ishcmc.com\/vi\/wp-json\/wp\/v2\/media?parent=28284"}],"curies":[{"name":"wp","href":"https:\/\/api.w.org\/{rel}","templated":true}]}}