{"id":28281,"date":"2025-09-18T11:27:22","date_gmt":"2025-09-18T04:27:22","guid":{"rendered":"https:\/\/www.ishcmc.com\/?page_id=28281"},"modified":"2025-12-19T14:19:59","modified_gmt":"2025-12-19T07:19:59","slug":"health-centre-and-air-quality","status":"publish","type":"page","link":"https:\/\/www.ishcmc.com\/vi\/beyond-the-classroom\/health-centre-and-air-quality\/","title":{"rendered":"Trung t\u00e2m s\u1ee9c kh\u1ecfe &amp; Ch\u1ea5t l\u01b0\u1ee3ng kh\u00f4ng kh\u00ed"},"content":{"rendered":"<div class=\"wpb-content-wrapper\"><p>[vc_row full_width=&#8221;stretch_row_content_no_spaces&#8221; css=&#8221;.vc_custom_1696498526812{background-image: url(https:\/\/www.ishcmc.com\/wp-content\/uploads\/sites\/4\/2023\/10\/A-Dedicatred-Medical-Centre.jpg?id=11953) !important;background-position: center !important;background-repeat: no-repeat !important;background-size: cover !important;}&#8221;][vc_column]\t\t<div class=\"ng-spacing \">\n\t\t\t<div class=\"ng-spacing-empty ng-spacing-md\" style=\"height: 450px\"><\/div>\n\t\t\t<div class=\"ng-spacing-empty ng-spacing-sm\" style=\"height: 300px\"><\/div>\n\t\t\t<div class=\"ng-spacing-empty ng-spacing-xs\" style=\"height: 214px\"><\/div>\n\t\t<\/div>\n\t[\/vc_column][\/vc_row][vc_row full_width=&#8221;stretch_row&#8221; content_placement=&#8221;middle&#8221; css=&#8221;.vc_custom_1650476427425{padding-top: 0px !important;padding-bottom: 0px !important;background-color: #005490 !important;}&#8221;][vc_column][vc_custom_heading text=&#8221;Trung t\u00e2m Y t\u1ebf T\u1eadn t\u00e2m&#8221; font_container=&#8221;tag:h1|font_size:56px|text_align:center|color:%23ffffff|line_height:64px&#8221; use_theme_fonts=&#8221;yes&#8221; el_class=&#8221;top-heading&#8221;][\/vc_column][\/vc_row][vc_row][vc_column][vc_row_inner css=&#8221;.vc_custom_1754893324328{padding: 30px !important;background-color: #EFF9FE !important;border-radius: 10px !important;}&#8221;][vc_column_inner][vc_icon icon_fontawesome=&#8221;fas fa-quote-left&#8221; color=&#8221;custom&#8221; size=&#8221;xl&#8221; css=&#8221;.vc_custom_1747289610273{margin-top: 35px !important;}&#8221; custom_color=&#8221;#0094BB&#8221;][vc_custom_heading text=&#8221;L\u00e0 tuy\u1ebfn h\u1ed7 tr\u1ee3 v\u00e0 s\u01a1 c\u1ee9u \u0111\u1ea7u ti\u00ean trong su\u1ed1t ng\u00e0y h\u1ecdc, ph\u1ee5c v\u1ee5 cho h\u1ecdc sinh, gi\u00e1o vi\u00ean v\u00e0 kh\u00e1ch tham quan t\u1ea1i tr\u01b0\u1eddng.&#8221; font_container=&#8221;tag:h2|font_size:40px|text_align:left|color:%23005490|line_height:50px&#8221; use_theme_fonts=&#8221;yes&#8221; css=&#8221;&#8221;][vc_icon icon_fontawesome=&#8221;fas fa-quote-right&#8221; color=&#8221;custom&#8221; size=&#8221;xl&#8221; align=&#8221;right&#8221; css=&#8221;&#8221; custom_color=&#8221;#0094BB&#8221;][\/vc_column_inner][\/vc_row_inner][\/vc_column][\/vc_row][vc_row][vc_column]\t\t<div class=\"ng-spacing \">\n\t\t\t<div class=\"ng-spacing-empty ng-spacing-md\" style=\"height: 96px\"><\/div>\n\t\t\t<div class=\"ng-spacing-empty ng-spacing-sm\" style=\"height: 96px\"><\/div>\n\t\t\t<div class=\"ng-spacing-empty ng-spacing-xs\" style=\"height: 48px\"><\/div>\n\t\t<\/div>\n\t[\/vc_column][\/vc_row][vc_row el_class=&#8221;ishcmc-container&#8221;][vc_column][vc_column_text]H\u1ecdc t\u1eadp hi\u1ec7u qu\u1ea3 \u0111\u00f2i h\u1ecfi s\u1ee9c kh\u1ecfe th\u1ec3 ch\u1ea5t v\u00e0 tinh th\u1ea7n t\u1ed1t. Trung t\u00e2m S\u1ee9c kh\u1ecfe (Wellness Centre) cung c\u1ea5p d\u1ecbch v\u1ee5 ch\u0103m s\u00f3c s\u1ee9c kh\u1ecfe ch\u1ea5t l\u01b0\u1ee3ng, c\u00e1 nh\u00e2n h\u00f3a cho h\u1ecdc sinh c\u1ea7n \u0111\u01b0\u1ee3c h\u1ed7 tr\u1ee3 ngay l\u1eadp t\u1ee9c. B\u00ean c\u1ea1nh \u0111\u00f3, Trung t\u00e2m c\u00f2n th\u00fac \u0111\u1ea9y gi\u00e1o d\u1ee5c s\u1ee9c kh\u1ecfe v\u00e0 l\u1ed1i s\u1ed1ng l\u00e0nh m\u1ea1nh cho h\u1ecdc sinh, nh\u00e2n vi\u00ean v\u00e0 c\u00e1c gia \u0111\u00ecnh. M\u1ed9t s\u1ed1 d\u1ecbch v\u1ee5 ch\u00ednh c\u1ee7a Trung t\u00e2m bao g\u1ed3m:<\/p>\n<ul>\n<li>Cung c\u1ea5p \u0111i\u1ec1u tr\u1ecb k\u1ecbp th\u1eddi cho c\u00e1c b\u1ec7nh ho\u1eb7c ch\u1ea5n th\u01b0\u01a1ng x\u1ea3y ra trong ng\u00e0y h\u1ecdc.<\/li>\n<li>H\u1ed7 tr\u1ee3 b\u1ed9 ph\u1eadn gi\u00e1o d\u1ee5c ngo\u00e0i tr\u1eddi, \u0111\u1ea3m b\u1ea3o ti\u00eau chu\u1ea9n cao nh\u1ea5t v\u1ec1 s\u1ee9c kh\u1ecfe v\u00e0 an to\u00e0n trong c\u00e1c chuy\u1ebfn \u0111i h\u1ecdc t\u1eadp.<\/li>\n<li>X\u00e2y d\u1ef1ng v\u00e0 th\u1ef1c hi\u1ec7n k\u1ebf ho\u1ea1ch \u1ee9ng ph\u00f3 kh\u1ea9n c\u1ea5p cho t\u1ea5t c\u1ea3 h\u1ecdc sinh c\u00f3 d\u1ecb \u1ee9ng ho\u1eb7c v\u1ea5n \u0111\u1ec1 y t\u1ebf t\u1eeb m\u1ee9c \u0111\u1ed9 trung b\u00ecnh \u0111\u1ebfn nghi\u00eam tr\u1ecdng.<\/li>\n<li>L\u00e0 ngu\u1ed3n tham kh\u1ea3o cho gi\u00e1o vi\u00ean, ph\u1ee5 huynh v\u00e0 h\u1ecdc sinh<\/li>\n<li>Cung c\u1ea5p t\u01b0 v\u1ea5n s\u1ee9c kh\u1ecfe c\u00e1 nh\u00e2n \u0111\u1ec3 h\u1ed7 tr\u1ee3 nhu c\u1ea7u s\u1ee9c kh\u1ecfe tinh th\u1ea7n v\u00e0 th\u1ec3 ch\u1ea5t, \u0111\u1ed3ng th\u1eddi gi\u1edbi thi\u1ec7u \u0111\u1ebfn c\u00e1c ngu\u1ed3n l\u1ef1c chuy\u00ean m\u00f4n ph\u00f9 h\u1ee3p trong c\u1ed9ng \u0111\u1ed3ng khi c\u1ea7n<\/li>\n<li>\u0110\u00e1nh gi\u00e1 v\u00e0 gi\u00e1m s\u00e1t c\u00e1c b\u1ec7nh truy\u1ec1n nhi\u1ec5m<\/li>\n<li>Th\u1ef1c hi\u1ec7n c\u00e1c ti\u1ebft h\u1ecdc li\u00ean quan \u0111\u1ebfn s\u1ee9c kh\u1ecfe trong l\u1edbp h\u1ecdc<\/li>\n<li>T\u1ed5 ch\u1ee9c c\u00e1c ho\u1ea1t \u0111\u1ed9ng gi\u00e1o d\u1ee5c v\u00e0 truy\u1ec1n th\u00f4ng nh\u1eb1m th\u00fac \u0111\u1ea9y l\u1ed1i s\u1ed1ng l\u00e0nh m\u1ea1nh cho h\u1ecdc sinh v\u00e0 nh\u00e2n vi\u00ean<\/li>\n<\/ul>\n<p>[\/vc_column_text]\t\t<div class=\"ng-spacing \">\n\t\t\t<div class=\"ng-spacing-empty ng-spacing-md\" style=\"height: 16px\"><\/div>\n\t\t\t<div class=\"ng-spacing-empty ng-spacing-sm\" style=\"height: 16px\"><\/div>\n\t\t\t<div class=\"ng-spacing-empty ng-spacing-xs\" style=\"height: 8px\"><\/div>\n\t\t<\/div>\n\t[vc_single_image image=&#8221;25055&#8243; img_size=&#8221;full&#8221;][\/vc_column][\/vc_row][vc_row el_class=&#8221;ishcmc-container&#8221;][vc_column]\t\t<div class=\"ng-spacing \">\n\t\t\t<div class=\"ng-spacing-empty ng-spacing-md\" style=\"height: 16px\"><\/div>\n\t\t\t<div class=\"ng-spacing-empty ng-spacing-sm\" style=\"height: 16px\"><\/div>\n\t\t\t<div class=\"ng-spacing-empty ng-spacing-xs\" style=\"height: 8px\"><\/div>\n\t\t<\/div>\n\t[vc_column_text]C\u00e1c Trung t\u00e2m ch\u0103m s\u00f3c s\u1ee9c kh\u1ecfe To\u00e0n di\u1ec7n t\u1ea1i m\u1ed7i c\u01a1 s\u1edf \u0111\u1ec1u \u0111\u01b0\u1ee3c v\u1eadn h\u00e0nh b\u1edfi \u0111\u1ed9i ng\u0169 nh\u00e2n vi\u00ean y t\u1ebf chuy\u00ean nghi\u1ec7p, \u0111\u01b0\u1ee3c \u0111\u00e0o t\u1ea1o b\u00e0i b\u1ea3n v\u00e0 c\u00f3 gi\u1ea5y ph\u00e9p h\u00e0nh ngh\u1ec1.<\/p>\n<p>Trung t\u00e2m ch\u0103m s\u00f3c s\u1ee9c kh\u1ecfe to\u00e0n di\u1ec7n cung c\u1ea5p s\u01a1 c\u1ee9u cho h\u1ecdc sinh c\u1ea7n ch\u0103m s\u00f3c khi g\u1eb7p ch\u1ea5n th\u01b0\u01a1ng nh\u1eb9 trong th\u1eddi gian \u1edf tr\u01b0\u1eddng. H\u1ed3 s\u01a1 s\u1ee9c kh\u1ecfe c\u1ee7a t\u1ea5t c\u1ea3 h\u1ecdc sinh \u0111\u01b0\u1ee3c l\u01b0u gi\u1eef v\u00e0 b\u1ea3o qu\u1ea3n t\u1ea1i Trung t\u00e2m. N\u1ebfu b\u1ea5t k\u1ef3 h\u1ecdc sinh n\u00e0o b\u1ecb \u1ed1m ho\u1eb7c ch\u1ea5n th\u01b0\u01a1ng khi \u1edf tr\u01b0\u1eddng, nh\u00e2n vi\u00ean trung t\u00e2m s\u1ebd cung c\u1ea5p s\u01a1 c\u1ee9u c\u01a1 b\u1ea3n cho h\u1ecdc sinh \u0111\u00f3.<\/p>\n<p>T\u1ea5t c\u1ea3 gi\u00e1o vi\u00ean v\u00e0 nh\u00e2n vi\u00ean h\u1ed7 tr\u1ee3 l\u1edbp h\u1ecdc \u0111\u1ec1u c\u00f3 ch\u1ee9ng ch\u1ec9 s\u01a1 c\u1ee9u c\u01a1 b\u1ea3n \u0111\u1ec3 \u1ee9ng ph\u00f3 trong tr\u01b0\u1eddng h\u1ee3p kh\u1ea9n c\u1ea5p. C\u00e1c c\u01a1 s\u1edf c\u1ee7a ch\u00fang t\u00f4i \u0111\u01b0\u1ee3c h\u1ed7 tr\u1ee3 b\u1edfi ph\u00f2ng kh\u00e1m n\u1ed9i b\u1ed9, qu\u1ea3n l\u00fd trung t\u00e2m Wellness v\u00e0 \u0111\u1ed9i ng\u0169 y t\u00e1 c\u00f3 tr\u00ecnh \u0111\u1ed9.[\/vc_column_text][\/vc_column][\/vc_row][vc_row][vc_column]\t\t<div class=\"ng-spacing \">\n\t\t\t<div class=\"ng-spacing-empty ng-spacing-md\" style=\"height: 96px\"><\/div>\n\t\t\t<div class=\"ng-spacing-empty ng-spacing-sm\" style=\"height: 96px\"><\/div>\n\t\t\t<div class=\"ng-spacing-empty ng-spacing-xs\" style=\"height: 48px\"><\/div>\n\t\t<\/div>\n\t[\/vc_column][\/vc_row][vc_row][vc_column][vc_raw_html css=&#8221;.vc_custom_1758874858176{margin-bottom: 0px !important;}&#8221;]JTVCdmNfY29udGVudCUyMGlkJTNEJTIyMjg4NjklMjIlNUQ=[\/vc_raw_html][\/vc_column][\/vc_row][vc_row full_width=&#8221;stretch_row_content&#8221; css=&#8221;.vc_custom_1649920922127{margin-bottom: 0px !important;}&#8221;][vc_column][vc_raw_html css=&#8221;.vc_custom_1758874164389{margin-bottom: 0px !important;}&#8221;]JTVCdmNfY29udGVudCUyMGlkJTNEJTIyMjgyMjAlMjIlNUQ=[\/vc_raw_html][\/vc_column][\/vc_row]<\/p>\n<\/div>","protected":false},"excerpt":{"rendered":"<p>[vc_row full_width=&#8221;stretch_row_content_no_spaces&#8221; css=&#8221;.vc_custom_1696498526812{background-image: url(https:\/\/www.ishcmc.com\/wp-content\/uploads\/sites\/4\/2023\/10\/A-Dedicatred-Medical-Centre.jpg?id=11953) !important;background-position: center !important;background-repeat: no-repeat !important;background-size: cover !important;}&#8221;][vc_column][\/vc_column][\/vc_row][vc_row full_width=&#8221;stretch_row&#8221; content_placement=&#8221;middle&#8221; css=&#8221;.vc_custom_1650476427425{padding-top: 0px !important;padding-bottom: 0px !important;background-color: #005490 !important;}&#8221;][vc_column][vc_custom_heading text=&#8221;Trung t\u00e2m Y t\u1ebf T\u1eadn t\u00e2m&#8221; font_container=&#8221;tag:h1|font_size:56px|text_align:center|color:%23ffffff|line_height:64px&#8221; use_theme_fonts=&#8221;yes&#8221; el_class=&#8221;top-heading&#8221;][\/vc_column][\/vc_row][vc_row][vc_column][vc_row_inner css=&#8221;.vc_custom_1754893324328{padding: 30px !important;background-color: #EFF9FE !important;border-radius: 10px !important;}&#8221;][vc_column_inner][vc_icon icon_fontawesome=&#8221;fas fa-quote-left&#8221; color=&#8221;custom&#8221; size=&#8221;xl&#8221; css=&#8221;.vc_custom_1747289610273{margin-top: 35px !important;}&#8221; custom_color=&#8221;#0094BB&#8221;][vc_custom_heading text=&#8221;L\u00e0 tuy\u1ebfn h\u1ed7 tr\u1ee3 v\u00e0 s\u01a1 c\u1ee9u \u0111\u1ea7u ti\u00ean trong su\u1ed1t [&hellip;]<\/p>\n","protected":false},"author":32,"featured_media":0,"parent":30805,"menu_order":5,"comment_status":"closed","ping_status":"closed","template":"redux-templates_full_width","meta":{"_acf_changed":false,"footnotes":""},"class_list":["post-28281","page","type-page","status-publish","hentry"],"acf":[],"yoast_head":"<!-- This site is optimized with the Yoast SEO plugin v27.3 - https:\/\/yoast.com\/product\/yoast-seo-wordpress\/ -->\n<title>Trung t\u00e2m s\u1ee9c kh\u1ecfe &amp; Ch\u1ea5t l\u01b0\u1ee3ng kh\u00f4ng kh\u00ed - ISHCMC<\/title>\n<meta name=\"description\" content=\"Trung t\u00e2m S\u1ee9c kh\u1ecfe &amp; Ch\u1ea5t l\u01b0\u1ee3ng Kh\u00f4ng kh\u00ed ISHCMC: H\u1ed7 tr\u1ee3 y t\u1ebf to\u00e0n di\u1ec7n trong qu\u00e1 tr\u00ecnh h\u1ecdc, \u0111\u1ea3m b\u1ea3o m\u00f4i tr\u01b0\u1eddng an to\u00e0n v\u00e0 ch\u1ea5t l\u01b0\u1ee3ng.\" \/>\n<meta name=\"robots\" content=\"index, follow, max-snippet:-1, max-image-preview:large, max-video-preview:-1\" \/>\n<link rel=\"canonical\" href=\"https:\/\/www.ishcmc.com\/vi\/beyond-the-classroom\/health-centre-and-air-quality\/\" \/>\n<meta property=\"og:locale\" content=\"vi_VN\" \/>\n<meta property=\"og:type\" content=\"article\" \/>\n<meta property=\"og:title\" content=\"Trung t\u00e2m s\u1ee9c kh\u1ecfe &amp; Ch\u1ea5t l\u01b0\u1ee3ng kh\u00f4ng kh\u00ed - ISHCMC\" \/>\n<meta property=\"og:description\" content=\"Trung t\u00e2m S\u1ee9c kh\u1ecfe &amp; Ch\u1ea5t l\u01b0\u1ee3ng Kh\u00f4ng kh\u00ed ISHCMC: H\u1ed7 tr\u1ee3 y t\u1ebf to\u00e0n di\u1ec7n trong qu\u00e1 tr\u00ecnh h\u1ecdc, \u0111\u1ea3m b\u1ea3o m\u00f4i tr\u01b0\u1eddng an to\u00e0n v\u00e0 ch\u1ea5t l\u01b0\u1ee3ng.\" \/>\n<meta property=\"og:url\" content=\"https:\/\/www.ishcmc.com\/vi\/beyond-the-classroom\/health-centre-and-air-quality\/\" \/>\n<meta property=\"og:site_name\" content=\"ISHCMC\" \/>\n<meta property=\"article:publisher\" content=\"https:\/\/www.facebook.com\/ISHCMC\/\" \/>\n<meta property=\"article:modified_time\" content=\"2025-12-19T07:19:59+00:00\" \/>\n<meta name=\"twitter:card\" content=\"summary_large_image\" \/>\n<meta name=\"twitter:site\" content=\"@ishcmc\" \/>\n<meta name=\"twitter:label1\" content=\"Est. reading time\" \/>\n\t<meta name=\"twitter:data1\" content=\"3 minutes\" \/>\n<!-- \/ Yoast SEO plugin. -->","yoast_head_json":{"title":"Trung t\u00e2m s\u1ee9c kh\u1ecfe &amp; Ch\u1ea5t l\u01b0\u1ee3ng kh\u00f4ng kh\u00ed - ISHCMC","description":"Trung t\u00e2m S\u1ee9c kh\u1ecfe & Ch\u1ea5t l\u01b0\u1ee3ng Kh\u00f4ng kh\u00ed ISHCMC: H\u1ed7 tr\u1ee3 y t\u1ebf to\u00e0n di\u1ec7n trong qu\u00e1 tr\u00ecnh h\u1ecdc, \u0111\u1ea3m b\u1ea3o m\u00f4i tr\u01b0\u1eddng an to\u00e0n v\u00e0 ch\u1ea5t l\u01b0\u1ee3ng.","robots":{"index":"index","follow":"follow","max-snippet":"max-snippet:-1","max-image-preview":"max-image-preview:large","max-video-preview":"max-video-preview:-1"},"canonical":"https:\/\/www.ishcmc.com\/vi\/beyond-the-classroom\/health-centre-and-air-quality\/","og_locale":"vi_VN","og_type":"article","og_title":"Trung t\u00e2m s\u1ee9c kh\u1ecfe &amp; Ch\u1ea5t l\u01b0\u1ee3ng kh\u00f4ng kh\u00ed - ISHCMC","og_description":"Trung t\u00e2m S\u1ee9c kh\u1ecfe & Ch\u1ea5t l\u01b0\u1ee3ng Kh\u00f4ng kh\u00ed ISHCMC: H\u1ed7 tr\u1ee3 y t\u1ebf to\u00e0n di\u1ec7n trong qu\u00e1 tr\u00ecnh h\u1ecdc, \u0111\u1ea3m b\u1ea3o m\u00f4i tr\u01b0\u1eddng an to\u00e0n v\u00e0 ch\u1ea5t l\u01b0\u1ee3ng.","og_url":"https:\/\/www.ishcmc.com\/vi\/beyond-the-classroom\/health-centre-and-air-quality\/","og_site_name":"ISHCMC","article_publisher":"https:\/\/www.facebook.com\/ISHCMC\/","article_modified_time":"2025-12-19T07:19:59+00:00","twitter_card":"summary_large_image","twitter_site":"@ishcmc","twitter_misc":{"Est. reading time":"3 minutes"},"schema":{"@context":"https:\/\/schema.org","@graph":[{"@type":"WebPage","@id":"https:\/\/www.ishcmc.com\/vi\/beyond-the-classroom\/health-centre-and-air-quality\/","url":"https:\/\/www.ishcmc.com\/vi\/beyond-the-classroom\/health-centre-and-air-quality\/","name":"Trung t\u00e2m s\u1ee9c kh\u1ecfe &amp; Ch\u1ea5t l\u01b0\u1ee3ng kh\u00f4ng kh\u00ed - ISHCMC","isPartOf":{"@id":"https:\/\/www.ishcmc.com\/vi\/#website"},"datePublished":"2025-09-18T04:27:22+00:00","dateModified":"2025-12-19T07:19:59+00:00","description":"Trung t\u00e2m S\u1ee9c kh\u1ecfe & Ch\u1ea5t l\u01b0\u1ee3ng Kh\u00f4ng kh\u00ed ISHCMC: H\u1ed7 tr\u1ee3 y t\u1ebf to\u00e0n di\u1ec7n trong qu\u00e1 tr\u00ecnh h\u1ecdc, \u0111\u1ea3m b\u1ea3o m\u00f4i tr\u01b0\u1eddng an to\u00e0n v\u00e0 ch\u1ea5t l\u01b0\u1ee3ng.","breadcrumb":{"@id":"https:\/\/www.ishcmc.com\/vi\/beyond-the-classroom\/health-centre-and-air-quality\/#breadcrumb"},"inLanguage":"vi-VN","potentialAction":[{"@type":"ReadAction","target":["https:\/\/www.ishcmc.com\/vi\/beyond-the-classroom\/health-centre-and-air-quality\/"]}]},{"@type":"BreadcrumbList","@id":"https:\/\/www.ishcmc.com\/vi\/beyond-the-classroom\/health-centre-and-air-quality\/#breadcrumb","itemListElement":[{"@type":"ListItem","position":1,"name":"Home","item":"https:\/\/www.ishcmc.com\/vi\/"},{"@type":"ListItem","position":2,"name":"NGO\u00c0I L\u1edaP H\u1eccC","item":"https:\/\/www.ishcmc.com\/vi\/beyond-the-classroom\/"},{"@type":"ListItem","position":3,"name":"Trung t\u00e2m s\u1ee9c kh\u1ecfe &amp; Ch\u1ea5t l\u01b0\u1ee3ng kh\u00f4ng kh\u00ed"}]},{"@type":"WebSite","@id":"https:\/\/www.ishcmc.com\/vi\/#website","url":"https:\/\/www.ishcmc.com\/vi\/","name":"ISHCMC","description":"The first international school in Ho Chi Minh City","publisher":{"@id":"https:\/\/www.ishcmc.com\/vi\/#organization"},"potentialAction":[{"@type":"SearchAction","target":{"@type":"EntryPoint","urlTemplate":"https:\/\/www.ishcmc.com\/vi\/?s={search_term_string}"},"query-input":{"@type":"PropertyValueSpecification","valueRequired":true,"valueName":"search_term_string"}}],"inLanguage":"vi-VN"},{"@type":"Organization","@id":"https:\/\/www.ishcmc.com\/vi\/#organization","name":"ISHCMC","alternateName":"International School Ho Chi Minh City","url":"https:\/\/www.ishcmc.com\/vi\/","logo":{"@type":"ImageObject","inLanguage":"vi-VN","@id":"https:\/\/www.ishcmc.com\/vi\/#\/schema\/logo\/image\/","url":"https:\/\/www.ishcmc.com\/wp-content\/uploads\/sites\/20\/2022\/03\/ISHCMC-Logo-BW-outline-1-200x200-1.webp","contentUrl":"https:\/\/www.ishcmc.com\/wp-content\/uploads\/sites\/20\/2022\/03\/ISHCMC-Logo-BW-outline-1-200x200-1.webp","width":200,"height":200,"caption":"ISHCMC"},"image":{"@id":"https:\/\/www.ishcmc.com\/vi\/#\/schema\/logo\/image\/"},"sameAs":["https:\/\/www.facebook.com\/ISHCMC\/","https:\/\/x.com\/ishcmc","https:\/\/www.instagram.com\/internationalschoolhcmc\/","https:\/\/vn.linkedin.com\/school\/international-school-ho-chi-minh-city\/","https:\/\/g.co\/kgs\/VoH1TWG","https:\/\/g.co\/kgs\/jX8fji8"]}]}},"jetpack_sharing_enabled":true,"jetpack_shortlink":"https:\/\/wp.me\/Pggbcv-7m9","_links":{"self":[{"href":"https:\/\/www.ishcmc.com\/vi\/wp-json\/wp\/v2\/pages\/28281","targetHints":{"allow":["GET"]}}],"collection":[{"href":"https:\/\/www.ishcmc.com\/vi\/wp-json\/wp\/v2\/pages"}],"about":[{"href":"https:\/\/www.ishcmc.com\/vi\/wp-json\/wp\/v2\/types\/page"}],"author":[{"embeddable":true,"href":"https:\/\/www.ishcmc.com\/vi\/wp-json\/wp\/v2\/users\/32"}],"replies":[{"embeddable":true,"href":"https:\/\/www.ishcmc.com\/vi\/wp-json\/wp\/v2\/comments?post=28281"}],"version-history":[{"count":12,"href":"https:\/\/www.ishcmc.com\/vi\/wp-json\/wp\/v2\/pages\/28281\/revisions"}],"predecessor-version":[{"id":33920,"href":"https:\/\/www.ishcmc.com\/vi\/wp-json\/wp\/v2\/pages\/28281\/revisions\/33920"}],"up":[{"embeddable":true,"href":"https:\/\/www.ishcmc.com\/vi\/wp-json\/wp\/v2\/pages\/30805"}],"wp:attachment":[{"href":"https:\/\/www.ishcmc.com\/vi\/wp-json\/wp\/v2\/media?parent=28281"}],"curies":[{"name":"wp","href":"https:\/\/api.w.org\/{rel}","templated":true}]}}