{"id":28251,"date":"2025-09-18T11:24:20","date_gmt":"2025-09-18T04:24:20","guid":{"rendered":"https:\/\/www.ishcmc.com\/?page_id=28251"},"modified":"2026-01-13T14:00:42","modified_gmt":"2026-01-13T07:00:42","slug":"important-dates","status":"publish","type":"page","link":"https:\/\/www.ishcmc.com\/vi\/admissions\/important-dates\/","title":{"rendered":"C\u00e1c ng\u00e0y Quan tr\u1ecdng"},"content":{"rendered":"<div class=\"wpb-content-wrapper\"><p>[vc_row full_width=&#8221;stretch_row_content_no_spaces&#8221; css=&#8221;.vc_custom_1756277427822{background-image: url(https:\/\/www.ishcmc.com\/wp-content\/uploads\/sites\/20\/2025\/08\/291024_3M4A8216_DN-1.jpg?id=23169) !important;background-position: center !important;background-repeat: no-repeat !important;background-size: cover !important;}&#8221;][vc_column]\t\t<div class=\"ng-spacing \">\n\t\t\t<div class=\"ng-spacing-empty ng-spacing-md\" style=\"height: 450px\"><\/div>\n\t\t\t<div class=\"ng-spacing-empty ng-spacing-sm\" style=\"height: 300px\"><\/div>\n\t\t\t<div class=\"ng-spacing-empty ng-spacing-xs\" style=\"height: 214px\"><\/div>\n\t\t<\/div>\n\t[\/vc_column][\/vc_row][vc_row full_width=&#8221;stretch_row&#8221; content_placement=&#8221;middle&#8221; css=&#8221;.vc_custom_1650439863007{padding-top: 0px !important;padding-bottom: 0px !important;background-color: #005490 !important;}&#8221;][vc_column][vc_custom_heading text=&#8221;C\u00e1c ng\u00e0y quan tr\u1ecdng c\u1ea7n l\u01b0u \u00fd&#8221; font_container=&#8221;tag:h1|font_size:56px|text_align:center|color:%23ffffff|line_height:64px&#8221; use_theme_fonts=&#8221;yes&#8221; el_class=&#8221;top-heading&#8221;][\/vc_column][\/vc_row][vc_row full_width=&#8221;stretch_row_content&#8221; css_animation=&#8221;fadeInDown&#8221; css=&#8221;.vc_custom_1747289522747{background-color: #EFF9FE !important;background-position: center !important;background-repeat: no-repeat !important;background-size: cover !important;}&#8221;][vc_column][vc_icon icon_fontawesome=&#8221;fas fa-quote-left&#8221; color=&#8221;custom&#8221; size=&#8221;xl&#8221; css=&#8221;.vc_custom_1747289610273{margin-top: 35px !important;}&#8221; custom_color=&#8221;#0094BB&#8221;][vc_custom_heading text=&#8221;C\u00e1c c\u1ed9t m\u1ed1c quan tr\u1ecdng nh\u01b0 h\u1ed9i th\u1ea3o do h\u1ecdc sinh d\u1eabn d\u1eaft v\u00e0 c\u00e1c bu\u1ed5i l\u1ec5 k\u1ef7 ni\u1ec7m h\u1ecdc t\u1eadp \u0111\u01b0\u1ee3c l\u1ed3ng gh\u00e9p trong n\u0103m h\u1ecdc nh\u1eb1m t\u00f4n vinh qu\u00e1 tr\u00ecnh, ti\u1ebfng n\u00f3i v\u00e0 s\u1ef1 ph\u00e1t tri\u1ec3n c\u1ee7a t\u1eebng h\u1ecdc sinh.&#8221; font_container=&#8221;tag:h2|text_align:left|color:%23005490&#8243; use_theme_fonts=&#8221;yes&#8221; css=&#8221;&#8221;][vc_icon icon_fontawesome=&#8221;fas fa-quote-right&#8221; color=&#8221;custom&#8221; size=&#8221;xl&#8221; align=&#8221;right&#8221; css=&#8221;&#8221; custom_color=&#8221;#0094BB&#8221;][\/vc_column][\/vc_row][vc_row full_width=&#8221;stretch_row&#8221; css=&#8221;.vc_custom_1650439866302{background-color: #f9fafb !important;}&#8221;][vc_column][vc_column_text css=&#8221;.vc_custom_1650187507048{padding-top: 48px !important;padding-bottom: 20px !important;}&#8221; el_class=&#8221;bcs-container&#8221;]<strong>Xin vui l\u00f2ng n\u1eafm r\u00f5 m\u1ed9t s\u1ed1 ng\u00e0y quan tr\u1ecdng \u0111\u1ec3 tr\u00e1nh nh\u1ea7m l\u1eabn trong qu\u00e1 tr\u00ecnh n\u1ed9p h\u1ed3 s\u01a1.<\/strong>[\/vc_column_text][\/vc_column][\/vc_row][vc_row el_class=&#8221;ishcmc-container&#8221;][vc_column][vc_custom_heading text=&#8221;H\u1ea1n ch\u00f3t n\u1ed9p h\u1ed3 s\u01a1 nh\u1eadp h\u1ecdc&#8221; font_container=&#8221;tag:h3|font_size:40px|text_align:left|color:%23005490|line_height:48px&#8221; use_theme_fonts=&#8221;yes&#8221;]\t\t<div class=\"ng-spacing \">\n\t\t\t<div class=\"ng-spacing-empty ng-spacing-md\" style=\"height: 12px\"><\/div>\n\t\t\t<div class=\"ng-spacing-empty ng-spacing-sm\" style=\"height: 12px\"><\/div>\n\t\t\t<div class=\"ng-spacing-empty ng-spacing-xs\" style=\"height: 6px\"><\/div>\n\t\t<\/div>\n\t[vc_separator color=&#8221;custom&#8221; align=&#8221;align_left&#8221; border_width=&#8221;4&#8243; el_width=&#8221;10&#8243; css=&#8221;.vc_custom_1649752711652{padding-right: 25px !important;}&#8221; accent_color=&#8221;#0094bb&#8221; el_class=&#8221;line-ishcmc&#8221;][vc_column_text css=&#8221;&#8221;]<\/p>\n<ol>\n<li><strong>N\u1ed9p h\u1ed3 s\u01a1 b\u1ea5t c\u1ee9 l\u00fac n\u00e0o, cho b\u1ea5t k\u1ef3 th\u1eddi \u0111i\u1ec3m n\u00e0o<\/strong> \u2013 H\u1ed3 s\u01a1 \u0111\u01b0\u1ee3c ch\u1ea5p nh\u1eadn quanh n\u0103m.<\/li>\n<li><strong>K\u1ef3 nh\u1eadp h\u1ecdc th\u00e1ng 8<\/strong> \u2013 T\u1eeb th\u00e1ng 2 h\u00e0ng n\u0103m, ch\u00fang t\u00f4i b\u1eaft \u0111\u1ea7u m\u1edf c\u00e1c su\u1ea5t nh\u1eadp h\u1ecdc cho k\u1ef3 th\u00e1ng 8. \u0110\u1ec3 \u0111\u01b0\u1ee3c x\u00e9t tuy\u1ec3n trong \u0111\u1ee3t \u0111\u1ea7u ti\u00ean, ch\u00fang t\u00f4i khuy\u1ebfn kh\u00edch ph\u1ee5 huynh n\u1ed9p h\u1ed3 s\u01a1 nh\u1eadp h\u1ecdc tr\u01b0\u1edbc th\u1eddi \u0111i\u1ec3m cu\u1ed1i th\u00e1ng 12.<\/li>\n<li>Ch\u00fang t\u00f4i v\u1eabn nh\u1eadn h\u1ed3 s\u01a1 trong su\u1ed1t m\u00f9a h\u00e8, tuy nhi\u00ean \u0111\u1ec3 ch\u1eafc ch\u1eafn su\u1ea5t nh\u1eadp h\u1ecdc, ch\u00fang t\u00f4i khuy\u1ebfn kh\u00edch n\u1ed9p h\u1ed3 s\u01a1 tr\u01b0\u1edbc th\u1eddi \u0111i\u1ec3m cu\u1ed1i th\u00e1ng 5.<\/li>\n<\/ol>\n<p>[\/vc_column_text][\/vc_column][\/vc_row][vc_row el_class=&#8221;ishcmc-container&#8221;][vc_column][vc_custom_heading text=&#8221;C\u00e1c m\u1ed1c th\u1eddi gian&#8221; font_container=&#8221;tag:h3|font_size:40px|text_align:left|color:%23005490|line_height:48px&#8221; use_theme_fonts=&#8221;yes&#8221;]\t\t<div class=\"ng-spacing \">\n\t\t\t<div class=\"ng-spacing-empty ng-spacing-md\" style=\"height: 12px\"><\/div>\n\t\t\t<div class=\"ng-spacing-empty ng-spacing-sm\" style=\"height: 12px\"><\/div>\n\t\t\t<div class=\"ng-spacing-empty ng-spacing-xs\" style=\"height: 6px\"><\/div>\n\t\t<\/div>\n\t[vc_separator color=&#8221;custom&#8221; align=&#8221;align_left&#8221; border_width=&#8221;4&#8243; el_width=&#8221;10&#8243; css=&#8221;.vc_custom_1649925472075{padding-right: 25px !important;}&#8221; accent_color=&#8221;#0094bb&#8221; el_class=&#8221;line-ishcmc&#8221;]\t<div class=\"ng-downloadables column_1 \">\n\t\t<div class=\"row\">\n\t\t\t<div class=\"col-md-12 col-sm-12 col-xs-12\">\n\t\t\t\t\t\t\t\t\t\t\t\t        <div class=\"nex-download\">\n            <div class=\"d-flex p-3 m-2 justify-content-between ng-download-item\">\n                <div class=\"d-flex ng-download-left\">\n                    <div class=\"nex-download-icon\">\n                        <span class=\"nex-element-icon far fa-file-alt\"><\/span>\n                    <\/div>\n                                            <p class=\"font-weight-bold mb-0 pl-1 nex-download-file-name text-primary-color\">L\u1ecbch h\u1ecdc ISHCMC n\u0103m h\u1ecdc 2025\/26<\/p>\n                                    <\/div>\n                <div class=\"ng-download-right\">\n                    <a class=\"text-uppercase nex-download-button text-primary-color border-primary-color rounder-3\" href=\"https:\/\/www.ishcmc.com\/wp-content\/uploads\/sites\/20\/2022\/03\/ISHCMC-Academic-Calendar-2025_26-1.pdf\" download><span class=\"fas fa-download mr-1\"><\/span><strong class=\"align-middle\">Download<\/strong><\/a>\n                <\/div>\n            <\/div>\n        <\/div>\n\t\t\t\t\t\t\t\t\t\t\t\t\t\t\t\t\t\t\t\t\t\t\t<\/div>\n            \t\t<\/div>\n\t<\/div>\n\t\t\t<div class=\"ng-spacing \">\n\t\t\t<div class=\"ng-spacing-empty ng-spacing-md\" style=\"height: 96px\"><\/div>\n\t\t\t<div class=\"ng-spacing-empty ng-spacing-sm\" style=\"height: 96px\"><\/div>\n\t\t\t<div class=\"ng-spacing-empty ng-spacing-xs\" style=\"height: 48px\"><\/div>\n\t\t<\/div>\n\t[\/vc_column][\/vc_row][vc_row full_width=&#8221;stretch_row&#8221; css=&#8221;.vc_custom_1650439911179{padding-top: 58px !important;padding-bottom: 73px !important;background-color: #f9fafb !important;}&#8221; el_class=&#8221;also-checkout&#8221;][vc_column]\t<div class=\"nex-title-content tpl1 text-center  \" style=\"max-width: initial\">\n\t\t\t\t\t\t\t<h4 class=\"nex-title text-secondary-color\">Tham kh\u1ea3o th\u00eam<\/h4>\n\t\t\t\t\t\t\t<\/div>\n[vc_separator color=&#8221;custom&#8221; border_width=&#8221;4&#8243; el_width=&#8221;10&#8243; css=&#8221;.vc_custom_1650008861822{padding-right: 25px !important;padding-bottom: 30px !important;padding-left: 25px !important;}&#8221; accent_color=&#8221;#0094bb&#8221;][vc_row_inner][vc_column_inner width=&#8221;1\/4&#8243;]\t\n\t\t\t\t\t\t<div class=\"nex-card lazy type2 \" onClick=\"document.location.href = &#039;https:\/\/www.ishcmc.com\/vi\/admissions\/why-families-choose-ishcmc\/&#039;\">\n\t\t\t\t\t\t\t<div class=\"nex-card-image\">\n                    <img decoding=\"async\" class=\"card-image rounder-4 \" src=\"https:\/\/www.ishcmc.com\/wp-content\/uploads\/sites\/20\/2022\/03\/A-Strong-Community-280x280.jpg\" width=\"280\" height=\"280\" alt=\"An ISHCMC family posing with the school mascot\" title=\"A Strong Community\" loading=\"lazy\" \/>                <\/div>\n\t\t\t\t\t\t<div class=\"wrap-card-inner\">\t\t\t\t\t\t\t<h4 class=\"mb-0 text-white nex-card-title\"><a href=\"https:\/\/www.ishcmc.com\/vi\/admissions\/why-families-choose-ishcmc\/\" target=\"_self\" >L\u1ef1a ch\u1ecdn ng\u00f4i tr\u01b0\u1eddng ph\u00f9 h\u1ee3p<\/a><\/h4>\n\t\t\t\t\t\t\t\t\t\t<a class=\"nex-card-button nex-button-primary\" href=\"https:\/\/www.ishcmc.com\/vi\/admissions\/why-families-choose-ishcmc\/\" target=\"_self\" >T\u00ecm hi\u1ec3u th\u00eam<\/a>\n\t\t\t\t\t\t<\/div>\t\t<\/div>\n\t\t\t[\/vc_column_inner][vc_column_inner width=&#8221;1\/4&#8243;]\t\n\t\t\t\t\t\t<div class=\"nex-card lazy type2 \" onClick=\"document.location.href = &#039;https:\/\/www.ishcmc.com\/vi\/admissions\/apply-to-ishcmc\/&#039;\">\n\t\t\t\t\t\t\t<div class=\"nex-card-image\">\n                    <img decoding=\"async\" class=\"card-image rounder-4 \" src=\"https:\/\/www.ishcmc.com\/wp-content\/uploads\/sites\/20\/2022\/03\/ISHCMC-Secondary-Students-in-Class-280x280.jpg\" width=\"280\" height=\"280\" alt=\"ISHCMC Secondary Students in Class\" title=\"ISHCMC Secondary Students in Class\" loading=\"lazy\" \/>                <\/div>\n\t\t\t\t\t\t<div class=\"wrap-card-inner\">\t\t\t\t\t\t\t<h4 class=\"mb-0 text-white nex-card-title\"><a href=\"https:\/\/www.ishcmc.com\/vi\/admissions\/apply-to-ishcmc\/\" target=\"_self\" >H\u01b0\u1edbng d\u1eabn n\u1ed9p h\u1ed3 s\u01a1<\/a><\/h4>\n\t\t\t\t\t\t\t\t\t\t<a class=\"nex-card-button nex-button-primary\" href=\"https:\/\/www.ishcmc.com\/vi\/admissions\/apply-to-ishcmc\/\" target=\"_self\" >T\u00ecm hi\u1ec3u th\u00eam<\/a>\n\t\t\t\t\t\t<\/div>\t\t<\/div>\n\t\t\t[\/vc_column_inner][vc_column_inner width=&#8221;1\/4&#8243;]\t\n\t\t\t\t\t\t<div class=\"nex-card lazy type2 \" onClick=\"document.location.href = &#039;https:\/\/www.ishcmc.com\/vi\/admissions\/tuition-fees\/&#039;\">\n\t\t\t\t\t\t\t<div class=\"nex-card-image\">\n                    <img decoding=\"async\" class=\"card-image rounder-4 \" src=\"https:\/\/www.ishcmc.com\/wp-content\/uploads\/sites\/20\/2022\/03\/ISHCMC-Primary-Playground-280x280.jpg\" width=\"280\" height=\"280\" alt=\"Two Primary students climbing on a campus playground\" title=\"ISHCMC Primary Playground\" loading=\"lazy\" \/>                <\/div>\n\t\t\t\t\t\t<div class=\"wrap-card-inner\">\t\t\t\t\t\t\t<h4 class=\"mb-0 text-white nex-card-title\"><a href=\"https:\/\/www.ishcmc.com\/vi\/admissions\/tuition-fees\/\" target=\"_self\" >H\u1ecdc ph\u00ed<\/a><\/h4>\n\t\t\t\t\t\t\t\t\t\t<a class=\"nex-card-button nex-button-primary\" href=\"https:\/\/www.ishcmc.com\/vi\/admissions\/tuition-fees\/\" target=\"_self\" >T\u00ecm hi\u1ec3u th\u00eam<\/a>\n\t\t\t\t\t\t<\/div>\t\t<\/div>\n\t\t\t[\/vc_column_inner][vc_column_inner width=&#8221;1\/4&#8243;]\t\n\t\t\t\t\t\t<div class=\"nex-card lazy type2 \" onClick=\"document.location.href = &#039;https:\/\/www.ishcmc.com\/vi\/admissions\/apply-to-ishcmc\/&#039;\">\n\t\t\t\t\t\t\t<div class=\"nex-card-image\">\n                    <img decoding=\"async\" class=\"card-image rounder-4 \" src=\"https:\/\/www.ishcmc.com\/wp-content\/uploads\/sites\/20\/2022\/03\/ISHCMC-Primary-Classroom-280x280.jpg\" width=\"280\" height=\"280\" alt=\"Students in Primary class having fun\" title=\"ISHCMC Primary Classroom\" loading=\"lazy\" \/>                <\/div>\n\t\t\t\t\t\t<div class=\"wrap-card-inner\">\t\t\t\t\t\t\t<h4 class=\"mb-0 text-white nex-card-title\"><a href=\"https:\/\/www.ishcmc.com\/vi\/admissions\/apply-to-ishcmc\/\" target=\"_self\" >Tuy\u1ec3n sinh<\/a><\/h4>\n\t\t\t\t\t\t\t\t\t\t<a class=\"nex-card-button nex-button-primary\" href=\"https:\/\/www.ishcmc.com\/vi\/admissions\/apply-to-ishcmc\/\" target=\"_self\" >T\u00ecm hi\u1ec3u th\u00eam<\/a>\n\t\t\t\t\t\t<\/div>\t\t<\/div>\n\t\t\t[\/vc_column_inner][\/vc_row_inner][\/vc_column][\/vc_row][vc_row][vc_column][vc_raw_html css=&#8221;.vc_custom_1758622045947{margin-bottom: 0px !important;}&#8221;]JTVCdmNfY29udGVudCUyMGlkJTNEJTIyMjgyMjAlMjIlNUQ=[\/vc_raw_html][\/vc_column][\/vc_row]<\/p>\n<\/div>","protected":false},"excerpt":{"rendered":"<p>[vc_row full_width=&#8221;stretch_row_content_no_spaces&#8221; css=&#8221;.vc_custom_1756277427822{background-image: url(https:\/\/www.ishcmc.com\/wp-content\/uploads\/sites\/20\/2025\/08\/291024_3M4A8216_DN-1.jpg?id=23169) !important;background-position: center !important;background-repeat: no-repeat !important;background-size: cover !important;}&#8221;][vc_column][\/vc_column][\/vc_row][vc_row full_width=&#8221;stretch_row&#8221; content_placement=&#8221;middle&#8221; css=&#8221;.vc_custom_1650439863007{padding-top: 0px !important;padding-bottom: 0px !important;background-color: #005490 !important;}&#8221;][vc_column][vc_custom_heading text=&#8221;C\u00e1c ng\u00e0y quan tr\u1ecdng c\u1ea7n l\u01b0u \u00fd&#8221; font_container=&#8221;tag:h1|font_size:56px|text_align:center|color:%23ffffff|line_height:64px&#8221; use_theme_fonts=&#8221;yes&#8221; el_class=&#8221;top-heading&#8221;][\/vc_column][\/vc_row][vc_row full_width=&#8221;stretch_row_content&#8221; css_animation=&#8221;fadeInDown&#8221; css=&#8221;.vc_custom_1747289522747{background-color: #EFF9FE !important;background-position: center !important;background-repeat: no-repeat !important;background-size: cover !important;}&#8221;][vc_column][vc_icon icon_fontawesome=&#8221;fas fa-quote-left&#8221; color=&#8221;custom&#8221; size=&#8221;xl&#8221; css=&#8221;.vc_custom_1747289610273{margin-top: 35px !important;}&#8221; custom_color=&#8221;#0094BB&#8221;][vc_custom_heading text=&#8221;C\u00e1c c\u1ed9t m\u1ed1c quan tr\u1ecdng nh\u01b0 [&hellip;]<\/p>\n","protected":false},"author":32,"featured_media":0,"parent":30800,"menu_order":8,"comment_status":"closed","ping_status":"closed","template":"redux-templates_full_width","meta":{"_acf_changed":false,"footnotes":""},"class_list":["post-28251","page","type-page","status-publish","hentry"],"acf":[],"yoast_head":"<!-- This site is optimized with the Yoast SEO plugin v27.3 - https:\/\/yoast.com\/product\/yoast-seo-wordpress\/ -->\n<title>C\u00e1c ng\u00e0y Quan tr\u1ecdng - ISHCMC<\/title>\n<meta name=\"description\" content=\"C\u1eadp nh\u1eadt nh\u1eefng m\u1ed1c th\u1eddi gian quan tr\u1ecdng t\u1ea1i ISHCMC gi\u00fap ph\u1ee5 huynh d\u1ec5 d\u00e0ng theo d\u00f5i l\u1ecbch tuy\u1ec3n sinh, l\u1ecbch h\u1ecdc c\u1ee7a tr\u1ebb v\u00e0 nh\u1eefng s\u1ef1 ki\u1ec7n kh\u00e1c c\u1ee7a tr\u01b0\u1eddng.\" \/>\n<meta name=\"robots\" content=\"index, follow, max-snippet:-1, max-image-preview:large, max-video-preview:-1\" \/>\n<link rel=\"canonical\" href=\"https:\/\/www.ishcmc.com\/vi\/admissions\/important-dates\/\" \/>\n<meta property=\"og:locale\" content=\"vi_VN\" \/>\n<meta property=\"og:type\" content=\"article\" \/>\n<meta property=\"og:title\" content=\"C\u00e1c ng\u00e0y Quan tr\u1ecdng - ISHCMC\" \/>\n<meta property=\"og:description\" content=\"C\u1eadp nh\u1eadt nh\u1eefng m\u1ed1c th\u1eddi gian quan tr\u1ecdng t\u1ea1i ISHCMC gi\u00fap ph\u1ee5 huynh d\u1ec5 d\u00e0ng theo d\u00f5i l\u1ecbch tuy\u1ec3n sinh, l\u1ecbch h\u1ecdc c\u1ee7a tr\u1ebb v\u00e0 nh\u1eefng s\u1ef1 ki\u1ec7n kh\u00e1c c\u1ee7a tr\u01b0\u1eddng.\" \/>\n<meta property=\"og:url\" content=\"https:\/\/www.ishcmc.com\/vi\/admissions\/important-dates\/\" \/>\n<meta property=\"og:site_name\" content=\"ISHCMC\" \/>\n<meta property=\"article:publisher\" content=\"https:\/\/www.facebook.com\/ISHCMC\/\" \/>\n<meta property=\"article:modified_time\" content=\"2026-01-13T07:00:42+00:00\" \/>\n<meta name=\"twitter:card\" content=\"summary_large_image\" \/>\n<meta name=\"twitter:site\" content=\"@ishcmc\" \/>\n<meta name=\"twitter:label1\" content=\"Est. reading time\" \/>\n\t<meta name=\"twitter:data1\" content=\"2 minutes\" \/>\n<!-- \/ Yoast SEO plugin. -->","yoast_head_json":{"title":"C\u00e1c ng\u00e0y Quan tr\u1ecdng - ISHCMC","description":"C\u1eadp nh\u1eadt nh\u1eefng m\u1ed1c th\u1eddi gian quan tr\u1ecdng t\u1ea1i ISHCMC gi\u00fap ph\u1ee5 huynh d\u1ec5 d\u00e0ng theo d\u00f5i l\u1ecbch tuy\u1ec3n sinh, l\u1ecbch h\u1ecdc c\u1ee7a tr\u1ebb v\u00e0 nh\u1eefng s\u1ef1 ki\u1ec7n kh\u00e1c c\u1ee7a tr\u01b0\u1eddng.","robots":{"index":"index","follow":"follow","max-snippet":"max-snippet:-1","max-image-preview":"max-image-preview:large","max-video-preview":"max-video-preview:-1"},"canonical":"https:\/\/www.ishcmc.com\/vi\/admissions\/important-dates\/","og_locale":"vi_VN","og_type":"article","og_title":"C\u00e1c ng\u00e0y Quan tr\u1ecdng - ISHCMC","og_description":"C\u1eadp nh\u1eadt nh\u1eefng m\u1ed1c th\u1eddi gian quan tr\u1ecdng t\u1ea1i ISHCMC gi\u00fap ph\u1ee5 huynh d\u1ec5 d\u00e0ng theo d\u00f5i l\u1ecbch tuy\u1ec3n sinh, l\u1ecbch h\u1ecdc c\u1ee7a tr\u1ebb v\u00e0 nh\u1eefng s\u1ef1 ki\u1ec7n kh\u00e1c c\u1ee7a tr\u01b0\u1eddng.","og_url":"https:\/\/www.ishcmc.com\/vi\/admissions\/important-dates\/","og_site_name":"ISHCMC","article_publisher":"https:\/\/www.facebook.com\/ISHCMC\/","article_modified_time":"2026-01-13T07:00:42+00:00","twitter_card":"summary_large_image","twitter_site":"@ishcmc","twitter_misc":{"Est. reading time":"2 minutes"},"schema":{"@context":"https:\/\/schema.org","@graph":[{"@type":"WebPage","@id":"https:\/\/www.ishcmc.com\/vi\/admissions\/important-dates\/","url":"https:\/\/www.ishcmc.com\/vi\/admissions\/important-dates\/","name":"C\u00e1c ng\u00e0y Quan tr\u1ecdng - ISHCMC","isPartOf":{"@id":"https:\/\/www.ishcmc.com\/vi\/#website"},"datePublished":"2025-09-18T04:24:20+00:00","dateModified":"2026-01-13T07:00:42+00:00","description":"C\u1eadp nh\u1eadt nh\u1eefng m\u1ed1c th\u1eddi gian quan tr\u1ecdng t\u1ea1i ISHCMC gi\u00fap ph\u1ee5 huynh d\u1ec5 d\u00e0ng theo d\u00f5i l\u1ecbch tuy\u1ec3n sinh, l\u1ecbch h\u1ecdc c\u1ee7a tr\u1ebb v\u00e0 nh\u1eefng s\u1ef1 ki\u1ec7n kh\u00e1c c\u1ee7a tr\u01b0\u1eddng.","breadcrumb":{"@id":"https:\/\/www.ishcmc.com\/vi\/admissions\/important-dates\/#breadcrumb"},"inLanguage":"vi-VN","potentialAction":[{"@type":"ReadAction","target":["https:\/\/www.ishcmc.com\/vi\/admissions\/important-dates\/"]}]},{"@type":"BreadcrumbList","@id":"https:\/\/www.ishcmc.com\/vi\/admissions\/important-dates\/#breadcrumb","itemListElement":[{"@type":"ListItem","position":1,"name":"Home","item":"https:\/\/www.ishcmc.com\/vi\/"},{"@type":"ListItem","position":2,"name":"TUY\u1ec2N SINH","item":"https:\/\/www.ishcmc.com\/vi\/admissions\/"},{"@type":"ListItem","position":3,"name":"C\u00e1c ng\u00e0y Quan tr\u1ecdng"}]},{"@type":"WebSite","@id":"https:\/\/www.ishcmc.com\/vi\/#website","url":"https:\/\/www.ishcmc.com\/vi\/","name":"ISHCMC","description":"The first international school in Ho Chi Minh City","publisher":{"@id":"https:\/\/www.ishcmc.com\/vi\/#organization"},"potentialAction":[{"@type":"SearchAction","target":{"@type":"EntryPoint","urlTemplate":"https:\/\/www.ishcmc.com\/vi\/?s={search_term_string}"},"query-input":{"@type":"PropertyValueSpecification","valueRequired":true,"valueName":"search_term_string"}}],"inLanguage":"vi-VN"},{"@type":"Organization","@id":"https:\/\/www.ishcmc.com\/vi\/#organization","name":"ISHCMC","alternateName":"International School Ho Chi Minh City","url":"https:\/\/www.ishcmc.com\/vi\/","logo":{"@type":"ImageObject","inLanguage":"vi-VN","@id":"https:\/\/www.ishcmc.com\/vi\/#\/schema\/logo\/image\/","url":"https:\/\/www.ishcmc.com\/wp-content\/uploads\/sites\/20\/2022\/03\/ISHCMC-Logo-BW-outline-1-200x200-1.webp","contentUrl":"https:\/\/www.ishcmc.com\/wp-content\/uploads\/sites\/20\/2022\/03\/ISHCMC-Logo-BW-outline-1-200x200-1.webp","width":200,"height":200,"caption":"ISHCMC"},"image":{"@id":"https:\/\/www.ishcmc.com\/vi\/#\/schema\/logo\/image\/"},"sameAs":["https:\/\/www.facebook.com\/ISHCMC\/","https:\/\/x.com\/ishcmc","https:\/\/www.instagram.com\/internationalschoolhcmc\/","https:\/\/vn.linkedin.com\/school\/international-school-ho-chi-minh-city\/","https:\/\/g.co\/kgs\/VoH1TWG","https:\/\/g.co\/kgs\/jX8fji8"]}]}},"jetpack_sharing_enabled":true,"jetpack_shortlink":"https:\/\/wp.me\/Pggbcv-7lF","_links":{"self":[{"href":"https:\/\/www.ishcmc.com\/vi\/wp-json\/wp\/v2\/pages\/28251","targetHints":{"allow":["GET"]}}],"collection":[{"href":"https:\/\/www.ishcmc.com\/vi\/wp-json\/wp\/v2\/pages"}],"about":[{"href":"https:\/\/www.ishcmc.com\/vi\/wp-json\/wp\/v2\/types\/page"}],"author":[{"embeddable":true,"href":"https:\/\/www.ishcmc.com\/vi\/wp-json\/wp\/v2\/users\/32"}],"replies":[{"embeddable":true,"href":"https:\/\/www.ishcmc.com\/vi\/wp-json\/wp\/v2\/comments?post=28251"}],"version-history":[{"count":11,"href":"https:\/\/www.ishcmc.com\/vi\/wp-json\/wp\/v2\/pages\/28251\/revisions"}],"predecessor-version":[{"id":34554,"href":"https:\/\/www.ishcmc.com\/vi\/wp-json\/wp\/v2\/pages\/28251\/revisions\/34554"}],"up":[{"embeddable":true,"href":"https:\/\/www.ishcmc.com\/vi\/wp-json\/wp\/v2\/pages\/30800"}],"wp:attachment":[{"href":"https:\/\/www.ishcmc.com\/vi\/wp-json\/wp\/v2\/media?parent=28251"}],"curies":[{"name":"wp","href":"https:\/\/api.w.org\/{rel}","templated":true}]}}