{"id":28244,"date":"2025-09-18T11:23:42","date_gmt":"2025-09-18T04:23:42","guid":{"rendered":"https:\/\/www.ishcmc.com\/?page_id=28244"},"modified":"2025-12-22T14:00:46","modified_gmt":"2025-12-22T07:00:46","slug":"transport","status":"publish","type":"page","link":"https:\/\/www.ishcmc.com\/vi\/admissions\/transport\/","title":{"rendered":"D\u1ecbch v\u1ee5 \u0111\u01b0a \u0111\u00f3n"},"content":{"rendered":"<div class=\"wpb-content-wrapper\"><p>[vc_row full_width=&#8221;stretch_row_content_no_spaces&#8221; css=&#8221;.vc_custom_1696498322833{background-image: url(https:\/\/www.ishcmc.com\/wp-content\/uploads\/sites\/4\/2023\/10\/ISHCMC-Morning-Dropoff.jpg?id=11950) !important;background-position: center !important;background-repeat: no-repeat !important;background-size: cover !important;}&#8221;][vc_column]\t\t<div class=\"ng-spacing \">\n\t\t\t<div class=\"ng-spacing-empty ng-spacing-md\" style=\"height: 450px\"><\/div>\n\t\t\t<div class=\"ng-spacing-empty ng-spacing-sm\" style=\"height: 300px\"><\/div>\n\t\t\t<div class=\"ng-spacing-empty ng-spacing-xs\" style=\"height: 214px\"><\/div>\n\t\t<\/div>\n\t[\/vc_column][\/vc_row][vc_row full_width=&#8221;stretch_row&#8221; content_placement=&#8221;middle&#8221; css=&#8221;.vc_custom_1650476300752{padding-top: 0px !important;padding-bottom: 0px !important;background-color: #005490 !important;}&#8221;][vc_column][vc_custom_heading text=&#8221;D\u1ecbch v\u1ee5 \u0111\u01b0a \u0111\u00f3n&#8221; font_container=&#8221;tag:h1|font_size:56px|text_align:center|color:%23ffffff|line_height:64px&#8221; use_theme_fonts=&#8221;yes&#8221; el_class=&#8221;top-heading&#8221;][\/vc_column][\/vc_row][vc_row full_width=&#8221;stretch_row&#8221; css=&#8221;.vc_custom_1650229871364{background-color: #f9fafb !important;}&#8221;][vc_column][vc_column_text css=&#8221;.vc_custom_1650870167915{padding-top: 48px !important;padding-bottom: 20px !important;}&#8221; el_class=&#8221;ishcmc-container&#8221;]<strong>Di chuy\u1ec3n quanh Th\u00e0nh ph\u1ed1 H\u1ed3 Ch\u00ed Minh c\u00f3 th\u1ec3 l\u00e0 m\u1ed9t th\u1eed th\u00e1ch \u0111\u1ed1i v\u1edbi nhi\u1ec1u gia \u0111\u00ecnh v\u00e0 ch\u00fang t\u00f4i hi\u1ec3u t\u1ea7m quan tr\u1ecdng c\u1ee7a vi\u1ec7c \u0111i l\u1ea1i an to\u00e0n. C\u1ea3 hai c\u01a1 s\u1edf c\u1ee7a ISHCMC \u0111\u1ec1u cung c\u1ea5p d\u1ecbch v\u1ee5 xe bu\u00fdt \u0111\u01b0a r\u01b0\u1edbc cho h\u1ecdc sinh. <\/strong>[\/vc_column_text]\t\t<div class=\"ng-spacing \">\n\t\t\t<div class=\"ng-spacing-empty ng-spacing-md\" style=\"height: 24px\"><\/div>\n\t\t\t<div class=\"ng-spacing-empty ng-spacing-sm\" style=\"height: 24px\"><\/div>\n\t\t\t<div class=\"ng-spacing-empty ng-spacing-xs\" style=\"height: 24px\"><\/div>\n\t\t<\/div>\n\t[\/vc_column][\/vc_row][vc_row][vc_column]\t\t<div class=\"ng-spacing \">\n\t\t\t<div class=\"ng-spacing-empty ng-spacing-md\" style=\"height: 96px\"><\/div>\n\t\t\t<div class=\"ng-spacing-empty ng-spacing-sm\" style=\"height: 96px\"><\/div>\n\t\t\t<div class=\"ng-spacing-empty ng-spacing-xs\" style=\"height: 48px\"><\/div>\n\t\t<\/div>\n\t[\/vc_column][\/vc_row][vc_row el_class=&#8221;ishcmc-container&#8221;][vc_column][vc_column_text]D\u1ecbch v\u1ee5 xe bu\u00fdt \u0111\u01b0\u1ee3c cung c\u1ea5p cho h\u1ecdc sinh t\u1eeb 4 tu\u1ed5i tr\u1edf l\u00ean. \u0110\u1ed1i v\u1edbi c\u00e1c ph\u1ee5 huynh c\u00f3 con h\u1ecdc t\u1ea1i c\u1ea3 hai c\u01a1 s\u1edf Ti\u1ec3u h\u1ecdc v\u00e0 Trung h\u1ecdc, tr\u01b0\u1eddng cung c\u1ea5p xe bu\u00fdt \u0111\u01b0a \u0111\u00f3n mi\u1ec5n ph\u00ed d\u00e0nh cho h\u1ecdc sinh Trung h\u1ecdc, gi\u00fap ph\u1ee5 huynh thu\u1eadn ti\u1ec7n h\u01a1n v\u1edbi ch\u1ec9 m\u1ed9t \u0111i\u1ec3m \u0111\u01b0a \u0111\u00f3n duy nh\u1ea5t.<\/p>\n<p>T\u1ea5t c\u1ea3 xe bu\u00fdt \u0111\u1ec1u ho\u1ea1t \u0111\u1ed9ng theo h\u01b0\u1edbng d\u1eabn v\u00e0 ti\u00eau chu\u1ea9n c\u1ee7a nh\u00e0 tr\u01b0\u1eddng. Nh\u00e2n vi\u00ean \u0111\u01b0\u1ee3c \u0111\u00e0o t\u1ea1o v\u1ec1 an to\u00e0n v\u00e0 b\u1ea3o v\u1ec7 tr\u1ebb em, \u0111\u1ed3ng th\u1eddi c\u00f3 nh\u1eefng quy \u0111\u1ecbnh r\u00f5 r\u00e0ng v\u1ec1 h\u00e0nh vi v\u00e0 an to\u00e0n khi s\u1eed d\u1ee5ng d\u1ecbch v\u1ee5.[\/vc_column_text][vc_single_image image=&#8221;25052&#8243; img_size=&#8221;full&#8221;][vc_column_text]C\u00e1c qu\u1eadn hi\u1ec7n \u0111ang c\u00f3 d\u1ecbch v\u1ee5 xe bu\u00fdt ISHCMC:[\/vc_column_text][\/vc_column][\/vc_row][vc_row disable_element=&#8221;yes&#8221; el_class=&#8221;ishcmc-container&#8221;][vc_column]\t\t<div class=\"ng-spacing \">\n\t\t\t<div class=\"ng-spacing-empty ng-spacing-md\" style=\"height: 16px\"><\/div>\n\t\t\t<div class=\"ng-spacing-empty ng-spacing-sm\" style=\"height: 16px\"><\/div>\n\t\t\t<div class=\"ng-spacing-empty ng-spacing-xs\" style=\"height: 8px\"><\/div>\n\t\t<\/div>\n\t    <div class=\"ng-bodytext-grid-image ng-gird-icons \">\n        <div class=\"row\">\n            <div class=\"col-md-4 col-sm-6 col-xs-12\">\n                        <div class=\"ng-bodytext-icon-item\">\n                        <ul class=\"ng-bodytext-icons\">\n                <li><span class=\"fas fa-map-marker-alt primary-color\"><\/span>District 1<\/li>                 <li><span class=\"fas fa-map-marker-alt primary-color\"><\/span>District 2<\/li>                 <li><span class=\"fas fa-map-marker-alt primary-color\"><\/span>District 3<\/li>                 <li><span class=\"fas fa-map-marker-alt primary-color\"><\/span>District 4<\/li>                             <\/ul>\n\n        <\/div>\n                <\/div>\n            <div class=\"col-md-4 col-sm-6 col-xs-12\">\n                        <div class=\"ng-bodytext-icon-item\">\n                        <ul class=\"ng-bodytext-icons\">\n                <li><span class=\"fas fa-map-marker-alt primary-color\"><\/span>District 5<\/li>                 <li><span class=\"fas fa-map-marker-alt primary-color\"><\/span>District 7<\/li>                 <li><span class=\"fas fa-map-marker-alt primary-color\"><\/span>Binh Thanh District<\/li>                 <li><span class=\"fas fa-map-marker-alt primary-color\"><\/span>Tan Binh District<\/li>                             <\/ul>\n\n        <\/div>\n                <\/div>\n            <div class=\"col-md-4 col-sm-6 col-xs-12\">\n                        <div class=\"ng-bodytext-icon-item\">\n                        <ul class=\"ng-bodytext-icons\">\n                <li><span class=\"fas fa-map-marker-alt primary-color\"><\/span>Go Vap District<\/li>                 <li><span class=\"fas fa-map-marker-alt primary-color\"><\/span>Tan Phu District<\/li>                 <li><span class=\"fas fa-map-marker-alt primary-color\"><\/span>Thu Duc District<\/li>                                             <\/ul>\n\n        <\/div>\n                <\/div>\n\n        <\/div>\n    <\/div>\n\t\t<div class=\"ng-spacing \">\n\t\t\t<div class=\"ng-spacing-empty ng-spacing-md\" style=\"height: 96px\"><\/div>\n\t\t\t<div class=\"ng-spacing-empty ng-spacing-sm\" style=\"height: 96px\"><\/div>\n\t\t\t<div class=\"ng-spacing-empty ng-spacing-xs\" style=\"height: 48px\"><\/div>\n\t\t<\/div>\n\t[\/vc_column][\/vc_row][vc_row el_class=&#8221;ishcmc-container&#8221;][vc_column]\t\t<div class=\"ng-spacing \">\n\t\t\t<div class=\"ng-spacing-empty ng-spacing-md\" style=\"height: 16px\"><\/div>\n\t\t\t<div class=\"ng-spacing-empty ng-spacing-sm\" style=\"height: 16px\"><\/div>\n\t\t\t<div class=\"ng-spacing-empty ng-spacing-xs\" style=\"height: 8px\"><\/div>\n\t\t<\/div>\n\t[vc_row_inner el_class=&#8221;remove-inner&#8221;][vc_column_inner width=&#8221;1\/3&#8243;]\t\t<a class=\"nex-icon icon-clear\" href=\"#\">\n            <span class=\"nex-element-icon ri-map-pin-4-line\" style=\"color:#0094bb !important;\"><\/span>\n            <span class=\"ml-1 nex-element-text\">Qu\u1eadn 1<\/span>\n\t\t<\/a>\n\t\t\t<a class=\"nex-icon icon-clear\" href=\"#\">\n            <span class=\"nex-element-icon ri-map-pin-4-line\" style=\"color:#0094bb !important;\"><\/span>\n            <span class=\"ml-1 nex-element-text\">Qu\u1eadn 2<\/span>\n\t\t<\/a>\n\t\t\t<a class=\"nex-icon icon-clear\" href=\"#\">\n            <span class=\"nex-element-icon ri-map-pin-4-line\" style=\"color:#0094bb !important;\"><\/span>\n            <span class=\"ml-1 nex-element-text\">Qu\u1eadn 3<\/span>\n\t\t<\/a>\n\t\t\t<a class=\"nex-icon icon-clear\" href=\"#\">\n            <span class=\"nex-element-icon ri-map-pin-4-line\" style=\"color:#0094bb !important;\"><\/span>\n            <span class=\"ml-1 nex-element-text\">Qu\u1eadn 4<\/span>\n\t\t<\/a>\n\t[\/vc_column_inner][vc_column_inner width=&#8221;1\/3&#8243;]\t\t<a class=\"nex-icon icon-clear\" href=\"#\">\n            <span class=\"nex-element-icon ri-map-pin-4-line\" style=\"color:#0094bb !important;\"><\/span>\n            <span class=\"ml-1 nex-element-text\">Qu\u1eadn 5<\/span>\n\t\t<\/a>\n\t\t\t<a class=\"nex-icon icon-clear\" href=\"#\">\n            <span class=\"nex-element-icon ri-map-pin-4-line\" style=\"color:#0094bb !important;\"><\/span>\n            <span class=\"ml-1 nex-element-text\">Qu\u1eadn 7<\/span>\n\t\t<\/a>\n\t\t\t<a class=\"nex-icon icon-clear\" href=\"#\">\n            <span class=\"nex-element-icon ri-map-pin-4-line\" style=\"color:#0094bb !important;\"><\/span>\n            <span class=\"ml-1 nex-element-text\">Qu\u1eadn B\u00ecnh Th\u1ea1nh<\/span>\n\t\t<\/a>\n\t\t\t<a class=\"nex-icon icon-clear\" href=\"#\">\n            <span class=\"nex-element-icon ri-map-pin-4-line\" style=\"color:#0094bb !important;\"><\/span>\n            <span class=\"ml-1 nex-element-text\">Qu\u1eadn T\u00e2n B\u00ecnh<\/span>\n\t\t<\/a>\n\t[\/vc_column_inner][vc_column_inner width=&#8221;1\/3&#8243;]\t\t<a class=\"nex-icon icon-clear\" href=\"#\">\n            <span class=\"nex-element-icon ri-map-pin-4-line\" style=\"color:#0094bb !important;\"><\/span>\n            <span class=\"ml-1 nex-element-text\">Qu\u1eadn G\u00f2 V\u1ea5p<\/span>\n\t\t<\/a>\n\t\t\t<a class=\"nex-icon icon-clear\" href=\"#\">\n            <span class=\"nex-element-icon ri-map-pin-4-line\" style=\"color:#0094bb !important;\"><\/span>\n            <span class=\"ml-1 nex-element-text\">Qu\u1eadn T\u00e2n Ph\u00fa<\/span>\n\t\t<\/a>\n\t\t\t<a class=\"nex-icon icon-clear\" href=\"#\">\n            <span class=\"nex-element-icon ri-map-pin-4-line\" style=\"color:#0094bb !important;\"><\/span>\n            <span class=\"ml-1 nex-element-text\">Th\u00e0nh ph\u1ed1 Th\u1ee7 \u0110\u1ee9c<\/span>\n\t\t<\/a>\n\t[\/vc_column_inner][\/vc_row_inner]\t\t<div class=\"ng-spacing \">\n\t\t\t<div class=\"ng-spacing-empty ng-spacing-md\" style=\"height: 96px\"><\/div>\n\t\t\t<div class=\"ng-spacing-empty ng-spacing-sm\" style=\"height: 96px\"><\/div>\n\t\t\t<div class=\"ng-spacing-empty ng-spacing-xs\" style=\"height: 48px\"><\/div>\n\t\t<\/div>\n\t[\/vc_column][\/vc_row][vc_row full_width=&#8221;stretch_row&#8221; css=&#8221;.vc_custom_1650476316968{padding-top: 58px !important;padding-bottom: 73px !important;background-color: #f9fafb !important;}&#8221; el_class=&#8221;also-checkout&#8221;][vc_column][vc_raw_html css=&#8221;&#8221;]JTVCdmNfY29udGVudCUyMGlkJTNEJTIyMjg4NjklMjIlNUQlMEE=[\/vc_raw_html][\/vc_column][\/vc_row][vc_row full_width=&#8221;stretch_row_content&#8221; css=&#8221;.vc_custom_1649920922127{margin-bottom: 0px !important;}&#8221;][vc_column][vc_raw_html css=&#8221;.vc_custom_1758621667650{margin-bottom: 0px !important;}&#8221;]JTVCdmNfY29udGVudCUyMGlkJTNEJTIyMjgyMjAlMjIlNUQ=[\/vc_raw_html][\/vc_column][\/vc_row]<\/p>\n<\/div>","protected":false},"excerpt":{"rendered":"<p>[vc_row full_width=&#8221;stretch_row_content_no_spaces&#8221; css=&#8221;.vc_custom_1696498322833{background-image: url(https:\/\/www.ishcmc.com\/wp-content\/uploads\/sites\/4\/2023\/10\/ISHCMC-Morning-Dropoff.jpg?id=11950) !important;background-position: center !important;background-repeat: no-repeat !important;background-size: cover !important;}&#8221;][vc_column][\/vc_column][\/vc_row][vc_row full_width=&#8221;stretch_row&#8221; content_placement=&#8221;middle&#8221; css=&#8221;.vc_custom_1650476300752{padding-top: 0px !important;padding-bottom: 0px !important;background-color: #005490 !important;}&#8221;][vc_column][vc_custom_heading text=&#8221;D\u1ecbch v\u1ee5 \u0111\u01b0a \u0111\u00f3n&#8221; font_container=&#8221;tag:h1|font_size:56px|text_align:center|color:%23ffffff|line_height:64px&#8221; use_theme_fonts=&#8221;yes&#8221; el_class=&#8221;top-heading&#8221;][\/vc_column][\/vc_row][vc_row full_width=&#8221;stretch_row&#8221; css=&#8221;.vc_custom_1650229871364{background-color: #f9fafb !important;}&#8221;][vc_column][vc_column_text css=&#8221;.vc_custom_1650870167915{padding-top: 48px !important;padding-bottom: 20px !important;}&#8221; el_class=&#8221;ishcmc-container&#8221;]Di chuy\u1ec3n quanh Th\u00e0nh ph\u1ed1 H\u1ed3 Ch\u00ed Minh c\u00f3 th\u1ec3 l\u00e0 m\u1ed9t th\u1eed th\u00e1ch \u0111\u1ed1i v\u1edbi nhi\u1ec1u gia \u0111\u00ecnh [&hellip;]<\/p>\n","protected":false},"author":32,"featured_media":0,"parent":30800,"menu_order":6,"comment_status":"closed","ping_status":"closed","template":"redux-templates_full_width","meta":{"_acf_changed":false,"footnotes":""},"class_list":["post-28244","page","type-page","status-publish","hentry"],"acf":[],"yoast_head":"<!-- This site is optimized with the Yoast SEO plugin v27.3 - https:\/\/yoast.com\/product\/yoast-seo-wordpress\/ -->\n<title>D\u1ecbch v\u1ee5 \u0111\u01b0a \u0111\u00f3n h\u1ecdc sinh - ISHCMC<\/title>\n<meta name=\"description\" content=\"T\u00ecm hi\u1ec3u d\u1ecbch v\u1ee5 xe \u0111\u01b0a \u0111\u00f3n c\u1ee7a ISHCMC, l\u1ed9 tr\u00ecnh v\u00e0 c\u00e1ch \u0111\u0103ng k\u00fd \u0111\u1ec3 ph\u1ee5 huynh y\u00ean t\u00e2m con \u0111\u1ebfn tr\u01b0\u1eddng an to\u00e0n m\u1ed7i ng\u00e0y.\" \/>\n<meta name=\"robots\" content=\"index, follow, max-snippet:-1, max-image-preview:large, max-video-preview:-1\" \/>\n<link rel=\"canonical\" href=\"https:\/\/www.ishcmc.com\/vi\/admissions\/transport\/\" \/>\n<meta property=\"og:locale\" content=\"vi_VN\" \/>\n<meta property=\"og:type\" content=\"article\" \/>\n<meta property=\"og:title\" content=\"D\u1ecbch v\u1ee5 \u0111\u01b0a \u0111\u00f3n h\u1ecdc sinh - ISHCMC\" \/>\n<meta property=\"og:description\" content=\"T\u00ecm hi\u1ec3u d\u1ecbch v\u1ee5 xe \u0111\u01b0a \u0111\u00f3n c\u1ee7a ISHCMC, l\u1ed9 tr\u00ecnh v\u00e0 c\u00e1ch \u0111\u0103ng k\u00fd \u0111\u1ec3 ph\u1ee5 huynh y\u00ean t\u00e2m con \u0111\u1ebfn tr\u01b0\u1eddng an to\u00e0n m\u1ed7i ng\u00e0y.\" \/>\n<meta property=\"og:url\" content=\"https:\/\/www.ishcmc.com\/vi\/admissions\/transport\/\" \/>\n<meta property=\"og:site_name\" content=\"ISHCMC\" \/>\n<meta property=\"article:publisher\" content=\"https:\/\/www.facebook.com\/ISHCMC\/\" \/>\n<meta property=\"article:modified_time\" content=\"2025-12-22T07:00:46+00:00\" \/>\n<meta name=\"twitter:card\" content=\"summary_large_image\" \/>\n<meta name=\"twitter:site\" content=\"@ishcmc\" \/>\n<meta name=\"twitter:label1\" content=\"Est. reading time\" \/>\n\t<meta name=\"twitter:data1\" content=\"2 minutes\" \/>\n<!-- \/ Yoast SEO plugin. -->","yoast_head_json":{"title":"D\u1ecbch v\u1ee5 \u0111\u01b0a \u0111\u00f3n h\u1ecdc sinh - ISHCMC","description":"T\u00ecm hi\u1ec3u d\u1ecbch v\u1ee5 xe \u0111\u01b0a \u0111\u00f3n c\u1ee7a ISHCMC, l\u1ed9 tr\u00ecnh v\u00e0 c\u00e1ch \u0111\u0103ng k\u00fd \u0111\u1ec3 ph\u1ee5 huynh y\u00ean t\u00e2m con \u0111\u1ebfn tr\u01b0\u1eddng an to\u00e0n m\u1ed7i ng\u00e0y.","robots":{"index":"index","follow":"follow","max-snippet":"max-snippet:-1","max-image-preview":"max-image-preview:large","max-video-preview":"max-video-preview:-1"},"canonical":"https:\/\/www.ishcmc.com\/vi\/admissions\/transport\/","og_locale":"vi_VN","og_type":"article","og_title":"D\u1ecbch v\u1ee5 \u0111\u01b0a \u0111\u00f3n h\u1ecdc sinh - ISHCMC","og_description":"T\u00ecm hi\u1ec3u d\u1ecbch v\u1ee5 xe \u0111\u01b0a \u0111\u00f3n c\u1ee7a ISHCMC, l\u1ed9 tr\u00ecnh v\u00e0 c\u00e1ch \u0111\u0103ng k\u00fd \u0111\u1ec3 ph\u1ee5 huynh y\u00ean t\u00e2m con \u0111\u1ebfn tr\u01b0\u1eddng an to\u00e0n m\u1ed7i ng\u00e0y.","og_url":"https:\/\/www.ishcmc.com\/vi\/admissions\/transport\/","og_site_name":"ISHCMC","article_publisher":"https:\/\/www.facebook.com\/ISHCMC\/","article_modified_time":"2025-12-22T07:00:46+00:00","twitter_card":"summary_large_image","twitter_site":"@ishcmc","twitter_misc":{"Est. reading time":"2 minutes"},"schema":{"@context":"https:\/\/schema.org","@graph":[{"@type":"WebPage","@id":"https:\/\/www.ishcmc.com\/vi\/admissions\/transport\/","url":"https:\/\/www.ishcmc.com\/vi\/admissions\/transport\/","name":"D\u1ecbch v\u1ee5 \u0111\u01b0a \u0111\u00f3n h\u1ecdc sinh - ISHCMC","isPartOf":{"@id":"https:\/\/www.ishcmc.com\/vi\/#website"},"datePublished":"2025-09-18T04:23:42+00:00","dateModified":"2025-12-22T07:00:46+00:00","description":"T\u00ecm hi\u1ec3u d\u1ecbch v\u1ee5 xe \u0111\u01b0a \u0111\u00f3n c\u1ee7a ISHCMC, l\u1ed9 tr\u00ecnh v\u00e0 c\u00e1ch \u0111\u0103ng k\u00fd \u0111\u1ec3 ph\u1ee5 huynh y\u00ean t\u00e2m con \u0111\u1ebfn tr\u01b0\u1eddng an to\u00e0n m\u1ed7i ng\u00e0y.","breadcrumb":{"@id":"https:\/\/www.ishcmc.com\/vi\/admissions\/transport\/#breadcrumb"},"inLanguage":"vi-VN","potentialAction":[{"@type":"ReadAction","target":["https:\/\/www.ishcmc.com\/vi\/admissions\/transport\/"]}]},{"@type":"BreadcrumbList","@id":"https:\/\/www.ishcmc.com\/vi\/admissions\/transport\/#breadcrumb","itemListElement":[{"@type":"ListItem","position":1,"name":"Home","item":"https:\/\/www.ishcmc.com\/vi\/"},{"@type":"ListItem","position":2,"name":"TUY\u1ec2N SINH","item":"https:\/\/www.ishcmc.com\/vi\/admissions\/"},{"@type":"ListItem","position":3,"name":"D\u1ecbch v\u1ee5 \u0111\u01b0a \u0111\u00f3n"}]},{"@type":"WebSite","@id":"https:\/\/www.ishcmc.com\/vi\/#website","url":"https:\/\/www.ishcmc.com\/vi\/","name":"ISHCMC","description":"The first international school in Ho Chi Minh City","publisher":{"@id":"https:\/\/www.ishcmc.com\/vi\/#organization"},"potentialAction":[{"@type":"SearchAction","target":{"@type":"EntryPoint","urlTemplate":"https:\/\/www.ishcmc.com\/vi\/?s={search_term_string}"},"query-input":{"@type":"PropertyValueSpecification","valueRequired":true,"valueName":"search_term_string"}}],"inLanguage":"vi-VN"},{"@type":"Organization","@id":"https:\/\/www.ishcmc.com\/vi\/#organization","name":"ISHCMC","alternateName":"International School Ho Chi Minh City","url":"https:\/\/www.ishcmc.com\/vi\/","logo":{"@type":"ImageObject","inLanguage":"vi-VN","@id":"https:\/\/www.ishcmc.com\/vi\/#\/schema\/logo\/image\/","url":"https:\/\/www.ishcmc.com\/wp-content\/uploads\/sites\/20\/2022\/03\/ISHCMC-Logo-BW-outline-1-200x200-1.webp","contentUrl":"https:\/\/www.ishcmc.com\/wp-content\/uploads\/sites\/20\/2022\/03\/ISHCMC-Logo-BW-outline-1-200x200-1.webp","width":200,"height":200,"caption":"ISHCMC"},"image":{"@id":"https:\/\/www.ishcmc.com\/vi\/#\/schema\/logo\/image\/"},"sameAs":["https:\/\/www.facebook.com\/ISHCMC\/","https:\/\/x.com\/ishcmc","https:\/\/www.instagram.com\/internationalschoolhcmc\/","https:\/\/vn.linkedin.com\/school\/international-school-ho-chi-minh-city\/","https:\/\/g.co\/kgs\/VoH1TWG","https:\/\/g.co\/kgs\/jX8fji8"]}]}},"jetpack_sharing_enabled":true,"jetpack_shortlink":"https:\/\/wp.me\/Pggbcv-7ly","_links":{"self":[{"href":"https:\/\/www.ishcmc.com\/vi\/wp-json\/wp\/v2\/pages\/28244","targetHints":{"allow":["GET"]}}],"collection":[{"href":"https:\/\/www.ishcmc.com\/vi\/wp-json\/wp\/v2\/pages"}],"about":[{"href":"https:\/\/www.ishcmc.com\/vi\/wp-json\/wp\/v2\/types\/page"}],"author":[{"embeddable":true,"href":"https:\/\/www.ishcmc.com\/vi\/wp-json\/wp\/v2\/users\/32"}],"replies":[{"embeddable":true,"href":"https:\/\/www.ishcmc.com\/vi\/wp-json\/wp\/v2\/comments?post=28244"}],"version-history":[{"count":19,"href":"https:\/\/www.ishcmc.com\/vi\/wp-json\/wp\/v2\/pages\/28244\/revisions"}],"predecessor-version":[{"id":33942,"href":"https:\/\/www.ishcmc.com\/vi\/wp-json\/wp\/v2\/pages\/28244\/revisions\/33942"}],"up":[{"embeddable":true,"href":"https:\/\/www.ishcmc.com\/vi\/wp-json\/wp\/v2\/pages\/30800"}],"wp:attachment":[{"href":"https:\/\/www.ishcmc.com\/vi\/wp-json\/wp\/v2\/media?parent=28244"}],"curies":[{"name":"wp","href":"https:\/\/api.w.org\/{rel}","templated":true}]}}