{"id":28204,"date":"2025-09-18T11:19:38","date_gmt":"2025-09-18T04:19:38","guid":{"rendered":"https:\/\/www.ishcmc.com\/?page_id=28204"},"modified":"2025-12-22T14:25:48","modified_gmt":"2025-12-22T07:25:48","slug":"campus-and-facilities","status":"publish","type":"page","link":"https:\/\/www.ishcmc.com\/vi\/about-us\/campus-and-facilities\/","title":{"rendered":"C\u01a1 s\u1edf v\u1eadt ch\u1ea5t"},"content":{"rendered":"<div class=\"wpb-content-wrapper\"><p>[vc_row full_width=&#8221;stretch_row_content_no_spaces&#8221; css=&#8221;.vc_custom_1696420695652{background-image: url(https:\/\/www.ishcmc.com\/wp-content\/uploads\/sites\/4\/2022\/03\/ISHCMC-Students.jpg?id=11731) !important;background-position: center !important;background-repeat: no-repeat !important;background-size: cover !important;}&#8221;][vc_column]\t\t<div class=\"ng-spacing \">\n\t\t\t<div class=\"ng-spacing-empty ng-spacing-md\" style=\"height: 450px\"><\/div>\n\t\t\t<div class=\"ng-spacing-empty ng-spacing-sm\" style=\"height: 300px\"><\/div>\n\t\t\t<div class=\"ng-spacing-empty ng-spacing-xs\" style=\"height: 214px\"><\/div>\n\t\t<\/div>\n\t[\/vc_column][\/vc_row][vc_row full_width=&#8221;stretch_row_content_no_spaces&#8221; content_placement=&#8221;middle&#8221; css=&#8221;.vc_custom_1649750453048{padding-top: 0px !important;padding-bottom: 0px !important;background-color: #005490 !important;}&#8221;][vc_column][vc_custom_heading text=&#8221;M\u1ed9t c\u1ed9ng \u0111\u1ed3ng, hai c\u01a1 s\u1edf&#8221; font_container=&#8221;tag:h1|font_size:56px|text_align:center|color:%23ffffff|line_height:64px&#8221; use_theme_fonts=&#8221;yes&#8221; el_class=&#8221;top-heading&#8221;][\/vc_column][\/vc_row][vc_row full_width=&#8221;stretch_row&#8221; css=&#8221;.vc_custom_1650401593957{background-color: #f9fafb !important;}&#8221;][vc_column][vc_column_text css=&#8221;.vc_custom_1765873066344{margin-top: 30px !important;margin-bottom: 20px !important;padding-bottom: 10px !important;}&#8221; el_class=&#8221;bcs-container&#8221;]T\u1ea1i <a href=\"https:\/\/www.ishcmc.com\/vi\/\" target=\"_blank\" rel=\"noopener\">ISHCMC<\/a>, ch\u00fang t\u00f4i v\u00f4 c\u00f9ng t\u1ef1 h\u00e0o v\u1ec1 c\u00e1c kh\u00f4ng gian h\u1ecdc t\u1eadp \u0111a d\u1ea1ng v\u00e0 nh\u1eefng c\u1ed9ng \u0111\u1ed3ng t\u1eadn h\u01b0\u1edfng ch\u00fang. <strong>M\u1ed9t C\u1ed9ng \u0111\u1ed3ng, Hai C\u01a1 s\u1edf<\/strong> m\u00f4 t\u1ea3 c\u00e1ch th\u1ee9c ISHCMC ph\u1ea5n \u0111\u1ea5u x\u00e2y d\u1ef1ng m\u1ed9t n\u1ec1n v\u0103n h\u00f3a th\u1ed1ng nh\u1ea5t tr\u00ean c\u1ea3 hai c\u01a1 s\u1edf. C\u01a1 s\u1edf Ti\u1ec3u h\u1ecdc v\u00e0 C\u01a1 s\u1edf Trung h\u1ecdc, m\u1eb7c d\u00f9 \u0111\u01b0\u1ee3c t\u00e1ch bi\u1ec7t v\u1ec1 m\u1eb7t kh\u00f4ng gian, nh\u01b0ng mang \u0111\u1ebfn tr\u1ea3i nghi\u1ec7m h\u1ecdc t\u1eadp kh\u00f3 qu\u00ean gi\u00fap c\u1ee7ng c\u1ed1 c\u1ed9ng \u0111\u1ed3ng ISHCMC, cho ph\u00e9p h\u1ecdc sinh ph\u00e1t tri\u1ec3n trong nh\u1eefng kh\u00f4ng gian \u0111\u01b0\u1ee3c thi\u1ebft k\u1ebf \u0111\u1ec3 \u0111\u00e1p \u1ee9ng nhu c\u1ea7u gi\u00e1o d\u1ee5c, x\u00e3 h\u1ed9i v\u00e0 c\u1ea3m x\u00fac t\u01b0\u01a1ng \u1ee9ng c\u1ee7a c\u00e1c em.[\/vc_column_text][\/vc_column][\/vc_row][vc_row][vc_column]\t\t<div class=\"ng-spacing \">\n\t\t\t<div class=\"ng-spacing-empty ng-spacing-md\" style=\"height: 96px\"><\/div>\n\t\t\t<div class=\"ng-spacing-empty ng-spacing-sm\" style=\"height: 96px\"><\/div>\n\t\t\t<div class=\"ng-spacing-empty ng-spacing-xs\" style=\"height: 48px\"><\/div>\n\t\t<\/div>\n\t\t\t\t<div class=\"ng-body-component ng-body-component-image-left why-ishcmc-1 primary-school why-ishcmc-1 primary-school\" style = \"max-width:1008px\">\n\t\t\t<div class=\"row\">\n                <div class=\"col-md-6 col-sm-12 col-12\">\n\t\t\t\t\t<div class=\"ng-body-component-image\">\n\t\t\t\t\t\t<img loading=\"lazy\" decoding=\"async\" width=\"640\" height=\"427\" src=\"https:\/\/www.ishcmc.com\/wp-content\/uploads\/sites\/20\/2022\/03\/ISHCMC-Primary-Campus.jpg\" class=\"body-component-image rounder-8\" alt=\"A view of ISHCMC Primary Campus\" \/>\t\t\t\t\t<\/div>\n\t\t\t\t<\/div>\n\t\t\t\t<div class=\"col-md-6 col-sm-12 col-12\" style=\"display: flex; align-items: top;\">\n\t\t\t\t\t<div class=\"mt-5 ng-text-default\">\n\t\t\t\t\t\t\t\t\t\t\t\t\t<h2 class=\"ng-body-component-title\">Tr\u01b0\u1eddng Ti\u1ec3u h\u1ecdc<\/h2>\n\t\t\t\t\t\t\t\t\t\t\t\t<p class=\"bg-color-primary mt-3 body-component-line\"><\/p>\n\t\t\t\t\t\t\t\t\t\t\t\t\t<div class=\"mt-2 ng-body-component-content\">\n\t\t\t\t\t\t\t\t<p><a href=\"https:\/\/www.ishcmc.com\/vi\/academics\/primary-school\/\" target=\"_blank\" rel=\"noopener\">C\u01a1 s\u1edf Ti\u1ec3u h\u1ecdc<\/a> c\u00f3 Th\u01b0 vi\u1ec7n Ti\u1ec3u h\u1ecdc \u0111o\u1ea1t gi\u1ea3i th\u01b0\u1edfng, Fab Lab, Makerspace, ph\u00f2ng c\u00f4ng ngh\u1ec7 th\u1ef1c ph\u1ea9m, studio phim v\u00e0 c\u00e1c ph\u00f2ng ngh\u1ec7 thu\u1eadt chuy\u00ean d\u1ee5ng \u0111\u01b0\u1ee3c thi\u1ebft k\u1ebf \u0111\u1ec3 khuy\u1ebfn kh\u00edch s\u1ef1 s\u00e1ng t\u1ea1o th\u00f4ng qua vi\u1ec7c h\u1ecdc t\u1eadp d\u1ef1a tr\u00ean t\u00ecm hi\u1ec3u. C\u00e1c khu v\u1ef1c h\u1ecdc t\u1eadp h\u1ee3p t\u00e1c v\u1edbi h\u00e0nh lang r\u1ed9ng v\u00e0 kh\u00f4ng gian ngh\u1ec9 ng\u01a1i \u0111\u1ec3 t\u1ea1o \u0111i\u1ec1u ki\u1ec7n cho vi\u1ec7c h\u1ecdc nh\u00f3m c\u0169ng nh\u01b0 h\u1ecdc t\u1eadp c\u00e1 nh\u00e2n h\u00f3a. Ph\u00f2ng t\u1eadp th\u1ec3 d\u1ee5c, s\u00e2n ch\u01a1i phi\u00eau l\u01b0u, b\u1ec3 b\u01a1i 6 l\u00e0n \u0111\u01b0\u1eddng d\u00e0i 25m v\u00e0 c\u00e1c s\u00e2n ngo\u00e0i tr\u1eddi mang \u0111\u1ebfn cho c\u00e1c h\u1ecdc sinh nh\u1ecf tu\u1ed5i kh\u00f4ng gian \u0111\u1ec3 vui ch\u01a1i v\u00e0 ph\u00e1t tri\u1ec3n.<\/p>\n                            <\/div>\n\t\t\t\t\t\t\t\t\t\t\t\t<a class=\"mt-2 btn btn-outline-secondary text-uppercase font-weight-bold ng-body-component-button\" href=\"https:\/\/www.ishcmc.com\/vi\/academics\/primary-school\/\">Kh\u00e1m ph\u00e1 C\u01a1 s\u1edf Ti\u1ec3u h\u1ecdc<\/a>\n\t\t\t\t\t<\/div>\n\t\t\t\t<\/div>\n\t\t\t\t\n\t\t\t<\/div>\n\t\t<\/div>\n\t\t<style>\n\t\t.ng-body-component .ng-text-default {\n\t\t\tpadding-top: 0;\n\t\t}\n\t\t.ng-body-component .ng-body-component-title{\n\t\t\tfont-size:; \n\t\t\tline-height: ;\n\t\t}\n\t\t.ng-body-component .ng-body-component-title{\n\t\t\tcolor: #005490;\n\t\t}\n\t\t@media (max-width: 1024px) {\n\t\t\t.ng-body-component .ng-body-component-title{\n\t\t\t\tfont-size:; \n\t\t\t\tline-height: ;\n\t\t\t}\n\t\t}\n\t\t@media (max-width: 767px) {\n\t\t\t.ng-body-component .ng-body-component-title{\n\t\t\t\tfont-size:; \n\t\t\t\tline-height: ;\n\t\t\t}\n\t\t}\n\t<\/style>\n\t\t\t<div class=\"ng-spacing \">\n\t\t\t<div class=\"ng-spacing-empty ng-spacing-md\" style=\"height: 48px\"><\/div>\n\t\t\t<div class=\"ng-spacing-empty ng-spacing-sm\" style=\"height: 48px\"><\/div>\n\t\t\t<div class=\"ng-spacing-empty ng-spacing-xs\" style=\"height: 24px\"><\/div>\n\t\t<\/div>\n\t\t\t\t<div class=\"ng-body-component ng-body-component-image-right why-ishcmc-2 secondary-school why-ishcmc-2 secondary-school\" style = \"max-width:1008px\">\n\t\t\t<div class=\"row\">\n\t\t\t\t<div class=\"col-md-6 col-sm-12 col-12\" style=\"display: flex; align-items: top;\">\n\t\t\t\t\t<div class=\"mt-5 mr-3 ng-text-default\">\n\t\t\t\t\t\t\t\t\t\t\t\t\t<h2 class=\"ng-body-component-title\">Tr\u01b0\u1eddng Trung h\u1ecdc<\/h2>\n\t\t\t\t\t\t\t\t\t\t\t\t<p class=\"bg-color-primary mt-3 body-component-line\"><\/p>\n\t\t\t\t\t\t\t\t\t\t\t\t\t<div class=\"mt-2 ng-body-component-content\">\n                            \t<p><a href=\"https:\/\/www.ishcmc.com\/vi\/academics\/secondary-school\/\" target=\"_blank\" rel=\"noopener\">C\u01a1 s\u1edf Trung h\u1ecdc<\/a> mang \u0111\u1ebfn c\u01a1 h\u1ed9i tuy\u1ec7t v\u1eddi cho vi\u1ec7c h\u1ecdc t\u1eadp c\u1ee7a h\u1ecdc sinh th\u00f4ng qua c\u00e1c l\u1edbp h\u1ecdc c\u00f4ng ngh\u1ec7 ti\u00ean ti\u1ebfn, kh\u00f4ng gian h\u1ecdc t\u1eadp h\u1ee3p t\u00e1c v\u00e0 khu v\u1ef1c h\u1ecdc t\u1eadp d\u00e0nh cho h\u1ecdc sinh kh\u1ed1i l\u1edbn. C\u00e1c c\u01a1 s\u1edf v\u1eadt ch\u1ea5t \u0111\u1ed9c \u0111\u00e1o s\u1ebd gi\u00fap chu\u1ea9n b\u1ecb cho h\u1ecdc sinh \u0111\u1ed1i m\u1eb7t v\u1edbi th\u1ef1c t\u1ebf c\u1ee7a th\u1ebf gi\u1edbi th\u01b0\u01a1ng m\u1ea1i th\u1ebf k\u1ef7 21. Bao g\u1ed3m Trung t\u00e2m Th\u00f4ng tin v\u00e0 Truy\u1ec1n th\u00f4ng, nh\u00e0 h\u00e1t chuy\u00ean nghi\u1ec7p, studio thu \u00e2m, ph\u00f2ng thi\u1ebft k\u1ebf, ph\u00f2ng luy\u1ec7n t\u1eadp \u00e2m nh\u1ea1c, s\u00e2n b\u00f3ng r\u1ed5 chu\u1ea9n NBA, s\u00e2n th\u1ec3 thao tr\u00ean s\u00e2n th\u01b0\u1ee3ng, b\u1ec3 b\u01a1i 8 l\u00e0n \u0111\u01b0\u1eddng d\u00e0i 25m, ph\u00f2ng th\u00ed nghi\u1ec7m c\u00f4ng ngh\u1ec7 th\u1ef1c ph\u1ea9m v\u00e0 khoa h\u1ecdc.<\/p>\n                            <\/div>\n\t\t\t\t\t\t                        <a class=\"mt-2 btn btn-outline-secondary text-uppercase font-weight-bold ng-body-component-button\" href=\"https:\/\/www.ishcmc.com\/vi\/academics\/secondary-school\/\">Kh\u00e1m ph\u00e1 C\u01a1 s\u1edf Trung h\u1ecdc<\/a>\n\t\t\t\t\t<\/div>\n\t\t\t\t<\/div>\n\t\t\t\t<div class=\"col-md-6 col-sm-12 col-12\">\n\t\t\t\t\t<div class=\"ng-body-component-image\">\n\t\t\t\t\t\t<img loading=\"lazy\" decoding=\"async\" width=\"640\" height=\"359\" src=\"https:\/\/www.ishcmc.com\/wp-content\/uploads\/sites\/20\/2022\/03\/ISHCMC-Secondary-Campus.jpeg\" class=\"body-component-image rounder-8\" alt=\"A view of ISHCMC Secondary Campus\" \/>\t\t\t\t\t<\/div>\n\t\t\t\t<\/div>\n\t\t\t\t\n\t\t\t<\/div>\n\t\t<\/div>\n\t\t<style>\n\t\t.ng-body-component .ng-text-default {\n\t\t\tpadding-top: 0;\n\t\t}\n\t\t.ng-body-component .ng-body-component-title{\n\t\t\tfont-size:; \n\t\t\tline-height: ;\n\t\t}\n\t\t.ng-body-component .ng-body-component-title{\n\t\t\tcolor: #005490;\n\t\t}\n\t\t@media (max-width: 1024px) {\n\t\t\t.ng-body-component .ng-body-component-title{\n\t\t\t\tfont-size:; \n\t\t\t\tline-height: ;\n\t\t\t}\n\t\t}\n\t\t@media (max-width: 767px) {\n\t\t\t.ng-body-component .ng-body-component-title{\n\t\t\t\tfont-size:; \n\t\t\t\tline-height: ;\n\t\t\t}\n\t\t}\n\t<\/style>\n\t\t\t<div class=\"ng-spacing \">\n\t\t\t<div class=\"ng-spacing-empty ng-spacing-md\" style=\"height: 96px\"><\/div>\n\t\t\t<div class=\"ng-spacing-empty ng-spacing-sm\" style=\"height: 96px\"><\/div>\n\t\t\t<div class=\"ng-spacing-empty ng-spacing-xs\" style=\"height: 48px\"><\/div>\n\t\t<\/div>\n\t[\/vc_column][\/vc_row][vc_row full_width=&#8221;stretch_row&#8221; css=&#8221;.vc_custom_1650401611723{padding-top: 58px !important;padding-bottom: 73px !important;background-color: #f9fafb !important;}&#8221; el_class=&#8221;also-checkout&#8221;][vc_column][vc_raw_html css=&#8221;&#8221;]JTVCdmNfY29udGVudCUyMGlkJTNEJTIyMjgyMzIlMjIlNUQ=[\/vc_raw_html][\/vc_column][\/vc_row][vc_row][vc_column][\/vc_column][\/vc_row][vc_row][vc_column][vc_column_text][\/vc_column_text][\/vc_column][\/vc_row]<\/p>\n<\/div>","protected":false},"excerpt":{"rendered":"<p>[vc_row full_width=&#8221;stretch_row_content_no_spaces&#8221; css=&#8221;.vc_custom_1696420695652{background-image: url(https:\/\/www.ishcmc.com\/wp-content\/uploads\/sites\/4\/2022\/03\/ISHCMC-Students.jpg?id=11731) !important;background-position: center !important;background-repeat: no-repeat !important;background-size: cover !important;}&#8221;][vc_column][\/vc_column][\/vc_row][vc_row full_width=&#8221;stretch_row_content_no_spaces&#8221; content_placement=&#8221;middle&#8221; css=&#8221;.vc_custom_1649750453048{padding-top: 0px !important;padding-bottom: 0px !important;background-color: #005490 !important;}&#8221;][vc_column][vc_custom_heading text=&#8221;M\u1ed9t c\u1ed9ng \u0111\u1ed3ng, hai c\u01a1 s\u1edf&#8221; font_container=&#8221;tag:h1|font_size:56px|text_align:center|color:%23ffffff|line_height:64px&#8221; use_theme_fonts=&#8221;yes&#8221; el_class=&#8221;top-heading&#8221;][\/vc_column][\/vc_row][vc_row full_width=&#8221;stretch_row&#8221; css=&#8221;.vc_custom_1650401593957{background-color: #f9fafb !important;}&#8221;][vc_column][vc_column_text css=&#8221;.vc_custom_1765873066344{margin-top: 30px !important;margin-bottom: 20px !important;padding-bottom: 10px !important;}&#8221; el_class=&#8221;bcs-container&#8221;]T\u1ea1i ISHCMC, ch\u00fang t\u00f4i v\u00f4 c\u00f9ng t\u1ef1 h\u00e0o v\u1ec1 c\u00e1c kh\u00f4ng gian h\u1ecdc t\u1eadp \u0111a [&hellip;]<\/p>\n","protected":false},"author":32,"featured_media":0,"parent":30799,"menu_order":6,"comment_status":"closed","ping_status":"closed","template":"redux-templates_full_width","meta":{"_acf_changed":false,"footnotes":""},"class_list":["post-28204","page","type-page","status-publish","hentry"],"acf":[],"yoast_head":"<!-- This site is optimized with the Yoast SEO plugin v27.3 - https:\/\/yoast.com\/product\/yoast-seo-wordpress\/ -->\n<title>C\u01a1 s\u1edf v\u1eadt ch\u1ea5t - ISHCMC<\/title>\n<meta name=\"description\" content=\"Kh\u00e1m ph\u00e1 c\u01a1 s\u1edf v\u1eadt ch\u1ea5t v\u00e0 m\u00f4i tr\u01b0\u1eddng h\u1ecdc t\u1eadp t\u1ea1i ISHCMC, an to\u00e0n, hi\u1ec7n \u0111\u1ea1i v\u1edbi nhi\u1ec1u ph\u00f2ng ch\u1ee9c n\u0103ng v\u00e0 kh\u00f4ng gian h\u1ecdc t\u1eadp \u0111a d\u1ea1ng.\" \/>\n<meta name=\"robots\" content=\"index, follow, max-snippet:-1, max-image-preview:large, max-video-preview:-1\" \/>\n<link rel=\"canonical\" href=\"https:\/\/www.ishcmc.com\/vi\/about-us\/campus-and-facilities\/\" \/>\n<meta property=\"og:locale\" content=\"vi_VN\" \/>\n<meta property=\"og:type\" content=\"article\" \/>\n<meta property=\"og:title\" content=\"C\u01a1 s\u1edf v\u1eadt ch\u1ea5t - ISHCMC\" \/>\n<meta property=\"og:description\" content=\"Kh\u00e1m ph\u00e1 c\u01a1 s\u1edf v\u1eadt ch\u1ea5t v\u00e0 m\u00f4i tr\u01b0\u1eddng h\u1ecdc t\u1eadp t\u1ea1i ISHCMC, an to\u00e0n, hi\u1ec7n \u0111\u1ea1i v\u1edbi nhi\u1ec1u ph\u00f2ng ch\u1ee9c n\u0103ng v\u00e0 kh\u00f4ng gian h\u1ecdc t\u1eadp \u0111a d\u1ea1ng.\" \/>\n<meta property=\"og:url\" content=\"https:\/\/www.ishcmc.com\/vi\/about-us\/campus-and-facilities\/\" \/>\n<meta property=\"og:site_name\" content=\"ISHCMC\" \/>\n<meta property=\"article:publisher\" content=\"https:\/\/www.facebook.com\/ISHCMC\/\" \/>\n<meta property=\"article:modified_time\" content=\"2025-12-22T07:25:48+00:00\" \/>\n<meta name=\"twitter:card\" content=\"summary_large_image\" \/>\n<meta name=\"twitter:site\" content=\"@ishcmc\" \/>\n<meta name=\"twitter:label1\" content=\"Est. reading time\" \/>\n\t<meta name=\"twitter:data1\" content=\"3 minutes\" \/>\n<!-- \/ Yoast SEO plugin. -->","yoast_head_json":{"title":"C\u01a1 s\u1edf v\u1eadt ch\u1ea5t - ISHCMC","description":"Kh\u00e1m ph\u00e1 c\u01a1 s\u1edf v\u1eadt ch\u1ea5t v\u00e0 m\u00f4i tr\u01b0\u1eddng h\u1ecdc t\u1eadp t\u1ea1i ISHCMC, an to\u00e0n, hi\u1ec7n \u0111\u1ea1i v\u1edbi nhi\u1ec1u ph\u00f2ng ch\u1ee9c n\u0103ng v\u00e0 kh\u00f4ng gian h\u1ecdc t\u1eadp \u0111a d\u1ea1ng.","robots":{"index":"index","follow":"follow","max-snippet":"max-snippet:-1","max-image-preview":"max-image-preview:large","max-video-preview":"max-video-preview:-1"},"canonical":"https:\/\/www.ishcmc.com\/vi\/about-us\/campus-and-facilities\/","og_locale":"vi_VN","og_type":"article","og_title":"C\u01a1 s\u1edf v\u1eadt ch\u1ea5t - ISHCMC","og_description":"Kh\u00e1m ph\u00e1 c\u01a1 s\u1edf v\u1eadt ch\u1ea5t v\u00e0 m\u00f4i tr\u01b0\u1eddng h\u1ecdc t\u1eadp t\u1ea1i ISHCMC, an to\u00e0n, hi\u1ec7n \u0111\u1ea1i v\u1edbi nhi\u1ec1u ph\u00f2ng ch\u1ee9c n\u0103ng v\u00e0 kh\u00f4ng gian h\u1ecdc t\u1eadp \u0111a d\u1ea1ng.","og_url":"https:\/\/www.ishcmc.com\/vi\/about-us\/campus-and-facilities\/","og_site_name":"ISHCMC","article_publisher":"https:\/\/www.facebook.com\/ISHCMC\/","article_modified_time":"2025-12-22T07:25:48+00:00","twitter_card":"summary_large_image","twitter_site":"@ishcmc","twitter_misc":{"Est. reading time":"3 minutes"},"schema":{"@context":"https:\/\/schema.org","@graph":[{"@type":"WebPage","@id":"https:\/\/www.ishcmc.com\/vi\/about-us\/campus-and-facilities\/","url":"https:\/\/www.ishcmc.com\/vi\/about-us\/campus-and-facilities\/","name":"C\u01a1 s\u1edf v\u1eadt ch\u1ea5t - ISHCMC","isPartOf":{"@id":"https:\/\/www.ishcmc.com\/vi\/#website"},"datePublished":"2025-09-18T04:19:38+00:00","dateModified":"2025-12-22T07:25:48+00:00","description":"Kh\u00e1m ph\u00e1 c\u01a1 s\u1edf v\u1eadt ch\u1ea5t v\u00e0 m\u00f4i tr\u01b0\u1eddng h\u1ecdc t\u1eadp t\u1ea1i ISHCMC, an to\u00e0n, hi\u1ec7n \u0111\u1ea1i v\u1edbi nhi\u1ec1u ph\u00f2ng ch\u1ee9c n\u0103ng v\u00e0 kh\u00f4ng gian h\u1ecdc t\u1eadp \u0111a d\u1ea1ng.","breadcrumb":{"@id":"https:\/\/www.ishcmc.com\/vi\/about-us\/campus-and-facilities\/#breadcrumb"},"inLanguage":"vi-VN","potentialAction":[{"@type":"ReadAction","target":["https:\/\/www.ishcmc.com\/vi\/about-us\/campus-and-facilities\/"]}]},{"@type":"BreadcrumbList","@id":"https:\/\/www.ishcmc.com\/vi\/about-us\/campus-and-facilities\/#breadcrumb","itemListElement":[{"@type":"ListItem","position":1,"name":"Home","item":"https:\/\/www.ishcmc.com\/vi\/"},{"@type":"ListItem","position":2,"name":"T\u1ed4NG QUAN","item":"https:\/\/www.ishcmc.com\/vi\/about-us\/"},{"@type":"ListItem","position":3,"name":"C\u01a1 s\u1edf v\u1eadt ch\u1ea5t"}]},{"@type":"WebSite","@id":"https:\/\/www.ishcmc.com\/vi\/#website","url":"https:\/\/www.ishcmc.com\/vi\/","name":"ISHCMC","description":"The first international school in Ho Chi Minh City","publisher":{"@id":"https:\/\/www.ishcmc.com\/vi\/#organization"},"potentialAction":[{"@type":"SearchAction","target":{"@type":"EntryPoint","urlTemplate":"https:\/\/www.ishcmc.com\/vi\/?s={search_term_string}"},"query-input":{"@type":"PropertyValueSpecification","valueRequired":true,"valueName":"search_term_string"}}],"inLanguage":"vi-VN"},{"@type":"Organization","@id":"https:\/\/www.ishcmc.com\/vi\/#organization","name":"ISHCMC","alternateName":"International School Ho Chi Minh City","url":"https:\/\/www.ishcmc.com\/vi\/","logo":{"@type":"ImageObject","inLanguage":"vi-VN","@id":"https:\/\/www.ishcmc.com\/vi\/#\/schema\/logo\/image\/","url":"https:\/\/www.ishcmc.com\/wp-content\/uploads\/sites\/20\/2022\/03\/ISHCMC-Logo-BW-outline-1-200x200-1.webp","contentUrl":"https:\/\/www.ishcmc.com\/wp-content\/uploads\/sites\/20\/2022\/03\/ISHCMC-Logo-BW-outline-1-200x200-1.webp","width":200,"height":200,"caption":"ISHCMC"},"image":{"@id":"https:\/\/www.ishcmc.com\/vi\/#\/schema\/logo\/image\/"},"sameAs":["https:\/\/www.facebook.com\/ISHCMC\/","https:\/\/x.com\/ishcmc","https:\/\/www.instagram.com\/internationalschoolhcmc\/","https:\/\/vn.linkedin.com\/school\/international-school-ho-chi-minh-city\/","https:\/\/g.co\/kgs\/VoH1TWG","https:\/\/g.co\/kgs\/jX8fji8"]}]}},"jetpack_sharing_enabled":true,"jetpack_shortlink":"https:\/\/wp.me\/Pggbcv-7kU","_links":{"self":[{"href":"https:\/\/www.ishcmc.com\/vi\/wp-json\/wp\/v2\/pages\/28204","targetHints":{"allow":["GET"]}}],"collection":[{"href":"https:\/\/www.ishcmc.com\/vi\/wp-json\/wp\/v2\/pages"}],"about":[{"href":"https:\/\/www.ishcmc.com\/vi\/wp-json\/wp\/v2\/types\/page"}],"author":[{"embeddable":true,"href":"https:\/\/www.ishcmc.com\/vi\/wp-json\/wp\/v2\/users\/32"}],"replies":[{"embeddable":true,"href":"https:\/\/www.ishcmc.com\/vi\/wp-json\/wp\/v2\/comments?post=28204"}],"version-history":[{"count":23,"href":"https:\/\/www.ishcmc.com\/vi\/wp-json\/wp\/v2\/pages\/28204\/revisions"}],"predecessor-version":[{"id":33784,"href":"https:\/\/www.ishcmc.com\/vi\/wp-json\/wp\/v2\/pages\/28204\/revisions\/33784"}],"up":[{"embeddable":true,"href":"https:\/\/www.ishcmc.com\/vi\/wp-json\/wp\/v2\/pages\/30799"}],"wp:attachment":[{"href":"https:\/\/www.ishcmc.com\/vi\/wp-json\/wp\/v2\/media?parent=28204"}],"curies":[{"name":"wp","href":"https:\/\/api.w.org\/{rel}","templated":true}]}}