{"id":28196,"date":"2025-09-18T11:20:21","date_gmt":"2025-09-18T04:20:21","guid":{"rendered":"https:\/\/www.ishcmc.com\/?page_id=28196"},"modified":"2025-12-22T13:59:39","modified_gmt":"2025-12-22T06:59:39","slug":"safeguarding-and-wellbeing","status":"publish","type":"page","link":"https:\/\/www.ishcmc.com\/vi\/about-us\/safeguarding-and-wellbeing\/","title":{"rendered":"An to\u00e0n v\u00e0 H\u1ea1nh ph\u00fac"},"content":{"rendered":"<div class=\"wpb-content-wrapper\"><p>[vc_row full_width=&#8221;stretch_row_content_no_spaces&#8221; css=&#8221;.vc_custom_1696421489100{background-image: url(https:\/\/www.ishcmc.com\/wp-content\/uploads\/sites\/4\/2022\/03\/HAV9145.jpg?id=11734) !important;background-position: center !important;background-repeat: no-repeat !important;background-size: cover !important;}&#8221;][vc_column]\t\t<div class=\"ng-spacing \">\n\t\t\t<div class=\"ng-spacing-empty ng-spacing-md\" style=\"height: 450px\"><\/div>\n\t\t\t<div class=\"ng-spacing-empty ng-spacing-sm\" style=\"height: 300px\"><\/div>\n\t\t\t<div class=\"ng-spacing-empty ng-spacing-xs\" style=\"height: 214px\"><\/div>\n\t\t<\/div>\n\t[\/vc_column][\/vc_row][vc_row full_width=&#8221;stretch_row&#8221; content_placement=&#8221;middle&#8221; css=&#8221;.vc_custom_1650433199846{padding-top: 0px !important;padding-bottom: 0px !important;background-color: #005490 !important;}&#8221;][vc_column][vc_custom_heading text=&#8221;Ch\u00ednh s\u00e1ch B\u1ea3o v\u1ec7 h\u1ecdc sinh theo Ti\u00eau chu\u1ea9n Qu\u1ed1c t\u1ebf&#8221; font_container=&#8221;tag:h1|font_size:56px|text_align:center|color:%23ffffff|line_height:64px&#8221; use_theme_fonts=&#8221;yes&#8221; el_class=&#8221;top-heading&#8221;][\/vc_column][\/vc_row][vc_row full_width=&#8221;stretch_row&#8221; css=&#8221;.vc_custom_1650433203413{background-color: #f9fafb !important;}&#8221;][vc_column][vc_custom_heading text=&#8221;B\u1ea3o v\u1ec7 h\u1ecdc sinh l\u00e0 s\u1ef1 \u01b0u ti\u00ean h\u00e0ng \u0111\u1ea7u t\u1ea1i ISHCMC. Ch\u00fang t\u00f4i cam k\u1ebft th\u1ef1c hi\u1ec7n tr\u00e1ch nhi\u1ec7m b\u1ea3o v\u1ec7 v\u00e0 th\u00fac \u0111\u1ea9y ph\u00fac l\u1ee3i, s\u1ee9c kh\u1ecfe tinh th\u1ea7n v\u00e0 th\u1ec3 ch\u1ea5t c\u1ee7a tr\u1ebb em, thanh thi\u1ebfu ni\u00ean trong s\u1ef1 ch\u0103m s\u00f3c c\u1ee7a tr\u01b0\u1eddng, c\u0169ng nh\u01b0 nh\u1eefng ng\u01b0\u1eddi \u0111ang l\u00e0m vi\u1ec7c t\u1ea1i tr\u01b0\u1eddng. M\u1ee5c ti\u00eau c\u1ee7a ch\u00fang t\u00f4i l\u00e0 \u0111\u1ea3m b\u1ea3o m\u1ed9t m\u00f4i tr\u01b0\u1eddng h\u1ecdc t\u1eadp v\u00e0 l\u00e0m vi\u1ec7c an to\u00e0n cho h\u1ecdc sinh, nh\u00e2n vi\u00ean, ph\u1ee5 huynh v\u00e0 kh\u00e1ch tham quan. Ch\u00fang t\u00f4i lu\u00f4n nghi\u00eam t\u00fac th\u1ef1c hi\u1ec7n tr\u00e1ch nhi\u1ec7m li\u00ean quan \u0111\u1ebfn b\u1ea3o v\u1ec7 h\u1ecdc sinh v\u00e0 ph\u00f2ng ch\u1ed1ng b\u1ea1o l\u1ef1c tr\u1ebb em.&#8221; font_container=&#8221;tag:h6|font_size:22px|text_align:left|color:%23344054|line_height:32px&#8221; use_theme_fonts=&#8221;yes&#8221; css=&#8221;.vc_custom_1649996658763{padding-top: 48px !important;padding-bottom: 48px !important;}&#8221; el_class=&#8221;bcs-container&#8221;][\/vc_column][\/vc_row][vc_row el_class=&#8221;bcs-container&#8221;][vc_column css=&#8221;.vc_custom_1649996747249{padding-left: 0px !important;}&#8221;][vc_column_text css=&#8221;.vc_custom_1653751647339{margin-bottom: 20px !important;padding-top: 48px !important;}&#8221; el_class=&#8221;bcs-container&#8221;]Khi c\u00f3 b\u1ea5t k\u1ef3 m\u1ed1i quan ng\u1ea1i n\u00e0o v\u1ec1 vi\u1ec7c b\u1ea3o v\u1ec7 h\u1ecdc sinh, nh\u00e2n vi\u00ean s\u1ebd th\u00f4ng b\u00e1o cho nh\u1eefng ng\u01b0\u1eddi ph\u1ee5 tr\u00e1ch b\u1ea3o v\u1ec7 h\u1ecdc sinh (DSLs) c\u1ee7a tr\u01b0\u1eddng: T\u1ed5ng Hi\u1ec7u tr\u01b0\u1edfng, Hi\u1ec7u tr\u01b0\u1edfng C\u01a1 s\u1edf Ti\u1ec3u h\u1ecdc ho\u1eb7c Hi\u1ec7u tr\u01b0\u1edfng C\u01a1 s\u1edf Trung h\u1ecdc. Ch\u00fang t\u00f4i h\u01b0\u1edbng \u0111\u1ebfn m\u1ee5c ti\u00eau m\u1ed7i h\u1ecdc sinh \u0111\u1ec1u c\u1ea3m th\u1ea5y c\u00f3 m\u1ed9t ng\u01b0\u1eddi l\u1edbn tin c\u1eady \u0111\u1ec3 chia s\u1ebb lo l\u1eafng ho\u1eb7c v\u1ea5n \u0111\u1ec1 c\u00e1 nh\u00e2n.<\/p>\n<p>Trong m\u1ed9t s\u1ed1 tr\u01b0\u1eddng h\u1ee3p, khi c\u00f3 m\u1ed1i quan ng\u1ea1i b\u1ea5t k\u1ef3 \u0111\u1ed1i v\u1edbi h\u1ecdc sinh, ch\u00fang t\u00f4i c\u00f3 th\u1ec3 y\u00eau c\u1ea7u tham v\u1ea5n t\u1eeb c\u00e1c c\u01a1 quan chuy\u00ean m\u00f4n. Ch\u00fang t\u00f4i lu\u00f4n h\u1ee3p t\u00e1c c\u00f9ng ph\u1ee5 huynh \u0111\u1ec3 \u0111\u1ea3m b\u1ea3o c\u00e1c bi\u1ec7n ph\u00e1p h\u1ed7 tr\u1ee3 v\u00e0 can thi\u1ec7p ph\u00f9 h\u1ee3p cho h\u1ecdc sinh. Ch\u00fang t\u00f4i c\u0169ng n\u1ed7 l\u1ef1c x\u00e2y d\u1ef1ng m\u1ed1i quan h\u1ec7 t\u00edch c\u1ef1c v\u1edbi c\u00e1c chuy\u00ean gia b\u00ean ngo\u00e0i ISHCMC \u0111\u1ec3 cung c\u1ea5p h\u1ed7 tr\u1ee3 chuy\u00ean m\u00f4n khi c\u1ea7n.<\/p>\n<p>Ch\u01b0\u01a1ng tr\u00ecnh c\u1ed1 v\u1ea5n v\u00e0 c\u00e1c ti\u1ebft h\u1ecdc Gi\u00e1o d\u1ee5c C\u00e1 nh\u00e2n, X\u00e3 h\u1ed9i v\u00e0 S\u1ee9c kh\u1ecfe (PSHE) h\u1ed7 tr\u1ee3 ph\u00e1t tri\u1ec3n k\u1ef9 n\u0103ng x\u00e3 h\u1ed9i v\u00e0 c\u1ea3m x\u00fac \u0111\u01b0\u1ee3c th\u1ef1c hi\u1ec7n b\u1edfi c\u00e1c gi\u00e1o vi\u00ean ch\u1ee7 nhi\u1ec7m v\u00e0 gi\u00e1o vi\u00ean c\u1ed1 v\u1ea5n. C\u00e1c t\u01b0 v\u1ea5n vi\u00ean c\u1ee7a tr\u01b0\u1eddng l\u00e0m vi\u1ec7c s\u00e1t sao v\u1edbi h\u1ecdc sinh c\u00f3 v\u1ea5n \u0111\u1ec1 \u0111\u1eb7c th\u00f9, \u0111\u1ed3ng th\u1eddi h\u1ed7 tr\u1ee3 h\u1ecdc sinh Trung h\u1ecdc chu\u1ea9n b\u1ecb cho \u0111\u1ea1i h\u1ecdc. Ch\u00fang t\u00f4i \u00e1p d\u1ee5ng ch\u00ednh s\u00e1ch m\u1edf, khuy\u1ebfn kh\u00edch h\u1ecdc sinh v\u00e0 ph\u1ee5 huynh chia s\u1ebb c\u00e1c m\u1ed1i quan t\u00e2m \u0111\u1ec3 nh\u00e0 tr\u01b0\u1eddng c\u00f3 th\u1ec3 h\u1ed7 tr\u1ee3 k\u1ecbp th\u1eddi. C\u00e1c bu\u1ed5i h\u1ed9i th\u1ea3o cho ph\u1ee5 huynh v\u00e0 c\u00e0 ph\u00ea s\u00e1ng \u0111\u01b0\u1ee3c t\u1ed5 ch\u1ee9c th\u01b0\u1eddng xuy\u00ean l\u00e0 c\u01a1 h\u1ed9i \u0111\u1ec3 trao \u0111\u1ed5i c\u00e1c v\u1ea5n \u0111\u1ec1 quan tr\u1ecdng, v\u00ed d\u1ee5 nh\u01b0 an to\u00e0n m\u1ea1ng.<\/p>\n<p>H\u00e0nh tr\u00ecnh kh\u00e1m ph\u00e1 \u201cCh\u00fang ta l\u00e0 ai\u201d k\u00e9o d\u00e0i xuy\u00ean su\u1ed1t n\u0103m h\u1ecdc gi\u00fap c\u1ed9ng \u0111\u1ed3ng tr\u01b0\u1eddng c\u00f9ng nh\u00ecn nh\u1eadn b\u1ea3n th\u00e2n, x\u00e1c \u0111\u1ecbnh nh\u1eefng gi\u00e1 tr\u1ecb v\u00e0 th\u00e1i \u0111\u1ed9 s\u1ed1ng c\u1ea7n thi\u1ebft \u0111\u1ec3 ph\u00e1t tri\u1ec3n t\u1ed1i \u0111a ti\u1ec1m n\u0103ng. \u0110\u00e2y l\u00e0 n\u1ec1n t\u1ea3ng cho v\u0103n h\u00f3a quan t\u00e2m v\u00e0 ch\u0103m s\u00f3c m\u00e0 ch\u00fang t\u00f4i lu\u00f4n vun \u0111\u1eafp. K\u1ebft h\u1ee3p v\u1edbi ch\u01b0\u01a1ng tr\u00ecnh gi\u00e1o d\u1ee5c t\u00edch c\u1ef1c v\u00e0 th\u1ef1c h\u00e0nh ch\u00e1nh ni\u1ec7m, ch\u00fang t\u00f4i \u0111\u1ea3m b\u1ea3o r\u1eb1ng s\u1ef1 ph\u00e1t tri\u1ec3n c\u00e1 nh\u00e2n v\u00e0 h\u1ea1nh ph\u00fac c\u1ee7a h\u1ecdc sinh lu\u00f4n l\u00e0 tr\u1ecdng t\u00e2m trong s\u1ee9 m\u1ec7nh c\u1ee7a tr\u01b0\u1eddng.[\/vc_column_text]\t\t<div class=\"ng-spacing \">\n\t\t\t<div class=\"ng-spacing-empty ng-spacing-md\" style=\"height: 48px\"><\/div>\n\t\t\t<div class=\"ng-spacing-empty ng-spacing-sm\" style=\"height: 48px\"><\/div>\n\t\t\t<div class=\"ng-spacing-empty ng-spacing-xs\" style=\"height: 24px\"><\/div>\n\t\t<\/div>\n\t\t\t<div class=\"ng-bodytext-single-image ng-bodytext-single-image-153863144 \" style=\"width: initial\">\n\t\t\t<div class=\"wrap-single-image\">\n\t\t\t\t\t\t\t\t\t<h4 class=\"nex-bodytext-title\">Cam k\u1ebft \u0111\u1ed1i v\u1edbi nh\u00e2n vi\u00ean<\/h4>\n\t\t\t\t\t\t\t\t\t\t\t\t\t<span class=\"nex-border background-primary-color\"><\/span>\n\t\t\t\t\t\t\t\t\t\t\t\t\t<div class=\"nex-bodytext-content\">\n\t\t\t\t\t    <p>Nh\u00e2n vi\u00ean \u0111\u01b0\u1ee3c t\u1eadp hu\u1ea5n \u0111\u1ecbnh k\u1ef3 v\u00e0 c\u1eadp nh\u1eadt v\u1ec1 tr\u00e1ch nhi\u1ec7m chuy\u00ean m\u00f4n li\u00ean quan \u0111\u1ebfn b\u1ea3o v\u1ec7 h\u1ecdc sinh v\u00e0 ph\u00f2ng ch\u1ed1ng b\u1ea1o l\u1ef1c tr\u1ebb em. T\u1ea5t c\u1ea3 gi\u00e1o vi\u00ean v\u00e0 nh\u00e2n vi\u00ean h\u1ed7 tr\u1ee3 l\u1edbp h\u1ecdc \u0111\u1ec1u c\u00f3 ch\u1ee9ng ch\u1ec9 s\u01a1 c\u1ee9u c\u01a1 b\u1ea3n. Tr\u01b0\u1eddng \u0111\u01b0\u1ee3c h\u1ed7 tr\u1ee3 b\u1edfi ph\u00f2ng kh\u00e1m n\u1ed9i tr\u00fa v\u00e0 c\u00e1c y t\u00e1 c\u00f3 chuy\u00ean m\u00f4n. H\u1ec7 th\u1ed1ng b\u00e1o c\u00e1o c\u00e1c m\u1ed1i quan ng\u1ea1i \u0111\u01b0\u1ee3c thi\u1ebft l\u1eadp r\u00f5 r\u00e0ng v\u00e0 d\u1ec5 ti\u1ebfp c\u1eadn. Ch\u01b0\u01a1ng tr\u00ecnh ngo\u1ea1i kh\u00f3a, d\u00e3 ngo\u1ea1i v\u00e0 tham quan phong ph\u00fa mang \u0111\u1ebfn c\u01a1 h\u1ed9i h\u1ecdc t\u1eadp th\u1ef1c ti\u1ec5n ngo\u00e0i l\u1edbp h\u1ecdc. M\u1ecdi ho\u1ea1t \u0111\u1ed9ng \u0111\u1ec1u \u0111\u01b0\u1ee3c \u0111\u00e1nh gi\u00e1 r\u1ee7i ro k\u1ef9 l\u01b0\u1ee1ng v\u1edbi m\u1ee5c ti\u00eau s\u1ee9c kh\u1ecfe v\u00e0 s\u1ef1 an to\u00e0n c\u1ee7a h\u1ecdc sinh lu\u00f4n l\u00e0 \u01b0u ti\u00ean h\u00e0ng \u0111\u1ea7u.<\/p>\n\t\t\t\t\t<\/div>\n\t\t\t\t\t\t\t<\/div>\n\t\t\t\t\t<\/div>\n\t\t<style>\n            .ng-bodytext-single-image-153863144 .nex-bodytext-title{\n                font-size:; \n                line-height: ;\n            }\n\t\t\t.ng-bodytext-single-image-153863144 .nex-bodytext-sub-title{\n                font-size:; \n                line-height: ;\n            }\n            .ng-bodytext-single-image-153863144 .nex-bodytext-title{\n                color: ;\n            }\n            @media (max-width: 1024px) {\n                .ng-bodytext-single-image-153863144 .nex-bodytext-title{\n                    font-size:; \n                    line-height: ;\n                }\n            }\n            @media (max-width: 767px) {\n                .ng-bodytext-single-image-153863144 .nex-bodytext-title{\n                    font-size:; \n                    line-height: ;\n                }\n            }\n        <\/style>\n\t\t\t<div class=\"ng-spacing \">\n\t\t\t<div class=\"ng-spacing-empty ng-spacing-md\" style=\"height: 48px\"><\/div>\n\t\t\t<div class=\"ng-spacing-empty ng-spacing-sm\" style=\"height: 48px\"><\/div>\n\t\t\t<div class=\"ng-spacing-empty ng-spacing-xs\" style=\"height: 24px\"><\/div>\n\t\t<\/div>\n\t\t\t<div class=\"ng-bodytext-single-image ng-bodytext-single-image-1562205089 \" style=\"width: initial\">\n\t\t\t<div class=\"wrap-single-image\">\n\t\t\t\t\t\t\t\t\t<h4 class=\"nex-bodytext-title\">Cam k\u1ebft \u0111\u1ed1i v\u1edbi ph\u1ee5 huynh v\u00e0 kh\u00e1ch tham quan<\/h4>\n\t\t\t\t\t\t\t\t\t\t\t\t\t<span class=\"nex-border background-primary-color\"><\/span>\n\t\t\t\t\t\t\t\t\t\t\t\t\t<div class=\"nex-bodytext-content\">\n\t\t\t\t\t    <p>Ch\u00fang t\u00f4i ch\u00e0o \u0111\u00f3n ph\u1ee5 huynh, gia \u0111\u00ecnh v\u00e0 kh\u00e1ch \u0111\u1ebfn th\u0103m tr\u01b0\u1eddng. Tuy nhi\u00ean, vi\u1ec7c ra v\u00e0o khu\u00f4n vi\u00ean tr\u01b0\u1eddng \u0111\u01b0\u1ee3c ki\u1ec3m so\u00e1t ch\u1eb7t ch\u1ebd, v\u1edbi b\u1ea3o v\u1ec7 24\/7 v\u00e0 h\u01a1n 60 camera gi\u00e1m s\u00e1t li\u00ean t\u1ee5c. H\u1ec7 th\u1ed1ng \u0111\u0103ng k\u00fd v\u00e0 d\u00e2y \u0111eo m\u00e0u gi\u00fap nh\u1eadn di\u1ec7n ng\u01b0\u1eddi l\u1edbn t\u1ea1i tr\u01b0\u1eddng d\u1ec5 d\u00e0ng. T\u1ea5t c\u1ea3 ng\u01b0\u1eddi l\u1edbn l\u00e0m vi\u1ec7c v\u1edbi h\u1ecdc sinh, bao g\u1ed3m chuy\u00ean gia kh\u00e1ch m\u1eddi, \u0111\u1ec1u \u0111\u01b0\u1ee3c ki\u1ec3m tra v\u00e0\/ho\u1eb7c gi\u00e1m s\u00e1t th\u00edch h\u1ee3p. \u0110i\u1ec1u n\u00e0y c\u0169ng h\u1ed7 tr\u1ee3 quy tr\u00ecnh s\u01a1 t\u00e1n kh\u1ea9n c\u1ea5p \u0111\u01b0\u1ee3c th\u1ef1c hi\u1ec7n t\u1ea1i tr\u01b0\u1eddng.<\/p>\n\t\t\t\t\t<\/div>\n\t\t\t\t\t\t\t<\/div>\n\t\t\t\t\t<\/div>\n\t\t<style>\n            .ng-bodytext-single-image-1562205089 .nex-bodytext-title{\n                font-size:; \n                line-height: ;\n            }\n\t\t\t.ng-bodytext-single-image-1562205089 .nex-bodytext-sub-title{\n                font-size:; \n                line-height: ;\n            }\n            .ng-bodytext-single-image-1562205089 .nex-bodytext-title{\n                color: ;\n            }\n            @media (max-width: 1024px) {\n                .ng-bodytext-single-image-1562205089 .nex-bodytext-title{\n                    font-size:; \n                    line-height: ;\n                }\n            }\n            @media (max-width: 767px) {\n                .ng-bodytext-single-image-1562205089 .nex-bodytext-title{\n                    font-size:; \n                    line-height: ;\n                }\n            }\n        <\/style>\n\t\t\t<div class=\"ng-spacing \">\n\t\t\t<div class=\"ng-spacing-empty ng-spacing-md\" style=\"height: 48px\"><\/div>\n\t\t\t<div class=\"ng-spacing-empty ng-spacing-sm\" style=\"height: 48px\"><\/div>\n\t\t\t<div class=\"ng-spacing-empty ng-spacing-xs\" style=\"height: 24px\"><\/div>\n\t\t<\/div>\n\t\t\t<div class=\"ng-bodytext-single-image ng-bodytext-single-image-1007451955 \" style=\"width: initial\">\n\t\t\t<div class=\"wrap-single-image\">\n\t\t\t\t\t\t\t\t\t<h4 class=\"nex-bodytext-title\">Cam k\u1ebft tuy\u1ec3n d\u1ee5ng an to\u00e0n<\/h4>\n\t\t\t\t\t\t\t\t\t\t\t\t\t<span class=\"nex-border background-primary-color\"><\/span>\n\t\t\t\t\t\t\t\t\t\t\t\t\t<div class=\"nex-bodytext-content\">\n\t\t\t\t\t    <p>Quy tr\u00ecnh tuy\u1ec3n d\u1ee5ng c\u1ee7a ch\u00fang t\u00f4i tu\u00e2n theo h\u01b0\u1edbng d\u1eabn \u201cSafer Recruitment\u201d. Ch\u00fang t\u00f4i \u0111\u1ea3m b\u1ea3o tuy\u1ec3n d\u1ee5ng \u0111\u1ed9i ng\u0169 chuy\u00ean m\u00f4n xu\u1ea5t s\u1eafc cho ISHCMC. T\u1ea5t c\u1ea3 nh\u00e2n vi\u00ean \u0111\u1ec1u ph\u1ea3i th\u1ef1c hi\u1ec7n ki\u1ec3m tra l\u00fd l\u1ecbch t\u01b0 ph\u00e1p qua h\u1ec7 th\u1ed1ng First Avvanz t\u1ea1i t\u1ea5t c\u1ea3 c\u00e1c qu\u1ed1c gia m\u00e0 h\u1ecd t\u1eebng sinh s\u1ed1ng. Quy tr\u00ecnh n\u00e0y \u0111\u01b0\u1ee3c h\u1ed7 tr\u1ee3 b\u1edfi h\u1ed3 s\u01a1 chi ti\u1ebft, tham kh\u1ea3o t\u1eeb ng\u01b0\u1eddi gi\u1edbi thi\u1ec7u v\u00e0 ph\u1ecfng v\u1ea5n chuy\u00ean s\u00e2u.<\/p>\n\t\t\t\t\t<\/div>\n\t\t\t\t\t\t\t<\/div>\n\t\t\t\t\t<\/div>\n\t\t<style>\n            .ng-bodytext-single-image-1007451955 .nex-bodytext-title{\n                font-size:; \n                line-height: ;\n            }\n\t\t\t.ng-bodytext-single-image-1007451955 .nex-bodytext-sub-title{\n                font-size:; \n                line-height: ;\n            }\n            .ng-bodytext-single-image-1007451955 .nex-bodytext-title{\n                color: ;\n            }\n            @media (max-width: 1024px) {\n                .ng-bodytext-single-image-1007451955 .nex-bodytext-title{\n                    font-size:; \n                    line-height: ;\n                }\n            }\n            @media (max-width: 767px) {\n                .ng-bodytext-single-image-1007451955 .nex-bodytext-title{\n                    font-size:; \n                    line-height: ;\n                }\n            }\n        <\/style>\n\t\t\t<div class=\"ng-spacing \">\n\t\t\t<div class=\"ng-spacing-empty ng-spacing-md\" style=\"height: 30px\"><\/div>\n\t\t\t<div class=\"ng-spacing-empty ng-spacing-sm\" style=\"height: 30px\"><\/div>\n\t\t\t<div class=\"ng-spacing-empty ng-spacing-xs\" style=\"height: 30px\"><\/div>\n\t\t<\/div>\n\t[\/vc_column][\/vc_row][vc_row full_width=&#8221;stretch_row&#8221; css=&#8221;.vc_custom_1650433215741{padding-top: 58px !important;padding-bottom: 73px !important;background-color: #f9fafb !important;}&#8221; el_class=&#8221;also-checkout&#8221;][vc_column][vc_raw_html css=&#8221;&#8221;]JTVCdmNfY29udGVudCUyMGlkJTNEJTIyMjgyMzIlMjIlNUQlMEE=[\/vc_raw_html][\/vc_column][\/vc_row][vc_row][vc_column][vc_raw_html css=&#8221;.vc_custom_1764666045315{margin-bottom: 0px !important;}&#8221;]JTVCdmNfY29udGVudCUyMGlkJTNEJTIyMjgyMjAlMjIlNUQlMEE=[\/vc_raw_html][\/vc_column][\/vc_row]<\/p>\n<\/div>","protected":false},"excerpt":{"rendered":"<p>[vc_row full_width=&#8221;stretch_row_content_no_spaces&#8221; css=&#8221;.vc_custom_1696421489100{background-image: url(https:\/\/www.ishcmc.com\/wp-content\/uploads\/sites\/4\/2022\/03\/HAV9145.jpg?id=11734) !important;background-position: center !important;background-repeat: no-repeat !important;background-size: cover !important;}&#8221;][vc_column][\/vc_column][\/vc_row][vc_row full_width=&#8221;stretch_row&#8221; content_placement=&#8221;middle&#8221; css=&#8221;.vc_custom_1650433199846{padding-top: 0px !important;padding-bottom: 0px !important;background-color: #005490 !important;}&#8221;][vc_column][vc_custom_heading text=&#8221;Ch\u00ednh s\u00e1ch B\u1ea3o v\u1ec7 h\u1ecdc sinh theo Ti\u00eau chu\u1ea9n Qu\u1ed1c t\u1ebf&#8221; font_container=&#8221;tag:h1|font_size:56px|text_align:center|color:%23ffffff|line_height:64px&#8221; use_theme_fonts=&#8221;yes&#8221; el_class=&#8221;top-heading&#8221;][\/vc_column][\/vc_row][vc_row full_width=&#8221;stretch_row&#8221; css=&#8221;.vc_custom_1650433203413{background-color: #f9fafb !important;}&#8221;][vc_column][vc_custom_heading text=&#8221;B\u1ea3o v\u1ec7 h\u1ecdc sinh l\u00e0 s\u1ef1 \u01b0u ti\u00ean h\u00e0ng \u0111\u1ea7u t\u1ea1i ISHCMC. Ch\u00fang t\u00f4i cam k\u1ebft th\u1ef1c [&hellip;]<\/p>\n","protected":false},"author":32,"featured_media":0,"parent":30799,"menu_order":7,"comment_status":"closed","ping_status":"closed","template":"redux-templates_full_width","meta":{"_acf_changed":false,"footnotes":""},"class_list":["post-28196","page","type-page","status-publish","hentry"],"acf":[],"yoast_head":"<!-- This site is optimized with the Yoast SEO plugin v27.3 - https:\/\/yoast.com\/product\/yoast-seo-wordpress\/ -->\n<title>An to\u00e0n v\u00e0 H\u1ea1nh ph\u00fac - ISHCMC<\/title>\n<meta name=\"description\" content=\"B\u1ea3o v\u1ec7 h\u1ecdc sinh l\u00e0 \u01b0u ti\u00ean h\u00e0ng \u0111\u1ea7u c\u1ee7a ch\u00fang t\u00f4i. Ch\u00fang t\u00f4i cam k\u1ebft b\u1ea3o v\u1ec7 ph\u00fac l\u1ee3i, s\u1ee9c kh\u1ecfe th\u1ec3 ch\u1ea5t v\u00e0 tinh th\u1ea7n c\u1ee7a m\u1ecdi tr\u1ebb em t\u1ea1i ISHCMC.\" \/>\n<meta name=\"robots\" content=\"index, follow, max-snippet:-1, max-image-preview:large, max-video-preview:-1\" \/>\n<link rel=\"canonical\" href=\"https:\/\/www.ishcmc.com\/vi\/about-us\/safeguarding-and-wellbeing\/\" \/>\n<meta property=\"og:locale\" content=\"vi_VN\" \/>\n<meta property=\"og:type\" content=\"article\" \/>\n<meta property=\"og:title\" content=\"An to\u00e0n v\u00e0 H\u1ea1nh ph\u00fac - ISHCMC\" \/>\n<meta property=\"og:description\" content=\"B\u1ea3o v\u1ec7 h\u1ecdc sinh l\u00e0 \u01b0u ti\u00ean h\u00e0ng \u0111\u1ea7u c\u1ee7a ch\u00fang t\u00f4i. Ch\u00fang t\u00f4i cam k\u1ebft b\u1ea3o v\u1ec7 ph\u00fac l\u1ee3i, s\u1ee9c kh\u1ecfe th\u1ec3 ch\u1ea5t v\u00e0 tinh th\u1ea7n c\u1ee7a m\u1ecdi tr\u1ebb em t\u1ea1i ISHCMC.\" \/>\n<meta property=\"og:url\" content=\"https:\/\/www.ishcmc.com\/vi\/about-us\/safeguarding-and-wellbeing\/\" \/>\n<meta property=\"og:site_name\" content=\"ISHCMC\" \/>\n<meta property=\"article:publisher\" content=\"https:\/\/www.facebook.com\/ISHCMC\/\" \/>\n<meta property=\"article:modified_time\" content=\"2025-12-22T06:59:39+00:00\" \/>\n<meta name=\"twitter:card\" content=\"summary_large_image\" \/>\n<meta name=\"twitter:site\" content=\"@ishcmc\" \/>\n<meta name=\"twitter:label1\" content=\"Est. reading time\" \/>\n\t<meta name=\"twitter:data1\" content=\"4 minutes\" \/>\n<!-- \/ Yoast SEO plugin. -->","yoast_head_json":{"title":"An to\u00e0n v\u00e0 H\u1ea1nh ph\u00fac - ISHCMC","description":"B\u1ea3o v\u1ec7 h\u1ecdc sinh l\u00e0 \u01b0u ti\u00ean h\u00e0ng \u0111\u1ea7u c\u1ee7a ch\u00fang t\u00f4i. Ch\u00fang t\u00f4i cam k\u1ebft b\u1ea3o v\u1ec7 ph\u00fac l\u1ee3i, s\u1ee9c kh\u1ecfe th\u1ec3 ch\u1ea5t v\u00e0 tinh th\u1ea7n c\u1ee7a m\u1ecdi tr\u1ebb em t\u1ea1i ISHCMC.","robots":{"index":"index","follow":"follow","max-snippet":"max-snippet:-1","max-image-preview":"max-image-preview:large","max-video-preview":"max-video-preview:-1"},"canonical":"https:\/\/www.ishcmc.com\/vi\/about-us\/safeguarding-and-wellbeing\/","og_locale":"vi_VN","og_type":"article","og_title":"An to\u00e0n v\u00e0 H\u1ea1nh ph\u00fac - ISHCMC","og_description":"B\u1ea3o v\u1ec7 h\u1ecdc sinh l\u00e0 \u01b0u ti\u00ean h\u00e0ng \u0111\u1ea7u c\u1ee7a ch\u00fang t\u00f4i. Ch\u00fang t\u00f4i cam k\u1ebft b\u1ea3o v\u1ec7 ph\u00fac l\u1ee3i, s\u1ee9c kh\u1ecfe th\u1ec3 ch\u1ea5t v\u00e0 tinh th\u1ea7n c\u1ee7a m\u1ecdi tr\u1ebb em t\u1ea1i ISHCMC.","og_url":"https:\/\/www.ishcmc.com\/vi\/about-us\/safeguarding-and-wellbeing\/","og_site_name":"ISHCMC","article_publisher":"https:\/\/www.facebook.com\/ISHCMC\/","article_modified_time":"2025-12-22T06:59:39+00:00","twitter_card":"summary_large_image","twitter_site":"@ishcmc","twitter_misc":{"Est. reading time":"4 minutes"},"schema":{"@context":"https:\/\/schema.org","@graph":[{"@type":"WebPage","@id":"https:\/\/www.ishcmc.com\/vi\/about-us\/safeguarding-and-wellbeing\/","url":"https:\/\/www.ishcmc.com\/vi\/about-us\/safeguarding-and-wellbeing\/","name":"An to\u00e0n v\u00e0 H\u1ea1nh ph\u00fac - ISHCMC","isPartOf":{"@id":"https:\/\/www.ishcmc.com\/vi\/#website"},"datePublished":"2025-09-18T04:20:21+00:00","dateModified":"2025-12-22T06:59:39+00:00","description":"B\u1ea3o v\u1ec7 h\u1ecdc sinh l\u00e0 \u01b0u ti\u00ean h\u00e0ng \u0111\u1ea7u c\u1ee7a ch\u00fang t\u00f4i. Ch\u00fang t\u00f4i cam k\u1ebft b\u1ea3o v\u1ec7 ph\u00fac l\u1ee3i, s\u1ee9c kh\u1ecfe th\u1ec3 ch\u1ea5t v\u00e0 tinh th\u1ea7n c\u1ee7a m\u1ecdi tr\u1ebb em t\u1ea1i ISHCMC.","breadcrumb":{"@id":"https:\/\/www.ishcmc.com\/vi\/about-us\/safeguarding-and-wellbeing\/#breadcrumb"},"inLanguage":"vi-VN","potentialAction":[{"@type":"ReadAction","target":["https:\/\/www.ishcmc.com\/vi\/about-us\/safeguarding-and-wellbeing\/"]}]},{"@type":"BreadcrumbList","@id":"https:\/\/www.ishcmc.com\/vi\/about-us\/safeguarding-and-wellbeing\/#breadcrumb","itemListElement":[{"@type":"ListItem","position":1,"name":"Home","item":"https:\/\/www.ishcmc.com\/vi\/"},{"@type":"ListItem","position":2,"name":"T\u1ed4NG QUAN","item":"https:\/\/www.ishcmc.com\/vi\/about-us\/"},{"@type":"ListItem","position":3,"name":"An to\u00e0n v\u00e0 H\u1ea1nh ph\u00fac"}]},{"@type":"WebSite","@id":"https:\/\/www.ishcmc.com\/vi\/#website","url":"https:\/\/www.ishcmc.com\/vi\/","name":"ISHCMC","description":"The first international school in Ho Chi Minh City","publisher":{"@id":"https:\/\/www.ishcmc.com\/vi\/#organization"},"potentialAction":[{"@type":"SearchAction","target":{"@type":"EntryPoint","urlTemplate":"https:\/\/www.ishcmc.com\/vi\/?s={search_term_string}"},"query-input":{"@type":"PropertyValueSpecification","valueRequired":true,"valueName":"search_term_string"}}],"inLanguage":"vi-VN"},{"@type":"Organization","@id":"https:\/\/www.ishcmc.com\/vi\/#organization","name":"ISHCMC","alternateName":"International School Ho Chi Minh City","url":"https:\/\/www.ishcmc.com\/vi\/","logo":{"@type":"ImageObject","inLanguage":"vi-VN","@id":"https:\/\/www.ishcmc.com\/vi\/#\/schema\/logo\/image\/","url":"https:\/\/www.ishcmc.com\/wp-content\/uploads\/sites\/20\/2022\/03\/ISHCMC-Logo-BW-outline-1-200x200-1.webp","contentUrl":"https:\/\/www.ishcmc.com\/wp-content\/uploads\/sites\/20\/2022\/03\/ISHCMC-Logo-BW-outline-1-200x200-1.webp","width":200,"height":200,"caption":"ISHCMC"},"image":{"@id":"https:\/\/www.ishcmc.com\/vi\/#\/schema\/logo\/image\/"},"sameAs":["https:\/\/www.facebook.com\/ISHCMC\/","https:\/\/x.com\/ishcmc","https:\/\/www.instagram.com\/internationalschoolhcmc\/","https:\/\/vn.linkedin.com\/school\/international-school-ho-chi-minh-city\/","https:\/\/g.co\/kgs\/VoH1TWG","https:\/\/g.co\/kgs\/jX8fji8"]}]}},"jetpack_sharing_enabled":true,"jetpack_shortlink":"https:\/\/wp.me\/Pggbcv-7kM","_links":{"self":[{"href":"https:\/\/www.ishcmc.com\/vi\/wp-json\/wp\/v2\/pages\/28196","targetHints":{"allow":["GET"]}}],"collection":[{"href":"https:\/\/www.ishcmc.com\/vi\/wp-json\/wp\/v2\/pages"}],"about":[{"href":"https:\/\/www.ishcmc.com\/vi\/wp-json\/wp\/v2\/types\/page"}],"author":[{"embeddable":true,"href":"https:\/\/www.ishcmc.com\/vi\/wp-json\/wp\/v2\/users\/32"}],"replies":[{"embeddable":true,"href":"https:\/\/www.ishcmc.com\/vi\/wp-json\/wp\/v2\/comments?post=28196"}],"version-history":[{"count":16,"href":"https:\/\/www.ishcmc.com\/vi\/wp-json\/wp\/v2\/pages\/28196\/revisions"}],"predecessor-version":[{"id":33940,"href":"https:\/\/www.ishcmc.com\/vi\/wp-json\/wp\/v2\/pages\/28196\/revisions\/33940"}],"up":[{"embeddable":true,"href":"https:\/\/www.ishcmc.com\/vi\/wp-json\/wp\/v2\/pages\/30799"}],"wp:attachment":[{"href":"https:\/\/www.ishcmc.com\/vi\/wp-json\/wp\/v2\/media?parent=28196"}],"curies":[{"name":"wp","href":"https:\/\/api.w.org\/{rel}","templated":true}]}}