{"id":28168,"date":"2025-09-18T11:21:11","date_gmt":"2025-09-18T04:21:11","guid":{"rendered":"https:\/\/www.ishcmc.com\/?page_id=28168"},"modified":"2025-12-22T13:59:14","modified_gmt":"2025-12-22T06:59:14","slug":"tuyen-dung-tai-ishcmc","status":"publish","type":"page","link":"https:\/\/www.ishcmc.com\/vi\/about-us\/tuyen-dung-tai-ishcmc\/","title":{"rendered":"Tuy\u1ec3n d\u1ee5ng t\u1ea1i ISHCMC"},"content":{"rendered":"<div class=\"wpb-content-wrapper\"><p>[vc_row full_width=&#8221;stretch_row_content_no_spaces&#8221; css=&#8221;.vc_custom_1747709741308{background-image: url(https:\/\/www.ishcmc.com\/wp-content\/uploads\/sites\/20\/2025\/05\/Homepage-Banner-1920-x-600-px-1.png?id=21605) !important;background-position: center !important;background-repeat: no-repeat !important;background-size: cover !important;}&#8221;][vc_column]\t\t<div class=\"ng-spacing \">\n\t\t\t<div class=\"ng-spacing-empty ng-spacing-md\" style=\"height: 450px\"><\/div>\n\t\t\t<div class=\"ng-spacing-empty ng-spacing-sm\" style=\"height: 300px\"><\/div>\n\t\t\t<div class=\"ng-spacing-empty ng-spacing-xs\" style=\"height: 214px\"><\/div>\n\t\t<\/div>\n\t[\/vc_column][\/vc_row][vc_row full_width=&#8221;stretch_row&#8221; content_placement=&#8221;middle&#8221; css=&#8221;.vc_custom_1698909741704{padding-top: 0px !important;padding-bottom: 0px !important;background: #005490 url(https:\/\/www.ishcmc.com\/wp-content\/uploads\/sites\/4\/2023\/04\/Asset-5.png?id=10172) !important;background-position: center !important;background-repeat: no-repeat !important;background-size: cover !important;}&#8221;][vc_column][vc_custom_heading text=&#8221;Gia nh\u1eadp C\u1ed9ng \u0111\u1ed3ng Gi\u00e1o d\u1ee5c ISHCMC&#8221; font_container=&#8221;tag:h1|font_size:56px|text_align:center|color:%23ffffff|line_height:64px&#8221; use_theme_fonts=&#8221;yes&#8221; css=&#8221;&#8221; el_class=&#8221;top-heading&#8221;][\/vc_column][\/vc_row][vc_row full_width=&#8221;stretch_row_content&#8221; css_animation=&#8221;fadeInDown&#8221; css=&#8221;.vc_custom_1747289522747{background-color: #EFF9FE !important;background-position: center !important;background-repeat: no-repeat !important;background-size: cover !important;}&#8221;][vc_column][vc_icon icon_fontawesome=&#8221;fas fa-quote-left&#8221; color=&#8221;custom&#8221; size=&#8221;xl&#8221; css=&#8221;.vc_custom_1747289610273{margin-top: 35px !important;}&#8221; custom_color=&#8221;#0094BB&#8221;][vc_custom_heading text=&#8221;Ch\u00fang t\u00f4i kh\u00f4ng ng\u1eebng \u0111\u1ea7u t\u01b0 v\u00e0o ph\u00e1t tri\u1ec3n chuy\u00ean m\u00f4n, bao g\u1ed3m ch\u1ee9ng ch\u1ec9 IB, c\u00e1c ch\u01b0\u01a1ng tr\u00ecnh hu\u1ea5n luy\u1ec7n, l\u1ed9 tr\u00ecnh l\u00e3nh \u0111\u1ea1o v\u00e0 c\u00e1c kh\u00f3a ph\u00e1t tri\u1ec3n chuy\u00ean m\u00f4n c\u00e1 nh\u00e2n h\u00f3a ph\u00f9 h\u1ee3p v\u1edbi m\u1ee5c ti\u00eau c\u1ee7a gi\u00e1o vi\u00ean.&#8221; font_container=&#8221;tag:h2|text_align:left|color:%23005490&#8243; use_theme_fonts=&#8221;yes&#8221; css=&#8221;&#8221;][vc_icon icon_fontawesome=&#8221;fas fa-quote-right&#8221; color=&#8221;custom&#8221; size=&#8221;xl&#8221; align=&#8221;right&#8221; css=&#8221;&#8221; custom_color=&#8221;#0094BB&#8221;][\/vc_column][\/vc_row][vc_row full_width=&#8221;stretch_row&#8221; disable_element=&#8221;yes&#8221; css=&#8221;.vc_custom_1747629102044{background-color: #f9fafb !important;}&#8221;][vc_column][vc_column_text css=&#8221;.vc_custom_1698150367773{padding-top: 48px !important;padding-bottom: 20px !important;}&#8221; el_class=&#8221;bcs-container&#8221;]<strong>The International School of Ho Chi Minh City (ISHCMC) is a vibrant and innovative learning community which welcomes applications from qualified and passionate educators looking to further their careers. We value life-long learning and a commitment to building strong relationships with our students, colleagues, and parents. <\/strong>[\/vc_column_text][\/vc_column][\/vc_row][vc_row full_width=&#8221;stretch_row&#8221; css=&#8221;.vc_custom_1699346348536{padding-top: 40px !important;padding-bottom: 40px !important;}&#8221;][vc_column video_bg=&#8221;yes&#8221; video_bg_url=&#8221;https:\/\/www.youtube.com\/watch?v=zk2rENZQGDI&#8221;]\t\t<div class=\"ng-spacing \">\n\t\t\t<div class=\"ng-spacing-empty ng-spacing-md\" style=\"height: 600px\"><\/div>\n\t\t\t<div class=\"ng-spacing-empty ng-spacing-sm\" style=\"height: 400px\"><\/div>\n\t\t\t<div class=\"ng-spacing-empty ng-spacing-xs\" style=\"height: 300px\"><\/div>\n\t\t<\/div>\n\t[\/vc_column][\/vc_row][vc_row full_width=&#8221;stretch_row_content&#8221;][vc_column][vc_row_inner el_class=&#8221;bcs-container&#8221;][vc_column_inner][vc_custom_heading text=&#8221;Nh\u1eefng nh\u00e2n t\u00e0i ch\u00fang t\u00f4i t\u00ecm ki\u1ebfm&#8221; font_container=&#8221;tag:h4|text_align:left|color:%23005490&#8243; use_theme_fonts=&#8221;yes&#8221; css=&#8221;&#8221; el_class=&#8221;bcs-container&#8221;][vc_column_text css=&#8221;&#8221;]<span style=\"font-weight: 400\">Tr\u01b0\u1eddng Qu\u1ed1c t\u1ebf Th\u00e0nh ph\u1ed1 H\u1ed3 Ch\u00ed Minh ch\u00e0o \u0111\u00f3n h\u1ed3 s\u01a1 t\u1eeb nh\u1eefng gi\u00e1o vi\u00ean c\u00f3 tr\u00ecnh \u0111\u1ed9 v\u00e0 kinh nghi\u1ec7m, mong mu\u1ed1n l\u00e0m vi\u1ec7c trong m\u00f4i tr\u01b0\u1eddng qu\u1ed1c t\u1ebf, n\u0103ng \u0111\u1ed9ng, th\u1eed th\u00e1ch v\u00e0 nhi\u1ec1u c\u01a1 h\u1ed9i ph\u00e1t tri\u1ec3n. \u1ee8ng vi\u00ean gi\u1ea3ng d\u1ea1y \u0111\u01b0\u1ee3c \u0111\u00e1nh gi\u00e1 d\u1ef1a tr\u00ean b\u1ed1n y\u1ebfu t\u1ed1 ch\u00ednh: th\u1ef1c h\u00e0nh gi\u1ea3ng d\u1ea1y ch\u1ea5t l\u01b0\u1ee3ng cao, \u0111\u00f3ng g\u00f3p v\u00e0o l\u0129nh v\u1ef1c h\u1ecdc t\u1eadp v\u00e0 ph\u00e1t tri\u1ec3n ch\u01b0\u01a1ng tr\u00ecnh, m\u1ed1i quan h\u1ec7 v\u1edbi h\u1ecdc sinh, \u0111\u1ed3ng nghi\u1ec7p v\u00e0 ph\u1ee5 huynh, c\u0169ng nh\u01b0 \u0111\u00f3ng g\u00f3p cho to\u00e0n tr\u01b0\u1eddng.<br \/>\n<\/span>[\/vc_column_text][\/vc_column_inner][\/vc_row_inner][\/vc_column][\/vc_row][vc_row full_width=&#8221;stretch_row_content&#8221;][vc_column][vc_row_inner el_class=&#8221;bcs-container&#8221;][vc_column_inner][vc_custom_heading text=&#8221;L\u00fd do b\u1ea1n s\u1ebd mu\u1ed1n \u0111\u1ed3ng h\u00e0nh c\u00f9ng ch\u00fang t\u00f4i&#8221; font_container=&#8221;tag:h4|text_align:left|color:%23005490&#8243; use_theme_fonts=&#8221;yes&#8221; css=&#8221;&#8221; el_class=&#8221;bcs-container&#8221;][vc_column_text css=&#8221;&#8221;]T\u1ea1i ISHCMC, ch\u00fang t\u00f4i x\u00e2y d\u1ef1ng m\u00f4i tr\u01b0\u1eddng \u0111a v\u0103n h\u00f3a v\u00e0 ch\u00e0o \u0111\u00f3n \u0111\u1ed9i ng\u0169 nh\u00e2n vi\u00ean \u0111\u1ebfn t\u1eeb nhi\u1ec1u qu\u1ed1c t\u1ecbch, n\u1ec1n v\u0103n h\u00f3a v\u00e0 quan \u0111i\u1ec3m kh\u00e1c nhau. Tham gia \u0111\u1ed9i ng\u0169 ISHCMC, b\u1ea1n s\u1ebd c\u00f3 c\u01a1 h\u1ed9i g\u1eb7p g\u1ee1 v\u00e0 chia s\u1ebb kinh nghi\u1ec7m v\u1edbi c\u00e1c \u0111\u1ed3ng nghi\u1ec7p t\u1eeb kh\u1eafp n\u01a1i tr\u00ean th\u1ebf gi\u1edbi. V\u1edbi v\u0103n h\u00f3a quan t\u00e2m v\u00e0 h\u1ed7 tr\u1ee3, ch\u00fang t\u00f4i cam k\u1ebft mang \u0111\u1ebfn cho b\u1ea1n c\u1ea3m gi\u00e1c \u0111\u01b0\u1ee3c tr\u00e2n tr\u1ecdng v\u00e0 l\u00e0 m\u1ed9t ph\u1ea7n quan tr\u1ecdng c\u1ee7a c\u1ed9ng \u0111\u1ed3ng.<\/p>\n<p>T\u1ef7 l\u1ec7 gi\u1eef ch\u00e2n nh\u00e2n s\u1ef1 ng\u00e0y c\u00e0ng t\u0103ng l\u00e0 minh ch\u1ee9ng r\u00f5 r\u00e0ng cho cam k\u1ebft c\u1ee7a ch\u00fang t\u00f4i trong vi\u1ec7c t\u1ea1o d\u1ef1ng m\u00f4i tr\u01b0\u1eddng l\u00e0m vi\u1ec7c \u1ed5n \u0111\u1ecbnh v\u00e0 \u0111\u1ea7y c\u1ea3m h\u1ee9ng t\u1ea1i ISHCMC. Ch\u00ednh v\u00ec v\u1eady, ISHCMC t\u1ef1 h\u00e0o l\u00e0 m\u1ed9t trong nh\u1eefng m\u00f4i tr\u01b0\u1eddng l\u00e0m vi\u1ec7c l\u00fd t\u01b0\u1edfng h\u00e0ng \u0111\u1ea7u tr\u00ean th\u1ebf gi\u1edbi.[\/vc_column_text][\/vc_column_inner][\/vc_row_inner][\/vc_column][\/vc_row][vc_row full_width=&#8221;stretch_row_content&#8221;][vc_column][vc_row_inner el_class=&#8221;bcs-container&#8221;][vc_column_inner][vc_custom_heading text=&#8221;C\u00e1ch th\u1ee9c \u1ee9ng tuy\u1ec3n&#8221; font_container=&#8221;tag:h4|text_align:left|color:%23005490&#8243; use_theme_fonts=&#8221;yes&#8221; css=&#8221;&#8221; el_class=&#8221;bcs-container&#8221;][vc_column_text css=&#8221;&#8221;]<span style=\"font-weight: 400\">T\u1ea5t c\u1ea3 c\u01a1 h\u1ed9i vi\u1ec7c l\u00e0m hi\u1ec7n t\u1ea1i \u0111\u1ec1u \u0111\u01b0\u1ee3c \u0111\u0103ng tr\u00ean <\/span><b>H\u1ec7 th\u1ed1ng Qu\u1ea3n l\u00fd \u1ee8ng vi\u00ean (ATS).<\/b><span style=\"font-weight: 400\">. \u0110\u1ec3 c\u00f3 tr\u1ea3i nghi\u1ec7m t\u1ed1t nh\u1ea5t v\u00e0 quy tr\u00ecnh \u1ee9ng tuy\u1ec3n thu\u1eadn ti\u1ec7n, \u1ee9ng vi\u00ean vui l\u00f2ng n\u1ed9p h\u1ed3 s\u01a1 tr\u1ef1c ti\u1ebfp qua Trang Tuy\u1ec3n d\u1ee5ng Cognita.<\/span>[\/vc_column_text][\/vc_column_inner][\/vc_row_inner][\/vc_column][\/vc_row][vc_row el_class=&#8221;bcs-container&#8221; css=&#8221;.vc_custom_1740484237694{margin-top: -10px !important;}&#8221;][vc_column]\t\t<div class=\"ng-spacing \">\n\t\t\t<div class=\"ng-spacing-empty ng-spacing-md\" style=\"height: 20px\"><\/div>\n\t\t\t<div class=\"ng-spacing-empty ng-spacing-sm\" style=\"height: 20px\"><\/div>\n\t\t\t<div class=\"ng-spacing-empty ng-spacing-xs\" style=\"height: 20px\"><\/div>\n\t\t<\/div>\n\t[vc_btn title=&#8221;TRANG TUY\u1ec2N D\u1ee4NG&#8221; color=&#8221;peacoc&#8221; size=&#8221;sm&#8221; css=&#8221;.vc_custom_1745562396627{margin-top: -20px !important;}&#8221; link=&#8221;url:https%3A%2F%2Fcognitapeople.csod.com%2Fux%2Fats%2Fcareersite%2F1%2Fhome%3Fc%3Dcognitapeople%26source%3DIntHoChiMinhCity|target:_blank&#8221;]\t\t<div class=\"ng-spacing \">\n\t\t\t<div class=\"ng-spacing-empty ng-spacing-md\" style=\"height: 20px\"><\/div>\n\t\t\t<div class=\"ng-spacing-empty ng-spacing-sm\" style=\"height: 20px\"><\/div>\n\t\t\t<div class=\"ng-spacing-empty ng-spacing-xs\" style=\"height: 20px\"><\/div>\n\t\t<\/div>\n\t[\/vc_column][\/vc_row][vc_row full_width=&#8221;stretch_row_content&#8221;][vc_column][vc_row_inner el_class=&#8221;bcs-container&#8221;][vc_column_inner][vc_column_text css=&#8221;&#8221;]<span style=\"font-weight: 400\">C\u00e1c v\u1ecb tr\u00ed tuy\u1ec3n d\u1ee5ng c\u00f2n c\u00f3 th\u1ec3 \u0111\u01b0\u1ee3c \u0111\u0103ng t\u1ea3i<\/span><span style=\"font-weight: 400\"> tr\u00ean Schrole\/TES (cho c\u00e1c v\u1ecb tr\u00ed h\u1ecdc thu\u1eadt) ho\u1eb7c LinkedIn (cho c\u00e1c v\u1ecb tr\u00ed v\u1eadn h\u00e0nh).<\/span>[\/vc_column_text][\/vc_column_inner][\/vc_row_inner][\/vc_column][\/vc_row][vc_row full_width=&#8221;stretch_row_content&#8221;][vc_column][vc_row_inner el_class=&#8221;bcs-container&#8221;][vc_column_inner][vc_column_text]C\u00e1c tr\u01b0\u1eddng thu\u1ed9c T\u1eadp \u0111o\u00e0n Cognita cam k\u1ebft b\u1ea3o v\u1ec7 v\u00e0 th\u00fac \u0111\u1ea9y ph\u00fac l\u1ee3i c\u1ee7a tr\u1ebb em v\u00e0 thanh thi\u1ebfu ni\u00ean, v\u00e0 y\u00eau c\u1ea7u t\u1ea5t c\u1ea3 nh\u00e2n vi\u00ean, t\u00ecnh nguy\u1ec7n vi\u00ean v\u00e0 c\u00e1c b\u00ean th\u1ee9 ba c\u00f9ng cam k\u1ebft. Quy tr\u00ecnh tuy\u1ec3n d\u1ee5ng an to\u00e0n v\u00e0 ki\u1ec3m tra l\u00fd l\u1ecbch tr\u01b0\u1edbc khi tuy\u1ec3n d\u1ee5ng s\u1ebd \u0111\u01b0\u1ee3c th\u1ef1c hi\u1ec7n tr\u01b0\u1edbc khi x\u00e1c nh\u1eadn b\u1ea5t k\u1ef3 v\u1ecb tr\u00ed n\u00e0o.[\/vc_column_text][\/vc_column_inner][\/vc_row_inner][\/vc_column][\/vc_row][vc_row full_width=&#8221;stretch_row_content&#8221; css=&#8221;.vc_custom_1699347024415{background: #0094bb url(https:\/\/www.ishcmc.com\/wp-content\/uploads\/sites\/4\/2023\/04\/Asset-8.png?id=10175) !important;background-position: center !important;background-repeat: no-repeat !important;background-size: cover !important;}&#8221;][vc_column]\t\t<div class=\"ng-spacing \">\n\t\t\t<div class=\"ng-spacing-empty ng-spacing-md\" style=\"height: 40px\"><\/div>\n\t\t\t<div class=\"ng-spacing-empty ng-spacing-sm\" style=\"height: 40px\"><\/div>\n\t\t\t<div class=\"ng-spacing-empty ng-spacing-xs\" style=\"height: 20px\"><\/div>\n\t\t<\/div>\n\t[vc_custom_heading text=&#8221;Li\u00ean h\u1ec7 v\u1edbi ch\u00fang t\u00f4i&#8221; font_container=&#8221;tag:h4|font_size:24px|text_align:center|color:%23ffffff|line_height:32px&#8221; use_theme_fonts=&#8221;yes&#8221; css=&#8221;&#8221; el_class=&#8221;bcs-container&#8221;][vc_column_text css=&#8221;&#8221;]<\/p>\n<h4 style=\"text-align: center;color: #fff\"><span style=\"font-weight: 400\">N\u1ebfu b\u1ea1n c\u00f3 b\u1ea5t k\u1ef3 c\u00e2u h\u1ecfi ho\u1eb7c c\u1ea7n h\u1ed7 tr\u1ee3, vui l\u00f2ng li\u00ean h\u1ec7 v\u1edbi ph\u00f2ng Nh\u00e2n s\u1ef1 qua \u0111\u1ecba ch\u1ec9 email <\/span><strong>[HumanResources@ishcmc.edu.vn<\/strong><span style=\"font-weight: 400\"><strong>].<\/strong> Ch\u00fang t\u00f4i lu\u00f4n s\u1eb5n s\u00e0ng h\u1ed7 tr\u1ee3 b\u1ea1n.<\/span><\/h4>\n<p>[\/vc_column_text]\t\t<div class=\"ng-spacing \">\n\t\t\t<div class=\"ng-spacing-empty ng-spacing-md\" style=\"height: 40px\"><\/div>\n\t\t\t<div class=\"ng-spacing-empty ng-spacing-sm\" style=\"height: 40px\"><\/div>\n\t\t\t<div class=\"ng-spacing-empty ng-spacing-xs\" style=\"height: 20px\"><\/div>\n\t\t<\/div>\n\t[\/vc_column][\/vc_row][vc_row full_width=&#8221;stretch_row&#8221; css=&#8221;.vc_custom_1650432722455{padding-top: 58px !important;padding-bottom: 73px !important;background-color: #f9fafb !important;}&#8221; el_class=&#8221;also-checkout&#8221;][vc_column][vc_raw_html css=&#8221;&#8221;]JTVCdmNfY29udGVudCUyMGlkJTNEJTIyMjgyMzIlMjIlNUQ=[\/vc_raw_html][\/vc_column][\/vc_row][vc_row][vc_column][vc_column_text][\/vc_column_text][\/vc_column][\/vc_row]<\/p>\n<\/div>","protected":false},"excerpt":{"rendered":"<p>[vc_row full_width=&#8221;stretch_row_content_no_spaces&#8221; css=&#8221;.vc_custom_1747709741308{background-image: url(https:\/\/www.ishcmc.com\/wp-content\/uploads\/sites\/20\/2025\/05\/Homepage-Banner-1920-x-600-px-1.png?id=21605) !important;background-position: center !important;background-repeat: no-repeat !important;background-size: cover !important;}&#8221;][vc_column][\/vc_column][\/vc_row][vc_row full_width=&#8221;stretch_row&#8221; content_placement=&#8221;middle&#8221; css=&#8221;.vc_custom_1698909741704{padding-top: 0px !important;padding-bottom: 0px !important;background: #005490 url(https:\/\/www.ishcmc.com\/wp-content\/uploads\/sites\/4\/2023\/04\/Asset-5.png?id=10172) !important;background-position: center !important;background-repeat: no-repeat !important;background-size: cover !important;}&#8221;][vc_column][vc_custom_heading text=&#8221;Gia nh\u1eadp C\u1ed9ng \u0111\u1ed3ng Gi\u00e1o d\u1ee5c ISHCMC&#8221; font_container=&#8221;tag:h1|font_size:56px|text_align:center|color:%23ffffff|line_height:64px&#8221; use_theme_fonts=&#8221;yes&#8221; css=&#8221;&#8221; el_class=&#8221;top-heading&#8221;][\/vc_column][\/vc_row][vc_row full_width=&#8221;stretch_row_content&#8221; css_animation=&#8221;fadeInDown&#8221; css=&#8221;.vc_custom_1747289522747{background-color: #EFF9FE !important;background-position: center !important;background-repeat: no-repeat !important;background-size: cover !important;}&#8221;][vc_column][vc_icon icon_fontawesome=&#8221;fas fa-quote-left&#8221; color=&#8221;custom&#8221; size=&#8221;xl&#8221; css=&#8221;.vc_custom_1747289610273{margin-top: 35px [&hellip;]<\/p>\n","protected":false},"author":32,"featured_media":0,"parent":30799,"menu_order":8,"comment_status":"closed","ping_status":"closed","template":"redux-templates_full_width","meta":{"_acf_changed":false,"footnotes":""},"class_list":["post-28168","page","type-page","status-publish","hentry"],"acf":[],"yoast_head":"<!-- This site is optimized with the Yoast SEO plugin v27.3 - https:\/\/yoast.com\/product\/yoast-seo-wordpress\/ -->\n<title>C\u01a1 h\u1ed9i ngh\u1ec1 nghi\u1ec7p | Tr\u01b0\u1eddng Qu\u1ed1c t\u1ebf H\u1ed3 Ch\u00ed Minh (ISHCMC)<\/title>\n<meta name=\"description\" content=\"Kh\u00e1m ph\u00e1 c\u01a1 h\u1ed9i ngh\u1ec1 nghi\u1ec7p t\u1ea1i ISHCMC, m\u00f4i tr\u01b0\u1eddng l\u00e0m vi\u1ec7c qu\u1ed1c t\u1ebf, h\u1ed7 tr\u1ee3 ph\u00e1t tri\u1ec3n ngh\u1ec1 nghi\u1ec7p v\u00e0 \u0111\u1ed3ng h\u00e0nh c\u00f9ng \u0111\u1ed9i ng\u0169 ISHCMC.\" \/>\n<meta name=\"robots\" content=\"index, follow, max-snippet:-1, max-image-preview:large, max-video-preview:-1\" \/>\n<link rel=\"canonical\" href=\"https:\/\/www.ishcmc.com\/vi\/about-us\/tuyen-dung-tai-ishcmc\/\" \/>\n<meta property=\"og:locale\" content=\"vi_VN\" \/>\n<meta property=\"og:type\" content=\"article\" \/>\n<meta property=\"og:title\" content=\"C\u01a1 h\u1ed9i ngh\u1ec1 nghi\u1ec7p | Tr\u01b0\u1eddng Qu\u1ed1c t\u1ebf H\u1ed3 Ch\u00ed Minh (ISHCMC)\" \/>\n<meta property=\"og:description\" content=\"Kh\u00e1m ph\u00e1 c\u01a1 h\u1ed9i ngh\u1ec1 nghi\u1ec7p t\u1ea1i ISHCMC, m\u00f4i tr\u01b0\u1eddng l\u00e0m vi\u1ec7c qu\u1ed1c t\u1ebf, h\u1ed7 tr\u1ee3 ph\u00e1t tri\u1ec3n ngh\u1ec1 nghi\u1ec7p v\u00e0 \u0111\u1ed3ng h\u00e0nh c\u00f9ng \u0111\u1ed9i ng\u0169 ISHCMC.\" \/>\n<meta property=\"og:url\" content=\"https:\/\/www.ishcmc.com\/vi\/about-us\/tuyen-dung-tai-ishcmc\/\" \/>\n<meta property=\"og:site_name\" content=\"ISHCMC\" \/>\n<meta property=\"article:publisher\" content=\"https:\/\/www.facebook.com\/ISHCMC\/\" \/>\n<meta property=\"article:modified_time\" content=\"2025-12-22T06:59:14+00:00\" \/>\n<meta name=\"twitter:card\" content=\"summary_large_image\" \/>\n<meta name=\"twitter:site\" content=\"@ishcmc\" \/>\n<meta name=\"twitter:label1\" content=\"Est. reading time\" \/>\n\t<meta name=\"twitter:data1\" content=\"4 minutes\" \/>\n<!-- \/ Yoast SEO plugin. -->","yoast_head_json":{"title":"C\u01a1 h\u1ed9i ngh\u1ec1 nghi\u1ec7p | Tr\u01b0\u1eddng Qu\u1ed1c t\u1ebf H\u1ed3 Ch\u00ed Minh (ISHCMC)","description":"Kh\u00e1m ph\u00e1 c\u01a1 h\u1ed9i ngh\u1ec1 nghi\u1ec7p t\u1ea1i ISHCMC, m\u00f4i tr\u01b0\u1eddng l\u00e0m vi\u1ec7c qu\u1ed1c t\u1ebf, h\u1ed7 tr\u1ee3 ph\u00e1t tri\u1ec3n ngh\u1ec1 nghi\u1ec7p v\u00e0 \u0111\u1ed3ng h\u00e0nh c\u00f9ng \u0111\u1ed9i ng\u0169 ISHCMC.","robots":{"index":"index","follow":"follow","max-snippet":"max-snippet:-1","max-image-preview":"max-image-preview:large","max-video-preview":"max-video-preview:-1"},"canonical":"https:\/\/www.ishcmc.com\/vi\/about-us\/tuyen-dung-tai-ishcmc\/","og_locale":"vi_VN","og_type":"article","og_title":"C\u01a1 h\u1ed9i ngh\u1ec1 nghi\u1ec7p | Tr\u01b0\u1eddng Qu\u1ed1c t\u1ebf H\u1ed3 Ch\u00ed Minh (ISHCMC)","og_description":"Kh\u00e1m ph\u00e1 c\u01a1 h\u1ed9i ngh\u1ec1 nghi\u1ec7p t\u1ea1i ISHCMC, m\u00f4i tr\u01b0\u1eddng l\u00e0m vi\u1ec7c qu\u1ed1c t\u1ebf, h\u1ed7 tr\u1ee3 ph\u00e1t tri\u1ec3n ngh\u1ec1 nghi\u1ec7p v\u00e0 \u0111\u1ed3ng h\u00e0nh c\u00f9ng \u0111\u1ed9i ng\u0169 ISHCMC.","og_url":"https:\/\/www.ishcmc.com\/vi\/about-us\/tuyen-dung-tai-ishcmc\/","og_site_name":"ISHCMC","article_publisher":"https:\/\/www.facebook.com\/ISHCMC\/","article_modified_time":"2025-12-22T06:59:14+00:00","twitter_card":"summary_large_image","twitter_site":"@ishcmc","twitter_misc":{"Est. reading time":"4 minutes"},"schema":{"@context":"https:\/\/schema.org","@graph":[{"@type":"WebPage","@id":"https:\/\/www.ishcmc.com\/vi\/about-us\/tuyen-dung-tai-ishcmc\/","url":"https:\/\/www.ishcmc.com\/vi\/about-us\/tuyen-dung-tai-ishcmc\/","name":"C\u01a1 h\u1ed9i ngh\u1ec1 nghi\u1ec7p | Tr\u01b0\u1eddng Qu\u1ed1c t\u1ebf H\u1ed3 Ch\u00ed Minh (ISHCMC)","isPartOf":{"@id":"https:\/\/www.ishcmc.com\/vi\/#website"},"datePublished":"2025-09-18T04:21:11+00:00","dateModified":"2025-12-22T06:59:14+00:00","description":"Kh\u00e1m ph\u00e1 c\u01a1 h\u1ed9i ngh\u1ec1 nghi\u1ec7p t\u1ea1i ISHCMC, m\u00f4i tr\u01b0\u1eddng l\u00e0m vi\u1ec7c qu\u1ed1c t\u1ebf, h\u1ed7 tr\u1ee3 ph\u00e1t tri\u1ec3n ngh\u1ec1 nghi\u1ec7p v\u00e0 \u0111\u1ed3ng h\u00e0nh c\u00f9ng \u0111\u1ed9i ng\u0169 ISHCMC.","breadcrumb":{"@id":"https:\/\/www.ishcmc.com\/vi\/about-us\/tuyen-dung-tai-ishcmc\/#breadcrumb"},"inLanguage":"vi-VN","potentialAction":[{"@type":"ReadAction","target":["https:\/\/www.ishcmc.com\/vi\/about-us\/tuyen-dung-tai-ishcmc\/"]}]},{"@type":"BreadcrumbList","@id":"https:\/\/www.ishcmc.com\/vi\/about-us\/tuyen-dung-tai-ishcmc\/#breadcrumb","itemListElement":[{"@type":"ListItem","position":1,"name":"Home","item":"https:\/\/www.ishcmc.com\/vi\/"},{"@type":"ListItem","position":2,"name":"T\u1ed4NG QUAN","item":"https:\/\/www.ishcmc.com\/vi\/about-us\/"},{"@type":"ListItem","position":3,"name":"Tuy\u1ec3n d\u1ee5ng t\u1ea1i ISHCMC"}]},{"@type":"WebSite","@id":"https:\/\/www.ishcmc.com\/vi\/#website","url":"https:\/\/www.ishcmc.com\/vi\/","name":"ISHCMC","description":"The first international school in Ho Chi Minh City","publisher":{"@id":"https:\/\/www.ishcmc.com\/vi\/#organization"},"potentialAction":[{"@type":"SearchAction","target":{"@type":"EntryPoint","urlTemplate":"https:\/\/www.ishcmc.com\/vi\/?s={search_term_string}"},"query-input":{"@type":"PropertyValueSpecification","valueRequired":true,"valueName":"search_term_string"}}],"inLanguage":"vi-VN"},{"@type":"Organization","@id":"https:\/\/www.ishcmc.com\/vi\/#organization","name":"ISHCMC","alternateName":"International School Ho Chi Minh City","url":"https:\/\/www.ishcmc.com\/vi\/","logo":{"@type":"ImageObject","inLanguage":"vi-VN","@id":"https:\/\/www.ishcmc.com\/vi\/#\/schema\/logo\/image\/","url":"https:\/\/www.ishcmc.com\/wp-content\/uploads\/sites\/20\/2022\/03\/ISHCMC-Logo-BW-outline-1-200x200-1.webp","contentUrl":"https:\/\/www.ishcmc.com\/wp-content\/uploads\/sites\/20\/2022\/03\/ISHCMC-Logo-BW-outline-1-200x200-1.webp","width":200,"height":200,"caption":"ISHCMC"},"image":{"@id":"https:\/\/www.ishcmc.com\/vi\/#\/schema\/logo\/image\/"},"sameAs":["https:\/\/www.facebook.com\/ISHCMC\/","https:\/\/x.com\/ishcmc","https:\/\/www.instagram.com\/internationalschoolhcmc\/","https:\/\/vn.linkedin.com\/school\/international-school-ho-chi-minh-city\/","https:\/\/g.co\/kgs\/VoH1TWG","https:\/\/g.co\/kgs\/jX8fji8"]}]}},"jetpack_sharing_enabled":true,"jetpack_shortlink":"https:\/\/wp.me\/Pggbcv-7kk","_links":{"self":[{"href":"https:\/\/www.ishcmc.com\/vi\/wp-json\/wp\/v2\/pages\/28168","targetHints":{"allow":["GET"]}}],"collection":[{"href":"https:\/\/www.ishcmc.com\/vi\/wp-json\/wp\/v2\/pages"}],"about":[{"href":"https:\/\/www.ishcmc.com\/vi\/wp-json\/wp\/v2\/types\/page"}],"author":[{"embeddable":true,"href":"https:\/\/www.ishcmc.com\/vi\/wp-json\/wp\/v2\/users\/32"}],"replies":[{"embeddable":true,"href":"https:\/\/www.ishcmc.com\/vi\/wp-json\/wp\/v2\/comments?post=28168"}],"version-history":[{"count":11,"href":"https:\/\/www.ishcmc.com\/vi\/wp-json\/wp\/v2\/pages\/28168\/revisions"}],"predecessor-version":[{"id":33939,"href":"https:\/\/www.ishcmc.com\/vi\/wp-json\/wp\/v2\/pages\/28168\/revisions\/33939"}],"up":[{"embeddable":true,"href":"https:\/\/www.ishcmc.com\/vi\/wp-json\/wp\/v2\/pages\/30799"}],"wp:attachment":[{"href":"https:\/\/www.ishcmc.com\/vi\/wp-json\/wp\/v2\/media?parent=28168"}],"curies":[{"name":"wp","href":"https:\/\/api.w.org\/{rel}","templated":true}]}}